{"id":2441,"date":"2023-05-07T17:05:30","date_gmt":"2023-05-07T17:05:30","guid":{"rendered":"https:\/\/leafbiodiversity.eu\/obuka-za-trenere\/"},"modified":"2024-03-18T15:09:27","modified_gmt":"2024-03-18T15:09:27","slug":"obuka-za-trenere","status":"publish","type":"page","link":"https:\/\/leafbiodiversity.eu\/sr\/aktivnosti\/obuka-za-trenere\/","title":{"rendered":"OBUKA ZA TRENERE"},"content":{"rendered":"<p>[et_pb_section fb_built=&#8220;1&#8243; _builder_version=&#8220;4.20.4&#8243; _module_preset=&#8220;default&#8220; global_colors_info=&#8220;{}&#8220;][et_pb_row _builder_version=&#8220;4.20.4&#8243; _module_preset=&#8220;default&#8220; global_colors_info=&#8220;{}&#8220;][et_pb_column type=&#8220;4_4&#8243; _builder_version=&#8220;4.20.4&#8243; _module_preset=&#8220;default&#8220; global_colors_info=&#8220;{}&#8220;][et_pb_text _builder_version=&#8220;4.20.4&#8243; _module_preset=&#8220;default&#8220; global_colors_info=&#8220;{}&#8220;]<\/p>\n<h1 style=\"text-align: center;\"><b>OBUKA ZA TRENERE<\/b><\/h1>\n<p>[\/et_pb_text][et_pb_gallery gallery_ids=&#8220;1994,2001,2008,2015&#8243; _builder_version=&#8220;4.23.1&#8243; _module_preset=&#8220;default&#8220; hover_enabled=&#8220;0&#8243; global_colors_info=&#8220;{}&#8220; sticky_enabled=&#8220;0&#8243; show_title_and_caption=&#8220;off&#8220;][\/et_pb_gallery][et_pb_text _builder_version=&#8220;4.23.1&#8243; _module_preset=&#8220;default&#8220; global_colors_info=&#8220;{}&#8220;]<\/p>\n<h2><span data-contrast=\"none\">Obuka za trenere u organizaciji MENC (RO), u novembru 2023<\/span><span data-ccp-props=\"{\"201341983\":0,\"335551550\":6,\"335551620\":6,\"335559739\":0,\"335559740\":240}\"> <\/span><\/h2>\n<p><span data-contrast=\"auto\">U obukama su u\u010destvovali eksperti svih partnerskih organizacija koji su obu\u010davali ostale u\u010desnike tokom radionica koje su imale sledec\u0301e teme: Klimatske promene i urbani biodiverzitet (Modul napravljen od strane ENERGIES2050), Za\u0161tic\u0301ena prirodna podru\u010dja (Modul napravljen od strane PLATON), Urbani parkovi i \u0161ume (Modul razvijen od strane MENC), Biodiverzitet vode (Modul napravljen od strane LINKGroup), <\/span><span data-contrast=\"none\">Ja\u010danje digitalnih ve\u0161tina nastavnika (Modul napravljen od strane Dlearn), Saradnja sa lokalnom zajednicom (Modul napravljen od strane PASBS).<\/span><span data-ccp-props=\"{\"201341983\":0,\"335551550\":6,\"335551620\":6,\"335559739\":0,\"335559740\":240}\"> <\/span><\/p>\n<p><span data-contrast=\"auto\">Nastavnici igraju klju\u010dnu ulogu u podr\u0161ci razvoju u\u010deni\u010dkih postignu\u0107a i klju\u010dni su nosioci promena u razvoju \u0161kole. Na\u0161 projekat podsti\u010de transformaciju \u0161kola u \u201eorganizacije za otvoreno u\u010denje\u201c, omoguc\u0301avajuc\u0301i nastavnicima i rukovodiocima \u0161kola da istovremeno unaprede svoje pedago\u0161ke i organizacione prakse kroz lokalno saradni\u010dko istra\u017eivanje, umre\u017eavanje i kontinuirani profesionalni razvoj. Obu\u010davajuc\u0301i nastavnike za servisno u\u010denje, LEAF projekat doprinosi razvoju \u0161kolskog rukovodstva i ja\u010danju odnosa \u0161kole sa lokalnom zajednicom. <\/span><span data-ccp-props=\"{\"201341983\":0,\"335551550\":6,\"335551620\":6,\"335559739\":0,\"335559740\":240}\"> <\/span><\/p>\n<p><span data-contrast=\"auto\">U\u010denje o biodiverzitetu se dobro implementira ne samo sa nastavnim planovima i programima biologije i geografije, vec\u0301 i sa drugim predmetima, posebno kada se u\u010denje odvija van u\u010dionice. Na primer, prac\u0301enje biodiverziteta pru\u017ea obilje podataka koji se mogu koristiti u u\u010dionici kao podr\u0161ka \u010dasovima matematike. Priroda je vekovima davala inspiraciju za poeziju, umetnost i knji\u017eevnost. \u0160tavi\u0161e, na nekom vi\u0161em nivou poma\u017ee u razvoju ekolo\u0161kog razmi\u0161ljanja i pristupa sistemskom razmi\u0161ljanju prou\u010davanjem lanaca unutar ekosistema i uticaja prirodnih procesa na ljudsko blagostanje.    <\/span><span data-ccp-props=\"{\"201341983\":0,\"335551550\":6,\"335551620\":6,\"335559739\":0,\"335559740\":240}\"> <\/span><\/p>\n<p><span data-contrast=\"auto\">Ova aktivnost je imala za cilj:<\/span><span data-ccp-props=\"{\"201341983\":0,\"335551550\":6,\"335551620\":6,\"335559739\":0,\"335559740\":240}\"> <\/span><\/p>\n<ul>\n<li><span data-contrast=\"auto\"> Kreirati novu metodologiju servisnog u\u010denja za srednje \u0161kole koja je usmerena na prac\u0301enje i za\u0161titu lokalnog biljnog biodiverziteta.<\/span><span data-ccp-props=\"{\"201341983\":0,\"335551550\":6,\"335551620\":6,\"335559739\":0,\"335559740\":240}\"><\/span><\/li>\n<li><span data-contrast=\"auto\"> Povec\u0301ati procenat evropskih biljnih sredina koje se redovno nadgledaju.<\/span><span data-ccp-props=\"{\"201341983\":0,\"335551550\":6,\"335551620\":6,\"335559739\":0,\"335559740\":240}\"><\/span><\/li>\n<li><span data-contrast=\"auto\"> Promovisati novi model inicijative gra\u0111anske nauke posvec\u0301ene biodiverzitetu biljaka u \u0161kolama;<\/span><span data-ccp-props=\"{\"201341983\":0,\"335551550\":6,\"335551620\":6,\"335559739\":0,\"335559740\":240}\"><\/span><\/li>\n<li><span data-contrast=\"auto\"> Pobolj\u0161ati kvalitet STEM u\u010denja za u\u010denike srednjih \u0161kola kroz inovativne metodologije zasnovane na projektima.<\/span><span data-ccp-props=\"{\"201341983\":0,\"335551550\":6,\"335551620\":6,\"335559739\":0,\"335559740\":240}\"><\/span><\/li>\n<li><span data-contrast=\"auto\"> Pove\u017eite nastavni plan i program u\u010denika i ciljeve u\u010denja sa stvarnim potrebama zajednice, prevazilaze\u0107i tako stari metod pasivnog u\u010denja gde u\u010denici samo dobijaju informacije od nastavnika, bez povratnih informacija ili prakti\u010dne primene.<\/span><span data-ccp-props=\"{\"201341983\":0,\"335551550\":6,\"335551620\":6,\"335559739\":0,\"335559740\":240}\"><\/span><\/li>\n<li><span data-contrast=\"auto\"> Povec\u0301ati anga\u017eovanje i u\u010de\u0161c\u0301e u\u010denika, \u010dime se boriti protiv ranog napu\u0161tanja \u0161kole.<\/span><span data-ccp-props=\"{\"201341983\":0,\"335551550\":6,\"335551620\":6,\"335559739\":0,\"335559740\":240}\"><\/span><\/li>\n<li><span data-contrast=\"auto\"> Promovisati aktivno gra\u0111anstvo, za\u0161titu \u017eivotne sredine, socijalnu inkluziju i uspostavljanje dugoro\u010dne strukturirane saradnje izme\u0111u \u0161kola i lokalnih aktera.<\/span><\/li>\n<\/ul>\n<p><span data-contrast=\"none\">Tako je na\u0161a obuka uspela da:<\/span><span data-ccp-props=\"{\"201341983\":0,\"335551550\":6,\"335551620\":6,\"335559739\":0,\"335559740\":240}\"> <\/span><\/p>\n<ol>\n<li><span data-contrast=\"none\"> Podr\u017eati razvoj kompetencija odr\u017eivosti u skladu sa Evropskim okvirom kompetencija za odr\u017eivost (GreenComp). To mo\u017ee u\u010diniti kroz inovativan i multidisciplinarni pristup podu\u010davanju koji promovi\u0161e gra\u0111anski anga\u017eman i iskustveno u\u010denje.<\/span><span data-ccp-props=\"{\"201341983\":0,\"335551550\":6,\"335551620\":6,\"335559739\":0,\"335559740\":240}\"><\/span><\/li>\n<li><span data-contrast=\"none\"> Podic\u0301i svest o zna\u010daju biodiverziteta i potrebi za\u0161tite prirode i promovisati zna\u010daj nauke gra\u0111ana za prac\u0301enje biljnog biodiverziteta. Kroz obrazovanje, projekat ima za cilj da u\u010dini nastavnike i u\u010denike nosiocima promena.<\/span><span data-ccp-props=\"{\"201341983\":0,\"335551550\":6,\"335551620\":6,\"335559739\":0,\"335559740\":240}\"><\/span><\/li>\n<li><span data-contrast=\"none\"> Omoguc\u0301ite nastavnicima jedinstvenu priliku za kontinuirani profesionalni razvoj da unaprede svoje ve\u0161tine u kori\u0161c\u0301enju inovativnog i multidisciplinarnog pristupa nastavi.<\/span><span data-ccp-props=\"{\"201341983\":0,\"335551550\":6,\"335551620\":6,\"335559739\":0,\"335559740\":240}\"><\/span><\/li>\n<\/ol>\n<p>[\/et_pb_text][\/et_pb_column][\/et_pb_row][\/et_pb_section][et_pb_section fb_built=&#8220;1&#8243; admin_label=&#8220;Footer&#8220; _builder_version=&#8220;4.20.4&#8243; _module_preset=&#8220;default&#8220; background_color=&#8220;#E0C588&#8243; background_enable_image=&#8220;off&#8220; background_size=&#8220;contain&#8220; background_position=&#8220;top_center&#8220; custom_padding=&#8220;||2px|||&#8220; background_last_edited=&#8220;on|tablet&#8220; background_size_tablet=&#8220;contain&#8220; background_position_tablet=&#8220;top_center&#8220; global_module=&#8220;54&#8243; saved_tabs=&#8220;all&#8220; collapsed=&#8220;on&#8220; global_colors_info=&#8220;{}&#8220;][et_pb_row column_structure=&#8220;1_3,1_3,1_3&#8243; use_custom_gutter=&#8220;on&#8220; gutter_width=&#8220;2&#8243; _builder_version=&#8220;4.20.0&#8243; _module_preset=&#8220;default&#8220; global_colors_info=&#8220;{}&#8220;][et_pb_column type=&#8220;1_3&#8243; _builder_version=&#8220;4.20.0&#8243; _module_preset=&#8220;default&#8220; custom_padding=&#8220;30px||30px||true|false&#8220; custom_padding_tablet=&#8220;0px||0px||true|false&#8220; custom_padding_phone=&#8220;0px||0px||true|false&#8220; custom_padding_last_edited=&#8220;on|phone&#8220; global_colors_info=&#8220;{}&#8220;][et_pb_image src=&#8220;https:\/\/leafbiodiversity.eu\/wp-content\/uploads\/2023\/04\/LogosBeneficairesErasmusRIGHT_EN-1000.jpg&#8220; title_text=&#8220;LogosBeneficairesErasmus+RIGHT_EN-1000&#8243; _builder_version=&#8220;4.20.4&#8243; _module_preset=&#8220;default&#8220; global_colors_info=&#8220;{}&#8220;][\/et_pb_image][et_pb_text _builder_version=&#8220;4.21.0&#8243; _module_preset=&#8220;default&#8220; text_font_size=&#8220;12px&#8220; text_line_height=&#8220;1.5em&#8220; global_colors_info=&#8220;{}&#8220;]<\/p>\n<p><span style=\"font-weight: 400;\">Ovaj projekat je sufinansiran uz podr\u0161ku Evropske komisije. Ova komunikacija odra\u017eava stavove samo autora, a Komisija se ne mo\u017ee smatrati odgovornom za to<\/span><\/p>\n<p><span style=\"font-weight: 400;\">Project N\u00b0:2022-1-RO01-KA220-SCH-000086884<\/span><\/p>\n<p>[\/et_pb_text][\/et_pb_column][et_pb_column type=&#8220;1_3&#8243; _builder_version=&#8220;4.20.0&#8243; _module_preset=&#8220;default&#8220; custom_padding=&#8220;30px||30px||true|false&#8220; custom_padding_tablet=&#8220;0px||0px||true|false&#8220; custom_padding_phone=&#8220;0px||0px||true|false&#8220; custom_padding_last_edited=&#8220;on|phone&#8220; global_colors_info=&#8220;{}&#8220;][et_pb_text _builder_version=&#8220;4.20.4&#8243; _module_preset=&#8220;d66abf77-cee8-41a0-a950-711cacee6424&#8243; header_text_align_tablet=&#8220;&#8220; header_text_align_phone=&#8220;&#8220; header_text_align_last_edited=&#8220;on|phone&#8220; header_font_size_tablet=&#8220;&#8220; header_font_size_phone=&#8220;&#8220; header_font_size_last_edited=&#8220;on|phone&#8220; text_orientation_tablet=&#8220;&#8220; text_orientation_phone=&#8220;center&#8220; text_orientation_last_edited=&#8220;on|phone&#8220; locked=&#8220;off&#8220; global_colors_info=&#8220;{}&#8220;]<\/p>\n<h5>Pratite nas<\/h5>\n<p>[\/et_pb_text][et_pb_social_media_follow icon_color=&#8220;#95AD33&#8243; use_icon_font_size=&#8220;on&#8220; icon_font_size=&#8220;14px&#8220; _builder_version=&#8220;4.21.0&#8243; _module_preset=&#8220;default&#8220; text_orientation=&#8220;left&#8220; text_orientation_tablet=&#8220;center&#8220; text_orientation_phone=&#8220;&#8220; text_orientation_last_edited=&#8220;on|phone&#8220; border_radii=&#8220;on|100px|100px|100px|100px&#8220; global_colors_info=&#8220;{}&#8220;][et_pb_social_media_follow_network social_network=&#8220;facebook&#8220; url=&#8220;https:\/\/www.facebook.com\/leafbiodiversity&#8220; _builder_version=&#8220;4.21.0&#8243; _module_preset=&#8220;default&#8220; background_color=&#8220;#EFE8D7&#8243; background_enable_color=&#8220;on&#8220; custom_padding=&#8220;4px|4px|4px|4px|true|true&#8220; global_colors_info=&#8220;{}&#8220; follow_button=&#8220;off&#8220; url_new_window=&#8220;on&#8220;]facebook[\/et_pb_social_media_follow_network][et_pb_social_media_follow_network social_network=&#8220;instagram&#8220; url=&#8220;https:\/\/www.instagram.com\/leafbiodiversity&#8220; _builder_version=&#8220;4.21.0&#8243; _module_preset=&#8220;default&#8220; background_color=&#8220;#EFE8D7&#8243; background_enable_color=&#8220;on&#8220; custom_padding=&#8220;4px|4px|4px|4px|true|true&#8220; global_colors_info=&#8220;{%22gcid-cc1e7daa-e7a2-44d1-a6d4-86221a549f5c%22:%91%22background_color%22,%22background_color%22%93}&#8220; follow_button=&#8220;off&#8220; url_new_window=&#8220;on&#8220;]instagram[\/et_pb_social_media_follow_network][\/et_pb_social_media_follow][\/et_pb_column][et_pb_column type=&#8220;1_3&#8243; _builder_version=&#8220;4.20.0&#8243; _module_preset=&#8220;default&#8220; custom_padding=&#8220;30px||30px||true|false&#8220; custom_padding_tablet=&#8220;&#8220; custom_padding_phone=&#8220;0px||0px||true|false&#8220; custom_padding_last_edited=&#8220;on|phone&#8220; global_colors_info=&#8220;{}&#8220;][et_pb_text _builder_version=&#8220;4.20.4&#8243; _module_preset=&#8220;d66abf77-cee8-41a0-a950-711cacee6424&#8243; header_5_font_size_tablet=&#8220;&#8220; header_5_font_size_phone=&#8220;&#8220; header_5_font_size_last_edited=&#8220;on|phone&#8220; locked=&#8220;off&#8220; global_colors_info=&#8220;{}&#8220;]<\/p>\n<h5>Kontakt<\/h5>\n<p>[\/et_pb_text][et_pb_blurb title=&#8220;daniela.melisch@cneminescu.ro&#8220; url=&#8220;mailto:daniela.melisch@cneminescu.ro&#8220; use_icon=&#8220;on&#8220; font_icon=&#8220;&#xe010;||divi||400&#8243; icon_color=&#8220;#95AD33&#8243; image_icon_background_color=&#8220;#EFE8D7&#8243; icon_placement=&#8220;left&#8220; image_icon_width=&#8220;20px&#8220; _builder_version=&#8220;4.21.0&#8243; _module_preset=&#8220;default&#8220; header_line_height=&#8220;2em&#8220; image_icon_custom_padding=&#8220;8px|8px|8px|8px|true|true&#8220; link_option_url=&#8220;mailto:daniela.melisch@cneminescu.ro&#8220; border_radii_image=&#8220;on|33px|33px|33px|33px&#8220; global_colors_info=&#8220;{}&#8220;][\/et_pb_blurb][\/et_pb_column][\/et_pb_row][et_pb_row column_structure=&#8220;1_5,3_5,1_5&#8243; _builder_version=&#8220;4.20.0&#8243; _module_preset=&#8220;default&#8220; border_color_all=&#8220;rgba(94,94,78,0.2)&#8220; border_width_top=&#8220;1px&#8220; global_colors_info=&#8220;{}&#8220;][et_pb_column type=&#8220;1_5&#8243; _builder_version=&#8220;4.20.0&#8243; _module_preset=&#8220;default&#8220; global_colors_info=&#8220;{}&#8220;][\/et_pb_column][et_pb_column type=&#8220;3_5&#8243; _builder_version=&#8220;4.20.0&#8243; _module_preset=&#8220;default&#8220; custom_padding=&#8220;16px||||false|false&#8220; custom_padding_tablet=&#8220;0px||||false|false&#8220; custom_padding_phone=&#8220;&#8220; custom_padding_last_edited=&#8220;on|tablet&#8220; global_colors_info=&#8220;{}&#8220;][et_pb_text _builder_version=&#8220;4.20.4&#8243; _module_preset=&#8220;default&#8220; text_font=&#8220;|700|||||||&#8220; text_font_size=&#8220;13px&#8220; link_text_color=&#8220;#95AD33&#8243; text_orientation=&#8220;center&#8220; global_colors_info=&#8220;{}&#8220;]<\/p>\n<p>Developed by <a href=\"https:\/\/ignis.hr\" target=\"_blank\" rel=\"noopener\">IGNIS<\/a><\/p>\n<p>[\/et_pb_text][\/et_pb_column][et_pb_column type=&#8220;1_5&#8243; _builder_version=&#8220;4.20.0&#8243; _module_preset=&#8220;default&#8220; custom_padding=&#8220;6px||||false|false&#8220; custom_padding_tablet=&#8220;0px||||false|false&#8220; custom_padding_phone=&#8220;&#8220; custom_padding_last_edited=&#8220;on|tablet&#8220; global_colors_info=&#8220;{}&#8220;][\/et_pb_column][\/et_pb_row][\/et_pb_section]<\/p>\n","protected":false},"excerpt":{"rendered":"<p>OBUKA ZA TRENEREObuka za trenere u organizaciji MENC (RO), u novembru 2023 U obukama su u\u010destvovali eksperti svih partnerskih organizacija koji su obu\u010davali ostale u\u010desnike tokom radionica koje su imale sledec\u0301e teme: Klimatske promene i urbani biodiverzitet (Modul napravljen od strane ENERGIES2050), Za\u0161tic\u0301ena prirodna podru\u010dja (Modul napravljen od strane PLATON), Urbani parkovi i \u0161ume (Modul [&hellip;]<\/p>\n","protected":false},"author":1,"featured_media":0,"parent":2444,"menu_order":0,"comment_status":"closed","ping_status":"closed","template":"","meta":{"_et_pb_use_builder":"on","_et_pb_old_content":"","_et_gb_content_width":"","footnotes":""},"class_list":["post-2441","page","type-page","status-publish","hentry"],"_links":{"self":[{"href":"https:\/\/leafbiodiversity.eu\/sr\/wp-json\/wp\/v2\/pages\/2441","targetHints":{"allow":["GET"]}}],"collection":[{"href":"https:\/\/leafbiodiversity.eu\/sr\/wp-json\/wp\/v2\/pages"}],"about":[{"href":"https:\/\/leafbiodiversity.eu\/sr\/wp-json\/wp\/v2\/types\/page"}],"author":[{"embeddable":true,"href":"https:\/\/leafbiodiversity.eu\/sr\/wp-json\/wp\/v2\/users\/1"}],"replies":[{"embeddable":true,"href":"https:\/\/leafbiodiversity.eu\/sr\/wp-json\/wp\/v2\/comments?post=2441"}],"version-history":[{"count":2,"href":"https:\/\/leafbiodiversity.eu\/sr\/wp-json\/wp\/v2\/pages\/2441\/revisions"}],"predecessor-version":[{"id":2443,"href":"https:\/\/leafbiodiversity.eu\/sr\/wp-json\/wp\/v2\/pages\/2441\/revisions\/2443"}],"up":[{"embeddable":true,"href":"https:\/\/leafbiodiversity.eu\/sr\/wp-json\/wp\/v2\/pages\/2444"}],"wp:attachment":[{"href":"https:\/\/leafbiodiversity.eu\/sr\/wp-json\/wp\/v2\/media?parent=2441"}],"curies":[{"name":"wp","href":"https:\/\/api.w.org\/{rel}","templated":true}]}}