{"id":1969,"date":"2023-05-07T15:05:09","date_gmt":"2023-05-07T15:05:09","guid":{"rendered":"https:\/\/leafbiodiversity.eu\/rezultati\/leaf-akademija-kao-okruzenje-za-drustveno-ucenje\/"},"modified":"2023-12-01T09:31:11","modified_gmt":"2023-12-01T09:31:11","slug":"leaf-akademija-kao-okruzenje-za-drustveno-ucenje","status":"publish","type":"page","link":"https:\/\/leafbiodiversity.eu\/sr\/rezultati\/leaf-akademija-kao-okruzenje-za-drustveno-ucenje\/","title":{"rendered":"LEAF AKADEMIJA KAO OKRU\u017dENJE ZA DRU\u0160TVENO U\u010cENJE"},"content":{"rendered":"<p>[et_pb_section fb_built=&#8220;1&#8243; _builder_version=&#8220;4.20.4&#8243; _module_preset=&#8220;default&#8220; global_colors_info=&#8220;{}&#8220;][et_pb_row _builder_version=&#8220;4.20.4&#8243; _module_preset=&#8220;default&#8220; global_colors_info=&#8220;{}&#8220;][et_pb_column type=&#8220;4_4&#8243; _builder_version=&#8220;4.20.4&#8243; _module_preset=&#8220;default&#8220; global_colors_info=&#8220;{}&#8220;][et_pb_text _builder_version=&#8220;4.20.4&#8243; _module_preset=&#8220;default&#8220; hover_enabled=&#8220;0&#8243; global_colors_info=&#8220;{}&#8220; sticky_enabled=&#8220;0&#8243;]<\/p>\n<h1 style=\"text-align: center;\"><b>LEAF AKADEMIJA KAO OKRU\u017dENJE ZA DRU\u0160TVENO U\u010cENJE<\/b><\/h1>\n<p>[\/et_pb_text][et_pb_image src=&#8220;https:\/\/leafbiodiversity.eu\/wp-content\/uploads\/2023\/05\/life_style_working_25.jpg&#8220; title_text=&#8220;life_style_working_25&#8243; _builder_version=&#8220;4.20.4&#8243; _module_preset=&#8220;default&#8220; hover_enabled=&#8220;0&#8243; global_colors_info=&#8220;{}&#8220; sticky_enabled=&#8220;0&#8243;][\/et_pb_image][et_pb_text _builder_version=&#8220;4.20.4&#8243; _module_preset=&#8220;default&#8220; hover_enabled=&#8220;0&#8243; global_colors_info=&#8220;{}&#8220; sticky_enabled=&#8220;0&#8243;]<\/p>\n<p><span style=\"font-weight: 400;\">LEAF akademija \u0107e biti socijalno okru\u017eenje za u\u010denje: u\u010denici \u0107e biti opremljeni alatima za me\u0111usobnu saradnju, a u prostor za u\u010denje mogu pristupati prema sopstvenim potrebama. Njegov dizajn je razvijen na na\u010din koji podr\u017eava u\u010denje zasnovano na problemima i projektima, \u0161to zna\u010di da je anga\u017eman i uklju\u010denost korisnika i njihovo uklju\u010divanje glavni fokus funkcionalnosti platforme.<\/span><\/p>\n<p><span style=\"font-weight: 400;\">Socijalno okru\u017eenje za u\u010denje \u0107e tako\u0111e imati klju\u010dnu ulogu u deljenju rezultata eksperimenata, upotrebom WE-LAB, male prenosive laboratorije. Ovo uklju\u010duje video zapise u\u010denika koji koriste ovu opremu, najbolje prakse i ideje o projektima koji se mogu ostvariti kori\u0161\u0107enjem WE-LABa. Ovo korisnicima pru\u017ea konkretan primer kako izmestiti u\u010denje iz u\u010dionice, povezuju\u0107i aktivnosti sa \u0161kolskim nastavnim planom i programom. Cilj ove aktivnosti deljenja je klju\u010dan kako bi inspirisala nastavnike da sprovedu sli\u010dne projekte u svojim \u0161kolama i po\u010dnu primenjivati privla\u010dnije metode podu\u010davanja za u\u010denike, podsti\u010du\u0107i njihovu radoznalost i aktivno u\u010de\u0161\u0107e u nastavi.<\/span><\/p>\n<p>[\/et_pb_text][\/et_pb_column][\/et_pb_row][\/et_pb_section][et_pb_section fb_built=&#8220;1&#8243; admin_label=&#8220;Footer&#8220; _builder_version=&#8220;4.20.4&#8243; _module_preset=&#8220;default&#8220; background_color=&#8220;#E0C588&#8243; background_enable_image=&#8220;off&#8220; background_size=&#8220;contain&#8220; background_position=&#8220;top_center&#8220; custom_padding=&#8220;||2px|||&#8220; background_last_edited=&#8220;on|tablet&#8220; background_size_tablet=&#8220;contain&#8220; background_position_tablet=&#8220;top_center&#8220; global_module=&#8220;54&#8243; saved_tabs=&#8220;all&#8220; collapsed=&#8220;on&#8220; global_colors_info=&#8220;{}&#8220;][et_pb_row column_structure=&#8220;1_3,1_3,1_3&#8243; use_custom_gutter=&#8220;on&#8220; gutter_width=&#8220;2&#8243; _builder_version=&#8220;4.20.0&#8243; _module_preset=&#8220;default&#8220; global_colors_info=&#8220;{}&#8220;][et_pb_column type=&#8220;1_3&#8243; _builder_version=&#8220;4.20.0&#8243; _module_preset=&#8220;default&#8220; custom_padding=&#8220;30px||30px||true|false&#8220; custom_padding_tablet=&#8220;0px||0px||true|false&#8220; custom_padding_phone=&#8220;0px||0px||true|false&#8220; custom_padding_last_edited=&#8220;on|phone&#8220; global_colors_info=&#8220;{}&#8220;][et_pb_image src=&#8220;https:\/\/leafbiodiversity.eu\/wp-content\/uploads\/2023\/04\/LogosBeneficairesErasmusRIGHT_EN-1000.jpg&#8220; title_text=&#8220;LogosBeneficairesErasmus+RIGHT_EN-1000&#8243; _builder_version=&#8220;4.20.4&#8243; _module_preset=&#8220;default&#8220; global_colors_info=&#8220;{}&#8220;][\/et_pb_image][\/et_pb_column][et_pb_column type=&#8220;1_3&#8243; _builder_version=&#8220;4.20.0&#8243; _module_preset=&#8220;default&#8220; custom_padding=&#8220;30px||30px||true|false&#8220; custom_padding_tablet=&#8220;0px||0px||true|false&#8220; custom_padding_phone=&#8220;0px||0px||true|false&#8220; custom_padding_last_edited=&#8220;on|phone&#8220; global_colors_info=&#8220;{}&#8220;][et_pb_text _builder_version=&#8220;4.20.4&#8243; _module_preset=&#8220;d66abf77-cee8-41a0-a950-711cacee6424&#8243; header_text_align_tablet=&#8220;&#8220; header_text_align_phone=&#8220;&#8220; header_text_align_last_edited=&#8220;on|phone&#8220; header_font_size_tablet=&#8220;&#8220; header_font_size_phone=&#8220;&#8220; header_font_size_last_edited=&#8220;on|phone&#8220; text_orientation_tablet=&#8220;&#8220; text_orientation_phone=&#8220;center&#8220; text_orientation_last_edited=&#8220;on|phone&#8220; locked=&#8220;off&#8220; global_colors_info=&#8220;{}&#8220;]<\/p>\n<h5>Pratite nas<\/h5>\n<p>[\/et_pb_text][et_pb_social_media_follow icon_color=&#8220;#95AD33&#8243; use_icon_font_size=&#8220;on&#8220; icon_font_size=&#8220;14px&#8220; _builder_version=&#8220;4.20.4&#8243; _module_preset=&#8220;default&#8220; text_orientation=&#8220;left&#8220; text_orientation_tablet=&#8220;center&#8220; text_orientation_phone=&#8220;&#8220; text_orientation_last_edited=&#8220;on|phone&#8220; border_radii=&#8220;on|100px|100px|100px|100px&#8220; global_colors_info=&#8220;{}&#8220;][et_pb_social_media_follow_network social_network=&#8220;facebook&#8220; _builder_version=&#8220;4.20.4&#8243; _module_preset=&#8220;default&#8220; background_color=&#8220;#EFE8D7&#8243; background_enable_color=&#8220;on&#8220; custom_padding=&#8220;4px|4px|4px|4px|true|true&#8220; global_colors_info=&#8220;{}&#8220; follow_button=&#8220;off&#8220; url_new_window=&#8220;on&#8220;]facebook[\/et_pb_social_media_follow_network][et_pb_social_media_follow_network social_network=&#8220;instagram&#8220; _builder_version=&#8220;4.20.0&#8243; _module_preset=&#8220;default&#8220; background_color=&#8220;#EFE8D7&#8243; background_enable_color=&#8220;on&#8220; custom_padding=&#8220;4px|4px|4px|4px|true|true&#8220; global_colors_info=&#8220;{%22gcid-cc1e7daa-e7a2-44d1-a6d4-86221a549f5c%22:%91%22background_color%22,%22background_color%22%93}&#8220; follow_button=&#8220;off&#8220; url_new_window=&#8220;on&#8220;]instagram[\/et_pb_social_media_follow_network][\/et_pb_social_media_follow][\/et_pb_column][et_pb_column type=&#8220;1_3&#8243; _builder_version=&#8220;4.20.0&#8243; _module_preset=&#8220;default&#8220; custom_padding=&#8220;30px||30px||true|false&#8220; custom_padding_tablet=&#8220;&#8220; custom_padding_phone=&#8220;0px||0px||true|false&#8220; custom_padding_last_edited=&#8220;on|phone&#8220; global_colors_info=&#8220;{}&#8220;][et_pb_text _builder_version=&#8220;4.20.4&#8243; _module_preset=&#8220;d66abf77-cee8-41a0-a950-711cacee6424&#8243; header_5_font_size_tablet=&#8220;&#8220; header_5_font_size_phone=&#8220;&#8220; header_5_font_size_last_edited=&#8220;on|phone&#8220; locked=&#8220;off&#8220; global_colors_info=&#8220;{}&#8220;]<\/p>\n<h5>Kontakt<\/h5>\n<p>[\/et_pb_text][et_pb_blurb title=&#8220;091 5700 483&#8243; use_icon=&#8220;on&#8220; font_icon=&#8220;&#xe090;||divi||400&#8243; icon_color=&#8220;#95AD33&#8243; image_icon_background_color=&#8220;#EFE8D7&#8243; icon_placement=&#8220;left&#8220; image_icon_width=&#8220;20px&#8220; _builder_version=&#8220;4.20.4&#8243; _module_preset=&#8220;default&#8220; header_line_height=&#8220;2em&#8220; image_icon_custom_padding=&#8220;8px|8px|8px|8px|true|true&#8220; border_radii_image=&#8220;on|33px|33px|33px|33px&#8220; global_colors_info=&#8220;{}&#8220;][\/et_pb_blurb][et_pb_blurb title=&#8220;info@leafbiodiversity.eu&#8220; use_icon=&#8220;on&#8220; font_icon=&#8220;&#xe010;||divi||400&#8243; icon_color=&#8220;#95AD33&#8243; image_icon_background_color=&#8220;#EFE8D7&#8243; icon_placement=&#8220;left&#8220; image_icon_width=&#8220;20px&#8220; _builder_version=&#8220;4.20.4&#8243; _module_preset=&#8220;default&#8220; header_line_height=&#8220;2em&#8220; image_icon_custom_padding=&#8220;8px|8px|8px|8px|true|true&#8220; border_radii_image=&#8220;on|33px|33px|33px|33px&#8220; global_colors_info=&#8220;{}&#8220;][\/et_pb_blurb][\/et_pb_column][\/et_pb_row][et_pb_row column_structure=&#8220;1_5,3_5,1_5&#8243; _builder_version=&#8220;4.20.0&#8243; _module_preset=&#8220;default&#8220; border_color_all=&#8220;rgba(94,94,78,0.2)&#8220; border_width_top=&#8220;1px&#8220; global_colors_info=&#8220;{}&#8220;][et_pb_column type=&#8220;1_5&#8243; _builder_version=&#8220;4.20.0&#8243; _module_preset=&#8220;default&#8220; global_colors_info=&#8220;{}&#8220;][\/et_pb_column][et_pb_column type=&#8220;3_5&#8243; _builder_version=&#8220;4.20.0&#8243; _module_preset=&#8220;default&#8220; custom_padding=&#8220;16px||||false|false&#8220; custom_padding_tablet=&#8220;0px||||false|false&#8220; custom_padding_phone=&#8220;&#8220; custom_padding_last_edited=&#8220;on|tablet&#8220; global_colors_info=&#8220;{}&#8220;][et_pb_text _builder_version=&#8220;4.20.4&#8243; _module_preset=&#8220;default&#8220; text_font=&#8220;|700|||||||&#8220; text_font_size=&#8220;13px&#8220; link_text_color=&#8220;#95AD33&#8243; text_orientation=&#8220;center&#8220; global_colors_info=&#8220;{}&#8220;]<\/p>\n<p>Developed by <a href=\"https:\/\/ignis.hr\" target=\"_blank\" rel=\"noopener\">IGNIS<\/a><\/p>\n<p>[\/et_pb_text][\/et_pb_column][et_pb_column type=&#8220;1_5&#8243; _builder_version=&#8220;4.20.0&#8243; _module_preset=&#8220;default&#8220; custom_padding=&#8220;6px||||false|false&#8220; custom_padding_tablet=&#8220;0px||||false|false&#8220; custom_padding_phone=&#8220;&#8220; custom_padding_last_edited=&#8220;on|tablet&#8220; global_colors_info=&#8220;{}&#8220;][\/et_pb_column][\/et_pb_row][\/et_pb_section]<\/p>\n","protected":false},"excerpt":{"rendered":"<p>LEAF AKADEMIJA KAO OKRU\u017dENJE ZA DRU\u0160TVENO U\u010cENJELEAF akademija \u0107e biti socijalno okru\u017eenje za u\u010denje: u\u010denici \u0107e biti opremljeni alatima za me\u0111usobnu saradnju, a u prostor za u\u010denje mogu pristupati prema sopstvenim potrebama. Njegov dizajn je razvijen na na\u010din koji podr\u017eava u\u010denje zasnovano na problemima i projektima, \u0161to zna\u010di da je anga\u017eman i uklju\u010denost korisnika i [&hellip;]<\/p>\n","protected":false},"author":1,"featured_media":0,"parent":1960,"menu_order":0,"comment_status":"closed","ping_status":"closed","template":"","meta":{"_et_pb_use_builder":"on","_et_pb_old_content":"","_et_gb_content_width":"","footnotes":""},"class_list":["post-1969","page","type-page","status-publish","hentry"],"_links":{"self":[{"href":"https:\/\/leafbiodiversity.eu\/sr\/wp-json\/wp\/v2\/pages\/1969","targetHints":{"allow":["GET"]}}],"collection":[{"href":"https:\/\/leafbiodiversity.eu\/sr\/wp-json\/wp\/v2\/pages"}],"about":[{"href":"https:\/\/leafbiodiversity.eu\/sr\/wp-json\/wp\/v2\/types\/page"}],"author":[{"embeddable":true,"href":"https:\/\/leafbiodiversity.eu\/sr\/wp-json\/wp\/v2\/users\/1"}],"replies":[{"embeddable":true,"href":"https:\/\/leafbiodiversity.eu\/sr\/wp-json\/wp\/v2\/comments?post=1969"}],"version-history":[{"count":2,"href":"https:\/\/leafbiodiversity.eu\/sr\/wp-json\/wp\/v2\/pages\/1969\/revisions"}],"predecessor-version":[{"id":1971,"href":"https:\/\/leafbiodiversity.eu\/sr\/wp-json\/wp\/v2\/pages\/1969\/revisions\/1971"}],"up":[{"embeddable":true,"href":"https:\/\/leafbiodiversity.eu\/sr\/wp-json\/wp\/v2\/pages\/1960"}],"wp:attachment":[{"href":"https:\/\/leafbiodiversity.eu\/sr\/wp-json\/wp\/v2\/media?parent=1969"}],"curies":[{"name":"wp","href":"https:\/\/api.w.org\/{rel}","templated":true}]}}