{"id":1963,"date":"2023-05-07T14:43:42","date_gmt":"2023-05-07T14:43:42","guid":{"rendered":"https:\/\/leafbiodiversity.eu\/rezultati\/prirucnik-za-nastavnike\/"},"modified":"2025-01-24T09:10:20","modified_gmt":"2025-01-24T09:10:20","slug":"prirucnik-za-nastavnike","status":"publish","type":"page","link":"https:\/\/leafbiodiversity.eu\/sr\/rezultati\/prirucnik-za-nastavnike\/","title":{"rendered":"PRIRU\u010cNIK ZA NASTAVNIKE"},"content":{"rendered":"<p>[et_pb_section fb_built=&#8220;1&#8243; _builder_version=&#8220;4.20.4&#8243; _module_preset=&#8220;default&#8220; global_colors_info=&#8220;{}&#8220;][et_pb_row _builder_version=&#8220;4.20.4&#8243; _module_preset=&#8220;default&#8220; global_colors_info=&#8220;{}&#8220;][et_pb_column type=&#8220;4_4&#8243; _builder_version=&#8220;4.20.4&#8243; _module_preset=&#8220;default&#8220; global_colors_info=&#8220;{}&#8220;][et_pb_text _builder_version=&#8220;4.20.4&#8243; _module_preset=&#8220;default&#8220; global_colors_info=&#8220;{}&#8220;]<\/p>\n<h1 style=\"text-align: center;\"><b>PRIRU\u010cNIK ZA NASTAVNIKE<\/b><\/h1>\n<p>[\/et_pb_text][et_pb_image src=&#8220;https:\/\/leafbiodiversity.eu\/wp-content\/uploads\/2024\/01\/leaf-hanbook-300&#215;244.png&#8220; title_text=&#8220;leaf hanbook&#8220; align=&#8220;center&#8220; _builder_version=&#8220;4.24.0&#8243; _module_preset=&#8220;default&#8220; global_colors_info=&#8220;{}&#8220;][\/et_pb_image][et_pb_text _builder_version=&#8220;4.23.1&#8243; _module_preset=&#8220;default&#8220; global_colors_info=&#8220;{}&#8220;]<\/p>\n<p>Ponosni smo \u0161to vam predstavljamo na\u0161 priru\u010dnik za nastavnike, sveobuhvatan izvor koji je osmi\u0161ljen da osna\u017ei edukatore u podsticanju dubokog razumevanja i uva\u017eavanja biodiverziteta kroz prakti\u010dna iskustva.<\/p>\n<h2><strong>O priru\u010dniku:<\/strong><\/h2>\n<p>Otkrijte kolekciju inovativnih nastavnih strategija, razli\u010ditih aktivnosti i prakti\u010dnih smernica napravljenih sa ciljem da inspiri\u0161u sledec\u0301u generaciju \u010duvara \u017eivotne sredine. Priru\u010dnik je svedo\u010danstvo na\u0161e posvec\u0301enosti opremanju nastavnika alatima koji su im potrebni da neprimetno utkaju biodiverzitet u svoj nastavni plan i program.<\/p>\n<h2><strong>Klju\u010dne karakteristike:<\/strong><\/h2>\n<ul>\n<li><strong>Interaktivni planovi modula:<\/strong> Istra\u017eite kolekciju od \u0161est modula koji o\u017eivljavaju biodiverzitet u u\u010dionici, ali i u lokalnoj zajednici, podsti\u010duc\u0301i aktivno u\u010de\u0161c\u0301e i radoznalost.<\/li>\n<li><strong>Avanture u\u010denja na otvorenom:<\/strong> Uronite u strategije gra\u0111anske nauke, usluga i projektnog u\u010denja za preno\u0161enje iskustva u\u010denja izvan zidova u\u010dionice, prihvatajuc\u0301i moguc\u0301nosti obrazovanja na otvorenom.<\/li>\n<li><strong>Multidisciplinarni pristup:<\/strong> Svedo\u010dite besprekornoj integraciji koncepata biodiverziteta u razli\u010ditim temama, podsti\u010duc\u0301i holisti\u010dko razumevanje me\u0111usobno povezane mre\u017ee \u017eivota.<\/li>\n<\/ul>\n<h2><strong>Za\u0161to je obrazovanje o biodiverzitetu va\u017eno:<\/strong><\/h2>\n<p>Biodiverzitet je srce na\u0161e planete, a usa\u0111ujuc\u0301i ljubav prema prirodi na\u0161im u\u010denicima, mi ih osna\u017eujemo da postanu upravitelji odr\u017eive buduc\u0301nosti. Priru\u010dnik slu\u017ei kao kompas, koji vas vodi kroz put negovanja ovog na\u010dina razmi\u0161ljanja kod va\u0161ih u\u010denika. <\/p>\n<h2><strong>Zapo\u010dnite:<\/strong><\/h2>\n<p>Krenite na transformativno obrazovno putovanje uz na\u0161 Priru\u010dnik za nastavnike. Zajedno, negujmo generaciju koja ne samo da ceni bogatstvo biodiverziteta vec\u0301 aktivno doprinosi njegovom o\u010duvanju, anga\u017euje se u lokalnoj zajednici i stvara bolje sutra. <\/p>\n<p>Pridru\u017eite nam se u sejanju semena radoznalosti, negovanju ljubavi prema prirodi i negovanju dubokog po\u0161tovanja prema razli\u010ditim oblicima \u017eivota koji na\u0161u planetu \u010dine zaista izuzetnom.<\/p>\n<p>[\/et_pb_text][\/et_pb_column][\/et_pb_row][et_pb_row _builder_version=&#8220;4.23.1&#8243; _module_preset=&#8220;default&#8220; global_colors_info=&#8220;{}&#8220;][et_pb_column type=&#8220;4_4&#8243; _builder_version=&#8220;4.23.1&#8243; _module_preset=&#8220;default&#8220; global_colors_info=&#8220;{}&#8220;][et_pb_button button_url=&#8220;https:\/\/leafbiodiversity.eu\/wp-content\/uploads\/2025\/01\/LEAF_Handbook_SR.pdf&#8220; url_new_window=&#8220;on&#8220; button_text=&#8220;PRIRU\u010cNIK ZA NASTAVNIKE&#8220; button_alignment=&#8220;center&#8220; _builder_version=&#8220;4.27.4&#8243; _module_preset=&#8220;default&#8220; hover_enabled=&#8220;0&#8243; global_colors_info=&#8220;{}&#8220; sticky_enabled=&#8220;0&#8243;][\/et_pb_button][\/et_pb_column][\/et_pb_row][\/et_pb_section][et_pb_section fb_built=&#8220;1&#8243; admin_label=&#8220;Footer&#8220; _builder_version=&#8220;4.20.4&#8243; _module_preset=&#8220;default&#8220; background_color=&#8220;#E0C588&#8243; background_enable_image=&#8220;off&#8220; background_size=&#8220;contain&#8220; background_position=&#8220;top_center&#8220; custom_padding=&#8220;||2px|||&#8220; background_last_edited=&#8220;on|tablet&#8220; background_size_tablet=&#8220;contain&#8220; background_position_tablet=&#8220;top_center&#8220; saved_tabs=&#8220;all&#8220; collapsed=&#8220;on&#8220; global_colors_info=&#8220;{}&#8220;][et_pb_row column_structure=&#8220;1_3,1_3,1_3&#8243; use_custom_gutter=&#8220;on&#8220; gutter_width=&#8220;2&#8243; _builder_version=&#8220;4.20.0&#8243; _module_preset=&#8220;default&#8220; global_colors_info=&#8220;{}&#8220;][et_pb_column type=&#8220;1_3&#8243; _builder_version=&#8220;4.20.0&#8243; _module_preset=&#8220;default&#8220; custom_padding=&#8220;30px||30px||true|false&#8220; custom_padding_tablet=&#8220;0px||0px||true|false&#8220; custom_padding_phone=&#8220;0px||0px||true|false&#8220; custom_padding_last_edited=&#8220;on|phone&#8220; global_colors_info=&#8220;{}&#8220;][et_pb_image src=&#8220;https:\/\/leafbiodiversity.eu\/wp-content\/uploads\/2024\/06\/eu_co_funded_en-1-300&#215;63.jpg&#8220; title_text=&#8220;Flag_2colors.eps&#8220; _builder_version=&#8220;4.26.1&#8243; _module_preset=&#8220;default&#8220; global_colors_info=&#8220;{}&#8220;][\/et_pb_image][et_pb_text _builder_version=&#8220;4.21.0&#8243; _module_preset=&#8220;default&#8220; text_font_size=&#8220;12px&#8220; text_line_height=&#8220;1.5em&#8220; global_colors_info=&#8220;{}&#8220;]<\/p>\n<p><span style=\"font-weight: 400;\">Ovaj projekat je sufinansiran uz podr\u0161ku Evropske komisije. Ova komunikacija odra\u017eava stavove samo autora, a Komisija se ne mo\u017ee smatrati odgovornom za to <\/span><\/p>\n<p><span style=\"font-weight: 400;\">Project N\u00b0:2022-1-RO01-KA220-SCH-000086884<\/span><\/p>\n<p>[\/et_pb_text][\/et_pb_column][et_pb_column type=&#8220;1_3&#8243; _builder_version=&#8220;4.20.0&#8243; _module_preset=&#8220;default&#8220; custom_padding=&#8220;30px||30px||true|false&#8220; custom_padding_tablet=&#8220;0px||0px||true|false&#8220; custom_padding_phone=&#8220;0px||0px||true|false&#8220; custom_padding_last_edited=&#8220;on|phone&#8220; global_colors_info=&#8220;{}&#8220;][et_pb_text _builder_version=&#8220;4.20.4&#8243; _module_preset=&#8220;d66abf77-cee8-41a0-a950-711cacee6424&#8243; header_text_align_tablet=&#8220;&#8220; header_text_align_phone=&#8220;&#8220; header_text_align_last_edited=&#8220;on|phone&#8220; header_font_size_tablet=&#8220;&#8220; header_font_size_phone=&#8220;&#8220; header_font_size_last_edited=&#8220;on|phone&#8220; text_orientation_tablet=&#8220;&#8220; text_orientation_phone=&#8220;center&#8220; text_orientation_last_edited=&#8220;on|phone&#8220; locked=&#8220;off&#8220; global_colors_info=&#8220;{}&#8220;]<\/p>\n<h5>Pratite nas<\/h5>\n<p>[\/et_pb_text][et_pb_social_media_follow icon_color=&#8220;#95AD33&#8243; use_icon_font_size=&#8220;on&#8220; icon_font_size=&#8220;14px&#8220; _builder_version=&#8220;4.21.0&#8243; _module_preset=&#8220;default&#8220; text_orientation=&#8220;left&#8220; text_orientation_tablet=&#8220;center&#8220; text_orientation_phone=&#8220;&#8220; text_orientation_last_edited=&#8220;on|phone&#8220; border_radii=&#8220;on|100px|100px|100px|100px&#8220; global_colors_info=&#8220;{}&#8220;][et_pb_social_media_follow_network social_network=&#8220;facebook&#8220; url=&#8220;https:\/\/www.facebook.com\/leafbiodiversity&#8220; _builder_version=&#8220;4.21.0&#8243; _module_preset=&#8220;default&#8220; background_color=&#8220;#EFE8D7&#8243; background_enable_color=&#8220;on&#8220; custom_padding=&#8220;4px|4px|4px|4px|true|true&#8220; global_colors_info=&#8220;{}&#8220; follow_button=&#8220;off&#8220; url_new_window=&#8220;on&#8220;]facebook[\/et_pb_social_media_follow_network][et_pb_social_media_follow_network social_network=&#8220;instagram&#8220; url=&#8220;https:\/\/www.instagram.com\/leafbiodiversity&#8220; _builder_version=&#8220;4.21.0&#8243; _module_preset=&#8220;default&#8220; background_color=&#8220;#EFE8D7&#8243; background_enable_color=&#8220;on&#8220; custom_padding=&#8220;4px|4px|4px|4px|true|true&#8220; global_colors_info=&#8220;{%22gcid-cc1e7daa-e7a2-44d1-a6d4-86221a549f5c%22:%91%22background_color%22,%22background_color%22%93}&#8220; follow_button=&#8220;off&#8220; url_new_window=&#8220;on&#8220;]instagram[\/et_pb_social_media_follow_network][\/et_pb_social_media_follow][\/et_pb_column][et_pb_column type=&#8220;1_3&#8243; _builder_version=&#8220;4.20.0&#8243; _module_preset=&#8220;default&#8220; custom_padding=&#8220;30px||30px||true|false&#8220; custom_padding_tablet=&#8220;&#8220; custom_padding_phone=&#8220;0px||0px||true|false&#8220; custom_padding_last_edited=&#8220;on|phone&#8220; global_colors_info=&#8220;{}&#8220;][et_pb_text _builder_version=&#8220;4.20.4&#8243; _module_preset=&#8220;d66abf77-cee8-41a0-a950-711cacee6424&#8243; header_5_font_size_tablet=&#8220;&#8220; header_5_font_size_phone=&#8220;&#8220; header_5_font_size_last_edited=&#8220;on|phone&#8220; locked=&#8220;off&#8220; global_colors_info=&#8220;{}&#8220;]<\/p>\n<h5>Kontakt<\/h5>\n<p>[\/et_pb_text][et_pb_blurb title=&#8220;daniela.melisch@cneminescu.ro&#8220; url=&#8220;mailto:daniela.melisch@cneminescu.ro&#8220; use_icon=&#8220;on&#8220; font_icon=&#8220;&#xe010;||divi||400&#8243; icon_color=&#8220;#95AD33&#8243; image_icon_background_color=&#8220;#EFE8D7&#8243; icon_placement=&#8220;left&#8220; image_icon_width=&#8220;20px&#8220; _builder_version=&#8220;4.21.0&#8243; _module_preset=&#8220;default&#8220; header_line_height=&#8220;2em&#8220; image_icon_custom_padding=&#8220;8px|8px|8px|8px|true|true&#8220; link_option_url=&#8220;mailto:daniela.melisch@cneminescu.ro&#8220; border_radii_image=&#8220;on|33px|33px|33px|33px&#8220; global_colors_info=&#8220;{}&#8220;][\/et_pb_blurb][\/et_pb_column][\/et_pb_row][et_pb_row column_structure=&#8220;1_5,3_5,1_5&#8243; _builder_version=&#8220;4.20.0&#8243; _module_preset=&#8220;default&#8220; border_color_all=&#8220;rgba(94,94,78,0.2)&#8220; border_width_top=&#8220;1px&#8220; global_colors_info=&#8220;{}&#8220;][et_pb_column type=&#8220;1_5&#8243; _builder_version=&#8220;4.20.0&#8243; _module_preset=&#8220;default&#8220; global_colors_info=&#8220;{}&#8220;][\/et_pb_column][et_pb_column type=&#8220;3_5&#8243; _builder_version=&#8220;4.20.0&#8243; _module_preset=&#8220;default&#8220; custom_padding=&#8220;16px||||false|false&#8220; custom_padding_tablet=&#8220;0px||||false|false&#8220; custom_padding_phone=&#8220;&#8220; custom_padding_last_edited=&#8220;on|tablet&#8220; global_colors_info=&#8220;{}&#8220;][et_pb_text _builder_version=&#8220;4.20.4&#8243; _module_preset=&#8220;default&#8220; text_font=&#8220;|700|||||||&#8220; text_font_size=&#8220;13px&#8220; link_text_color=&#8220;#95AD33&#8243; text_orientation=&#8220;center&#8220; global_colors_info=&#8220;{}&#8220;]<\/p>\n<p>Developed by <a href=\"https:\/\/ignis.hr\" target=\"_blank\" rel=\"noopener\">IGNIS<\/a><\/p>\n<p>[\/et_pb_text][\/et_pb_column][et_pb_column type=&#8220;1_5&#8243; _builder_version=&#8220;4.20.0&#8243; _module_preset=&#8220;default&#8220; custom_padding=&#8220;6px||||false|false&#8220; custom_padding_tablet=&#8220;0px||||false|false&#8220; custom_padding_phone=&#8220;&#8220; custom_padding_last_edited=&#8220;on|tablet&#8220; global_colors_info=&#8220;{}&#8220;][\/et_pb_column][\/et_pb_row][\/et_pb_section]<\/p>\n","protected":false},"excerpt":{"rendered":"<p>PRIRU\u010cNIK ZA NASTAVNIKEPonosni smo \u0161to vam predstavljamo na\u0161 priru\u010dnik za nastavnike, sveobuhvatan izvor koji je osmi\u0161ljen da osna\u017ei edukatore u podsticanju dubokog razumevanja i uva\u017eavanja biodiverziteta kroz prakti\u010dna iskustva. O priru\u010dniku: Otkrijte kolekciju inovativnih nastavnih strategija, razli\u010ditih aktivnosti i prakti\u010dnih smernica napravljenih sa ciljem da inspiri\u0161u sledec\u0301u generaciju \u010duvara \u017eivotne sredine. Priru\u010dnik je svedo\u010danstvo na\u0161e [&hellip;]<\/p>\n","protected":false},"author":1,"featured_media":0,"parent":1960,"menu_order":0,"comment_status":"closed","ping_status":"closed","template":"","meta":{"_et_pb_use_builder":"on","_et_pb_old_content":"","_et_gb_content_width":"","footnotes":""},"class_list":["post-1963","page","type-page","status-publish","hentry"],"_links":{"self":[{"href":"https:\/\/leafbiodiversity.eu\/sr\/wp-json\/wp\/v2\/pages\/1963","targetHints":{"allow":["GET"]}}],"collection":[{"href":"https:\/\/leafbiodiversity.eu\/sr\/wp-json\/wp\/v2\/pages"}],"about":[{"href":"https:\/\/leafbiodiversity.eu\/sr\/wp-json\/wp\/v2\/types\/page"}],"author":[{"embeddable":true,"href":"https:\/\/leafbiodiversity.eu\/sr\/wp-json\/wp\/v2\/users\/1"}],"replies":[{"embeddable":true,"href":"https:\/\/leafbiodiversity.eu\/sr\/wp-json\/wp\/v2\/comments?post=1963"}],"version-history":[{"count":9,"href":"https:\/\/leafbiodiversity.eu\/sr\/wp-json\/wp\/v2\/pages\/1963\/revisions"}],"predecessor-version":[{"id":4516,"href":"https:\/\/leafbiodiversity.eu\/sr\/wp-json\/wp\/v2\/pages\/1963\/revisions\/4516"}],"up":[{"embeddable":true,"href":"https:\/\/leafbiodiversity.eu\/sr\/wp-json\/wp\/v2\/pages\/1960"}],"wp:attachment":[{"href":"https:\/\/leafbiodiversity.eu\/sr\/wp-json\/wp\/v2\/media?parent=1963"}],"curies":[{"name":"wp","href":"https:\/\/api.w.org\/{rel}","templated":true}]}}