{"id":1942,"date":"2023-04-12T18:51:09","date_gmt":"2023-04-12T18:51:09","guid":{"rendered":"https:\/\/leafbiodiversity.eu\/projekat\/"},"modified":"2024-08-20T10:04:35","modified_gmt":"2024-08-20T10:04:35","slug":"projekat","status":"publish","type":"page","link":"https:\/\/leafbiodiversity.eu\/sr\/projekat\/","title":{"rendered":"Projekat"},"content":{"rendered":"<p>[et_pb_section fb_built=&#8220;1&#8243; _builder_version=&#8220;4.21.0&#8243; _module_preset=&#8220;default&#8220; background_color=&#8220;#EFE8D7&#8243; global_colors_info=&#8220;{}&#8220;][et_pb_row _builder_version=&#8220;4.20.4&#8243; _module_preset=&#8220;default&#8220; global_colors_info=&#8220;{}&#8220;][et_pb_column type=&#8220;4_4&#8243; _builder_version=&#8220;4.20.4&#8243; _module_preset=&#8220;default&#8220; global_colors_info=&#8220;{}&#8220;][et_pb_image src=&#8220;https:\/\/leafbiodiversity.eu\/wp-content\/uploads\/2023\/04\/LEAF-project-logo.png&#8220; title_text=&#8220;LEAF project logo&#8220; align=&#8220;center&#8220; _builder_version=&#8220;4.20.4&#8243; _module_preset=&#8220;default&#8220; global_colors_info=&#8220;{}&#8220;][\/et_pb_image][et_pb_text _builder_version=&#8220;4.20.4&#8243; _module_preset=&#8220;default&#8220; global_colors_info=&#8220;{}&#8220;]<\/p>\n<h1 style=\"text-align: center;\"><b>PROJEKAT<\/b><\/h1>\n<p>[\/et_pb_text][et_pb_tabs _builder_version=&#8220;4.21.0&#8243; _module_preset=&#8220;default&#8220; global_colors_info=&#8220;{}&#8220;][et_pb_tab title=&#8220;POZADINA&#8220; _builder_version=&#8220;4.21.0&#8243; _module_preset=&#8220;default&#8220; global_colors_info=&#8220;{}&#8220;]<\/p>\n<p><span style=\"font-weight: 400;\">Prema Informacionom sistemu za biodiverzitet Evrope, flora Evrope<\/span> <b>obuhvata 20-25.000 vrsta<\/b><span style=\"font-weight: 400;\"> a podru\u010dja s najve\u0107im bogatstvom biljnog sveta nalaze se u mediteranskom regionu. Edukacija o va\u017enosti biljnog biodiverziteta za o\u010duvanje prirodnih ekosistema i borbu protiv klimatskih promena klju\u010dna je za postizanje ciljeva strategije o\u010duvanja biodiverziteta EU. Trenutno se suo\u010davamo s <\/span><b>globalnim gubitkom biodiverziteta<\/b><span style=\"font-weight: 400;\">, \u0161to je tako\u0111e slu\u010daj i za partnere uklju\u010dene u LEAF projekat koji su poznati po bogatstvu biljnog biodiverziteta. Me\u0111unarodna unija za o\u010duvanje prirode, na osnovu svoje Crvene liste vrsta, izve\u0161tava da je procenat ugro\u017eenih vrsta vaskularnih biljaka <\/span><b>12%<\/b> <span style=\"font-weight: 400;\">u Gr\u010dkoj,<\/span> <b>10%<\/b> <span style=\"font-weight: 400;\">u Italiji,<\/span> <b>6%<\/b> <span style=\"font-weight: 400;\">u Francuskoj.<\/span> <\/p>\n<p><span style=\"font-weight: 400;\">U<\/span> <i><span style=\"font-weight: 400;\">ITALIJI<\/span><\/i><span style=\"font-weight: 400;\">, glavni problem koji ozbiljno ugro\u017eava raznovrsnost flore i faune je introdukcija vrsta iz drugih zemalja. Sli\u010dno tome, <\/span><i><span style=\"font-weight: 400;\">GR\u010cKI<\/span><\/i> <span style=\"font-weight: 400;\">bogat biljni biodiverzitet ugro\u017eavaju invazivne vrste stranih biljaka koje su unesene namerno ili slu\u010dajno, kao i zaga\u0111enje.<\/span> <\/p>\n<p><span style=\"font-weight: 400;\">U<\/span> <i><span style=\"font-weight: 400;\">FRANCUSKOJ<\/span><\/i><span style=\"font-weight: 400;\">, gubitak stani\u0161ta, fragmentacija i degradacija predstavljaju najzna\u010dajnije pretnje na evropskom nivou koje se de\u0161avaju vrstama.<\/span> <\/p>\n<p><i><span style=\"font-weight: 400;\">RUMUNSKI<\/span><\/i><span style=\"font-weight: 400;\"> biodiverzitet suo\u010dava se s mnogim rizicima na severoistoku zbog zaga\u0111enja, ribolova i lova. Postoji slaba svest o upravljanju otpadom, a ljudski otpad zavr\u0161ava na obalama reka i u \u0161umama, ugro\u017eavaju\u0107i mnoge vrste. <\/span><\/p>\n<p><span style=\"font-weight: 400;\">U<\/span> <i><span style=\"font-weight: 400;\">SRBIJI<\/span><\/i><span style=\"font-weight: 400;\">se procenjuje da je oko 60% endemi\u010dnih biljnih vrsta ugro\u017eeno iz razli\u010ditih razloga. Pad biodiverziteta direktno se pripisuje zna\u010dajnom gubitku prirodnog stani\u0161ta usled \u0161irenja poljoprivrede (posebno na Panonskim ravnicama) i isu\u0161ivanja mo\u010dvarnih podru\u010dja. <\/span><\/p>\n<p><span style=\"font-weight: 400;\">Gubitak biodiverziteta u<\/span> <i><span style=\"font-weight: 400;\">HRVATSKOJ<\/span><\/i> <span style=\"font-weight: 400;\">uglavnom je uzrokovan gubitkom i fragmentacijom stani\u0161ta zbog ljudskih aktivnosti, kao \u0161to su poljoprivredna delatnost i razvoj infrastrukture i prirodnim procesima sukcesije, posebno na napu\u0161tenim poljoprivrednim zemlji\u0161tima.<\/span> <\/p>\n<p><span style=\"font-weight: 400;\">Iz ovih podataka sti\u010de se zaklju\u010dak<\/span> <b>da je neophodan dodatni monitoring vrsta i prikupljanje dodatnih podataka,<\/b><span style=\"font-weight: 400;\"> kako bi se upoznali sa samim karakteristikama vrste i omogu\u0107ili njenu prezervaciju. Pra\u0107enje ugro\u017eenih vrsta, osim \u0161to doprinosi nau\u010dnim saznanjima, tako\u0111e ima uticaj na ciljne grupe projekta, u smislu razumevanja ozbiljnosti i posledica gubitka biodiverziteta. <\/span><\/p>\n<p><span style=\"font-weight: 400;\">Iako \u0161kolski nastavni plan i program obuhvata u\u010denje o biodiverzitetu na \u010dasovima geografije i drugih prirodnih nauka,<\/span> <b>u\u010denje o \u017eivotnoj sredini<\/b><span style=\"font-weight: 400;\"> nije zasebni \u0161kolski predmet, ve\u0107 je ponekad izborni predmet i na nastavnicima je da odlu\u010de \u0161ta \u0107e predavati. Stoga je potrebno povezati nau\u010dne koncepte sa temama <\/span><b>u vezi o\u010duvanja \u017eivotne sredine,<\/b> <span style=\"font-weight: 400;\">a<\/span> <b>kontinuirani profesionalni razvoj nastavnika<\/b> <span style=\"font-weight: 400;\">na ovim poljima, klju\u010dan je podizanje svesti o va\u017enosti \u010diste i zdrave \u017eivotne sredine.<\/span><\/p>\n<p>[\/et_pb_tab][et_pb_tab title=&#8220;CILJEVI PROJEKTA&#8220; _builder_version=&#8220;4.21.0&#8243; _module_preset=&#8220;default&#8220; global_colors_info=&#8220;{}&#8220;]<\/p>\n<p><span style=\"font-weight: 400;\">Projekat<\/span> <span style=\"font-weight: 400;\">ima za<\/span> <b>cilj:<\/b> <\/p>\n<p>&nbsp;<\/p>\n<ul>\n<li> <span style=\"font-weight: 400;\">Kreiranje nove<\/span> <b>metodologije u\u010denja<\/b> <span style=\"font-weight: 400;\">koja \u0107e imati za cilj ve\u0107e zalaganje u\u010denika srednjih \u0161kola u lokalnoj zajednici, aktivnostima koje \u0107e biti usmerene na pra\u0107enje i za\u0161titu lokalnog biljnog biodiverziteta.<\/span> <\/li>\n<li><span style=\"font-weight: 400;\"> <\/span><b>Obu\u010davanje nastavnika, \u0161kolskog osoblja<\/b> <span style=\"font-weight: 400;\">i zainteresovanih strana za implementaciju nove metodologije u\u010denja koja ima za cilj<\/span> <b>uklju\u010divanje u lokalnu zajednicu<\/b><span style=\"font-weight: 400;\">, sve u cilju pra\u0107enja biljnog biodiverziteta.<\/span> <\/li>\n<li> <span style=\"font-weight: 400;\">Pove\u0107ati procenat<\/span> <b>biljnih stani\u0161ta u Evropi<\/b> <span style=\"font-weight: 400;\">koja se redovno prate.<\/span> <\/li>\n<li> <span style=\"font-weight: 400;\">Promocija novog modela<\/span> <b>gra\u0111ansko \u2013 nau\u010dne<\/b> <span style=\"font-weight: 400;\">inicijative posve\u0107ene biljnom biodiverzitetu, sprovedene od strane \u0161kola.<\/span><\/li>\n<li> <span style=\"font-weight: 400;\">Unapre\u0111enje kvaliteta u\u010denja u podru\u010dju<\/span> <b>nauke, tehnologije, in\u017eenjeringa i matematike (STEM)<\/b> <span style=\"font-weight: 400;\">za u\u010denike srednjih \u0161kola kroz inovativne, projektno zasnovane metode.<\/span> <\/li>\n<li> <span style=\"font-weight: 400;\">Povezivanje nastavnog plana i ciljeva u\u010denja u\u010denika s stvarnim potrebama zajednice,<\/span> <b>prevazilaze\u0107i tako stari pasivni metod u\u010denja<\/b> <span style=\"font-weight: 400;\">gde u\u010denici samo primaju informacije od nastavnika, bez povratnih informacija ili prakti\u010dne primene.<\/span> <\/li>\n<li> <span style=\"font-weight: 400;\">Pove\u0107anje<\/span> <b>anga\u017eovanosti i u\u010de\u0161\u0107a u\u010denika<\/b> <span style=\"font-weight: 400;\">u projektnim aktivnostima.<\/span> <\/li>\n<li><span style=\"font-weight: 400;\"> <\/span><b>Promovisanje<\/b> <span style=\"font-weight: 400;\">aktivnosti unutar lokalne zajednice koje imaju za cilj za\u0161titu \u017eivotne sredine, socijalnu inkluziju i uspostavljanje dugoro\u010dne strukturirane saradnje izme\u0111u \u0161kola i lokalnih zainteresovanih strana.<\/span> <\/li>\n<\/ul>\n<p>&nbsp;<\/p>\n<p><i><span style=\"font-weight: 400;\">Kroz ostvarivanje glavnih ciljeva projekta, LEAF \u0107e tako\u0111e:<\/span><\/i><\/p>\n<p>&nbsp;<\/p>\n<ol>\n<li><span style=\"font-weight: 400;\"> <\/span><b>Podr\u017eati<\/b><span style=\"font-weight: 400;\"> razvoj kompetencija odr\u017eivosti u skladu sa Evropskim okvirom za kompetencije odr\u017eivosti (GreenComp). To \u0107e u\u010diniti kroz inovativan i multidisciplinaran pristup nastavi koji promovi\u0161e anga\u017eovanje u lokalnoj zajednici i iskustveno u\u010denje.<\/span><\/li>\n<li><span style=\"font-weight: 400;\"> <\/span><b>Podizati svest<\/b><span style=\"font-weight: 400;\"> o va\u017enosti biodiverziteta i potrebi za\u0161tite prirode, promovi\u0161u\u0107i va\u017enost gra\u0111ansko-nau\u010dne inicijative za pra\u0107enje biljnog biodiverziteta. Kroz obrazovanje, projekat ima za cilj da nastavnike i u\u010denike u\u010dini nosiocima promena. <\/span><\/li>\n<li><span style=\"font-weight: 400;\"> <\/span><b>Pru\u017eiti<\/b> <span style=\"font-weight: 400;\">nastavnicima jedinstvenu priliku za stalni profesionalni razvoj kako bi unapredili svoje ve\u0161tine u kori\u0161\u0107enju inovativnih i multidisciplinarnih metoda nastave.<\/span><\/li>\n<\/ol>\n<p>[\/et_pb_tab][et_pb_tab title=&#8220;CILJNE GRUPE&#8220; _builder_version=&#8220;4.21.0&#8243; _module_preset=&#8220;default&#8220; global_colors_info=&#8220;{}&#8220;]<\/p>\n<p><span style=\"font-weight: 400;\">DIREKTNA<\/span> <i><span style=\"font-weight: 400;\">CILJNA GRUPA<\/span><\/i> <span style=\"font-weight: 400;\">&#8222;LEAF&#8220; projekta su<\/span> <b>nastavnici srednjih \u0161kola,<\/b><span style=\"font-weight: 400;\"> kao i svi oni koji se bave biodiverzitetom i prou\u010davanjem \u017eivotne sredine. a koji \u0107e imati koristi od nove i inovativne mogu\u0107nosti stalnog profesionalnog razvoja. Uloga <\/span><b>nastavnika<\/b><span style=\"font-weight: 400;\"> se \u0161iri i postaje zahtevnija, jer se od njih o\u010dekuje da koriste raznovrsne metode, alate i pristupe, prilagode ih potrebama studenata. Tako\u0111e, ukazuje se potreba za sticanjem kompetencija i ve\u0161tina potrebnih za stvaranje pozitivnog okru\u017eenja u u\u010dionici i saradnju s drugim zainteresovanim stranama unutar i izvan \u0161kole kako bi pru\u017eili pravovremenu podr\u0161ku u\u010denicima. <\/span><\/p>\n<p><span style=\"font-weight: 400;\">Glavna<\/span> <i><span style=\"font-weight: 400;\">NEPOSREDNA CILJNA GRUPA<\/span><\/i> <span style=\"font-weight: 400;\">su<\/span> <b>studenti.<\/b><span style=\"font-weight: 400;\">. Srednje obrazovanje se posmatra kao veoma <\/span><b>osetljiva<\/b><span style=\"font-weight: 400;\"> faza u njihovom procesu odrastanja, prelaze\u0107i iz tinejd\u017eerske u odraslu dob. Programi usluga <\/span><b>olak\u0161avaju<\/b><span style=\"font-weight: 400;\"> ovu tranziciju stvaranjem me\u0111uljudskih ve\u0161tina, sposobnosti re\u0161avanja problema, inicijative i aktivnog gra\u0111anstva, eti\u010dkog razmi\u0161ljanja, te razumevanja dru\u0161tvenih i politi\u010dkih pitanja. Osim toga, podsti\u010du sticanje ve\u0161tina celo\u017eivotnog u\u010denja, odnosno motivaciju i samoregulaciju za u\u010denje. <\/span><\/p>\n<p><i><span style=\"font-weight: 400;\">ZAINTERESOVANE STRANE <\/span><\/i><\/p>\n<p><span style=\"font-weight: 400;\">OSOBLJE \u0160KOLE<\/span><span style=\"font-weight: 400;\">: Izlo\u017eeno\u0161\u0107u prakti\u010dnim projektima o odr\u017eivosti u \u0161koli i okolini, osoblje \u0161kole \u0107e biti informisano o inicijativama \u0161kole u vezi sa ekolo\u0161kom odr\u017eivo\u0161\u0107u i pozvano da u\u010destvuje, u okviru celokupnog pristupa \u0161kole odr\u017eivosti u kojem su uklju\u010deni svi zaposleni u \u0161koli.<\/span> <\/p>\n<p><span style=\"font-weight: 400;\">RODITELJI<\/span><span style=\"font-weight: 400;\">: Porodice u\u010denika bi\u0107e obave\u0161tene o va\u017enosti za\u0161tite \u017eivotne sredine putem svakodnevnog pona\u0161anja.<\/span> <\/p>\n<p><span style=\"font-weight: 400;\">LOKALNA ZAJEDNICA<\/span><span style=\"font-weight: 400;\">: U\u010denje kroz zalaganje u zajednici \u0107e podrazumevati dopiranje do civilnog dru\u0161tva, javnih uprava, industrijskoog i neprofitnog sektora. Ovo \u0107e pobolj\u0161ati i oja\u010dati odnos \u0161kola sa zajednicom, doprinose\u0107i tome da \u0161kole postanu &#8222;organizacije otvorenog u\u010denja&#8220;. <\/span><\/p>\n<p>[\/et_pb_tab][et_pb_tab title=&#8220;RELEVANTNOST&#8220; _builder_version=&#8220;4.21.0&#8243; _module_preset=&#8220;default&#8220; global_colors_info=&#8220;{}&#8220;]<\/p>\n<p><span style=\"font-weight: 400;\">LEAF ima za cilj upotrebu metodologija<\/span> <b>&#8211; &#8222;u\u010denje kroz zalaganje u zajednici&#8220;<\/b> <span style=\"font-weight: 400;\">i<\/span> <b>&#8222;gra\u0111anska nauka&#8220;<\/b> <span style=\"font-weight: 400;\">i njihovom primenom u srednjim \u0161kolama, s namerom da<\/span> <b>uklju\u010di u\u010denike<\/b><span style=\"font-weight: 400;\"> u pra\u0107enje lokalne biljnog biodiverziteta. U\u010denje kroz zalaganje u zajednici podrazumeva stvaranje veze izme\u0111u u\u010deni\u010dkih ciljeva u\u010denja i stvarnih potreba zajednice, doslovno iznose\u0107i u\u010denje iz u\u010dionica i prenose\u0107i ga u stvarni \u017eivot. <\/span><\/p>\n<p><span style=\"font-weight: 400;\">U\u010denje kroz slu\u017ebu se razlikuje od volonterskih aktivnosti zajednice jer nije sporadi\u010dno ili dobrovoljno,<\/span> <b>ve\u0107 sistematsko i uklju\u010deno u \u0161kolski nastavni plan<\/b><span style=\"font-weight: 400;\">, razvijeno u bliskom i dugoro\u010dnom odnosu sa zainteresovanim stranama u zajednici.<\/span> <\/p>\n<p><span style=\"font-weight: 400;\">Da bi se suo\u010dili s kompleksnim problemima<\/span> <b>odr\u017eivosti,<\/b> <span style=\"font-weight: 400;\">uklju\u010duju\u0107i o\u010duvanje biodiverziteta, odr\u017eivost treba da se integri\u0161e u obrazovanje unutar i izvan u\u010dionice kako bi se obrazovali u\u010denici kao katalizatori promena, spremni da pokrenu inicijative u korist dru\u0161tva i preuzmu odgovornost prema planeti.<\/span> <\/p>\n<p><span style=\"font-weight: 400;\">Da bi se to pravilno postiglo, obuka nastavnika je od su\u0161tinskog zna\u010daja, stoga su nastavnici srednjih \u0161kola odabrani kao glavna ciljna grupa projekta.<\/span> <b>Kontakt s prirodom<\/b> <span style=\"font-weight: 400;\">generi\u0161e razli\u010dite pozitivne koristi za u\u010denje i zdravlje.<\/span> <\/p>\n<p><b>Howard Gardner<\/b> <span style=\"font-weight: 400;\">identifikovao je devet vi\u0161estrukih inteligencija, uklju\u010duju\u0107i<\/span> <b>\u201eprirodnu inteligenciju\u201c.<\/b><span style=\"font-weight: 400;\">. Osobe sa ovom vrstom inteligencije najbolje u\u010de kada su uklju\u010deni u iskustva, prikupljanje ili analizu ne\u010dega u prirodi ili tesno povezani sa prirodom, te stoga <\/span><b>vi\u0161e u\u010de boravkom u spolja\u0161njoj sredini.<\/b><span style=\"font-weight: 400;\">. Osim toga, postoji niz fizi\u010dkih i zdravstvenih koristi od boravka u prirodi, uklju\u010duju\u0107i smanjenje efekata gojaznosti kod dece, pobolj\u0161anje mentalnog zdravlja i emocionalnog blagostanja. <\/span><\/p>\n<p><span style=\"font-weight: 400;\">Stoga \u0107e projekt nastavnicima pru\u017eiti<\/span> <b>inovativnu metodologiju<\/b> <span style=\"font-weight: 400;\">za obradu teme biodiverziteta, \u0161to mo\u017ee generisati koristi za u\u010denike kako u pogledu u\u010denja, tako i u pogledu blagostanja.<\/span> <\/p>\n<p><span style=\"font-weight: 400;\">Osim toga, kao \u0161to su pokazali globalni pokreti<\/span> <b>&#8222;Fridays for Future&#8220;<\/b> <span style=\"font-weight: 400;\">i druge mladala\u010dke grupe koje su prethodne 3 godine preduzele akcije, pitanja koja se odnose na za\u0161titu \u017eivotne sredine i borbu protiv klimatskih promena velika su briga mla\u0111ih generacija, koje \u017eele imati instrumente za preduzimanje konkretnih akcija. Uticajem <\/span><b>na u\u010denike<\/b><span style=\"font-weight: 400;\">, projekt \u0107e tako\u0111e dosegnuti i njihove porodice, koje mogu biti obave\u0161tene o va\u017enosti gra\u0111anske nauke i potrebi za\u0161tite biodiverziteta.<\/span> <\/p>\n<p>[\/et_pb_tab][\/et_pb_tabs][\/et_pb_column][\/et_pb_row][\/et_pb_section][et_pb_section fb_built=&#8220;1&#8243; admin_label=&#8220;Footer&#8220; _builder_version=&#8220;4.20.4&#8243; _module_preset=&#8220;default&#8220; background_color=&#8220;#E0C588&#8243; background_enable_image=&#8220;off&#8220; background_size=&#8220;contain&#8220; background_position=&#8220;top_center&#8220; custom_padding=&#8220;||2px|||&#8220; background_last_edited=&#8220;on|tablet&#8220; background_size_tablet=&#8220;contain&#8220; background_position_tablet=&#8220;top_center&#8220; saved_tabs=&#8220;all&#8220; collapsed=&#8220;on&#8220; global_colors_info=&#8220;{}&#8220;][et_pb_row column_structure=&#8220;1_3,1_3,1_3&#8243; use_custom_gutter=&#8220;on&#8220; gutter_width=&#8220;2&#8243; _builder_version=&#8220;4.20.0&#8243; _module_preset=&#8220;default&#8220; global_colors_info=&#8220;{}&#8220;][et_pb_column type=&#8220;1_3&#8243; _builder_version=&#8220;4.20.0&#8243; _module_preset=&#8220;default&#8220; custom_padding=&#8220;30px||30px||true|false&#8220; custom_padding_tablet=&#8220;0px||0px||true|false&#8220; custom_padding_phone=&#8220;0px||0px||true|false&#8220; custom_padding_last_edited=&#8220;on|phone&#8220; global_colors_info=&#8220;{}&#8220;][et_pb_image src=&#8220;https:\/\/leafbiodiversity.eu\/wp-content\/uploads\/2024\/08\/leaf-evropska-unija-300&#215;78.png&#8220; title_text=&#8220;leaf-evropska-unija&#8220; _builder_version=&#8220;4.26.1&#8243; _module_preset=&#8220;default&#8220; hover_enabled=&#8220;0&#8243; global_colors_info=&#8220;{}&#8220; sticky_enabled=&#8220;0&#8243;][\/et_pb_image][et_pb_text _builder_version=&#8220;4.21.0&#8243; _module_preset=&#8220;default&#8220; text_font_size=&#8220;12px&#8220; text_line_height=&#8220;1.5em&#8220; global_colors_info=&#8220;{}&#8220;]<\/p>\n<p><span style=\"font-weight: 400;\">Ovaj projekat je sufinansiran uz podr\u0161ku Evropske komisije. Ova publikacija odra\u017eava samo stavove autora i Komisija se ne mo\u017ee smatrati odgovornom za bilo kakvu upotrebu informacija sadr\u017eanih u njoj.<\/span><\/p>\n<p><span style=\"font-weight: 400;\">Project N\u00b0:2022-1-RO01-KA220-SCH-000086884<\/span><\/p>\n<p>[\/et_pb_text][\/et_pb_column][et_pb_column type=&#8220;1_3&#8243; _builder_version=&#8220;4.20.0&#8243; _module_preset=&#8220;default&#8220; custom_padding=&#8220;30px||30px||true|false&#8220; custom_padding_tablet=&#8220;0px||0px||true|false&#8220; custom_padding_phone=&#8220;0px||0px||true|false&#8220; custom_padding_last_edited=&#8220;on|phone&#8220; global_colors_info=&#8220;{}&#8220;][et_pb_text _builder_version=&#8220;4.20.4&#8243; _module_preset=&#8220;d66abf77-cee8-41a0-a950-711cacee6424&#8243; header_text_align_tablet=&#8220;&#8220; header_text_align_phone=&#8220;&#8220; header_text_align_last_edited=&#8220;on|phone&#8220; header_font_size_tablet=&#8220;&#8220; header_font_size_phone=&#8220;&#8220; header_font_size_last_edited=&#8220;on|phone&#8220; text_orientation_tablet=&#8220;&#8220; text_orientation_phone=&#8220;center&#8220; text_orientation_last_edited=&#8220;on|phone&#8220; locked=&#8220;off&#8220; global_colors_info=&#8220;{}&#8220;]<\/p>\n<h5>Pratite nas<\/h5>\n<p>[\/et_pb_text][et_pb_social_media_follow icon_color=&#8220;#95AD33&#8243; use_icon_font_size=&#8220;on&#8220; icon_font_size=&#8220;14px&#8220; _builder_version=&#8220;4.21.0&#8243; _module_preset=&#8220;default&#8220; text_orientation=&#8220;left&#8220; text_orientation_tablet=&#8220;center&#8220; text_orientation_phone=&#8220;&#8220; text_orientation_last_edited=&#8220;on|phone&#8220; border_radii=&#8220;on|100px|100px|100px|100px&#8220; global_colors_info=&#8220;{}&#8220;][et_pb_social_media_follow_network social_network=&#8220;facebook&#8220; url=&#8220;https:\/\/www.facebook.com\/leafbiodiversity&#8220; _builder_version=&#8220;4.21.0&#8243; _module_preset=&#8220;default&#8220; background_color=&#8220;#EFE8D7&#8243; background_enable_color=&#8220;on&#8220; custom_padding=&#8220;4px|4px|4px|4px|true|true&#8220; global_colors_info=&#8220;{}&#8220; follow_button=&#8220;off&#8220; url_new_window=&#8220;on&#8220;]facebook[\/et_pb_social_media_follow_network][et_pb_social_media_follow_network social_network=&#8220;instagram&#8220; url=&#8220;https:\/\/www.instagram.com\/leafbiodiversity&#8220; _builder_version=&#8220;4.21.0&#8243; _module_preset=&#8220;default&#8220; background_color=&#8220;#EFE8D7&#8243; background_enable_color=&#8220;on&#8220; custom_padding=&#8220;4px|4px|4px|4px|true|true&#8220; global_colors_info=&#8220;{%22gcid-cc1e7daa-e7a2-44d1-a6d4-86221a549f5c%22:%91%22background_color%22,%22background_color%22%93}&#8220; follow_button=&#8220;off&#8220; url_new_window=&#8220;on&#8220;]instagram[\/et_pb_social_media_follow_network][\/et_pb_social_media_follow][\/et_pb_column][et_pb_column type=&#8220;1_3&#8243; _builder_version=&#8220;4.20.0&#8243; _module_preset=&#8220;default&#8220; custom_padding=&#8220;30px||30px||true|false&#8220; custom_padding_tablet=&#8220;&#8220; custom_padding_phone=&#8220;0px||0px||true|false&#8220; custom_padding_last_edited=&#8220;on|phone&#8220; global_colors_info=&#8220;{}&#8220;][et_pb_text _builder_version=&#8220;4.20.4&#8243; _module_preset=&#8220;d66abf77-cee8-41a0-a950-711cacee6424&#8243; header_5_font_size_tablet=&#8220;&#8220; header_5_font_size_phone=&#8220;&#8220; header_5_font_size_last_edited=&#8220;on|phone&#8220; locked=&#8220;off&#8220; global_colors_info=&#8220;{}&#8220;]<\/p>\n<h5>Kontakt<\/h5>\n<p>[\/et_pb_text][et_pb_blurb title=&#8220;daniela.melisch@cneminescu.ro&#8220; url=&#8220;mailto:daniela.melisch@cneminescu.ro&#8220; use_icon=&#8220;on&#8220; font_icon=&#8220;&#xe010;||divi||400&#8243; icon_color=&#8220;#95AD33&#8243; image_icon_background_color=&#8220;#EFE8D7&#8243; icon_placement=&#8220;left&#8220; image_icon_width=&#8220;20px&#8220; _builder_version=&#8220;4.21.0&#8243; _module_preset=&#8220;default&#8220; header_line_height=&#8220;2em&#8220; image_icon_custom_padding=&#8220;8px|8px|8px|8px|true|true&#8220; link_option_url=&#8220;mailto:daniela.melisch@cneminescu.ro&#8220; border_radii_image=&#8220;on|33px|33px|33px|33px&#8220; global_colors_info=&#8220;{}&#8220;][\/et_pb_blurb][\/et_pb_column][\/et_pb_row][et_pb_row column_structure=&#8220;1_5,3_5,1_5&#8243; _builder_version=&#8220;4.20.0&#8243; _module_preset=&#8220;default&#8220; border_color_all=&#8220;rgba(94,94,78,0.2)&#8220; border_width_top=&#8220;1px&#8220; global_colors_info=&#8220;{}&#8220;][et_pb_column type=&#8220;1_5&#8243; _builder_version=&#8220;4.20.0&#8243; _module_preset=&#8220;default&#8220; global_colors_info=&#8220;{}&#8220;][\/et_pb_column][et_pb_column type=&#8220;3_5&#8243; _builder_version=&#8220;4.20.0&#8243; _module_preset=&#8220;default&#8220; custom_padding=&#8220;16px||||false|false&#8220; custom_padding_tablet=&#8220;0px||||false|false&#8220; custom_padding_phone=&#8220;&#8220; custom_padding_last_edited=&#8220;on|tablet&#8220; global_colors_info=&#8220;{}&#8220;][et_pb_text _builder_version=&#8220;4.20.4&#8243; _module_preset=&#8220;default&#8220; text_font=&#8220;|700|||||||&#8220; text_font_size=&#8220;13px&#8220; link_text_color=&#8220;#95AD33&#8243; text_orientation=&#8220;center&#8220; global_colors_info=&#8220;{}&#8220;]<\/p>\n<p>Developed by <a href=\"https:\/\/ignis.hr\" target=\"_blank\" rel=\"noopener\">IGNIS<\/a><\/p>\n<p>[\/et_pb_text][\/et_pb_column][et_pb_column type=&#8220;1_5&#8243; _builder_version=&#8220;4.20.0&#8243; _module_preset=&#8220;default&#8220; custom_padding=&#8220;6px||||false|false&#8220; custom_padding_tablet=&#8220;0px||||false|false&#8220; custom_padding_phone=&#8220;&#8220; custom_padding_last_edited=&#8220;on|tablet&#8220; global_colors_info=&#8220;{}&#8220;][\/et_pb_column][\/et_pb_row][\/et_pb_section]<\/p>\n","protected":false},"excerpt":{"rendered":"<p>PROJEKATPrema Informacionom sistemu za biodiverzitet Evrope, flora Evrope obuhvata 20-25.000 vrsta a podru\u010dja s najve\u0107im bogatstvom biljnog sveta nalaze se u mediteranskom regionu. Edukacija o va\u017enosti biljnog biodiverziteta za o\u010duvanje prirodnih ekosistema i borbu protiv klimatskih promena klju\u010dna je za postizanje ciljeva strategije o\u010duvanja biodiverziteta EU. Trenutno se suo\u010davamo s globalnim gubitkom biodiverziteta, \u0161to je [&hellip;]<\/p>\n","protected":false},"author":1,"featured_media":0,"parent":0,"menu_order":0,"comment_status":"closed","ping_status":"closed","template":"","meta":{"_et_pb_use_builder":"on","_et_pb_old_content":"","_et_gb_content_width":"","footnotes":""},"class_list":["post-1942","page","type-page","status-publish","hentry"],"_links":{"self":[{"href":"https:\/\/leafbiodiversity.eu\/sr\/wp-json\/wp\/v2\/pages\/1942","targetHints":{"allow":["GET"]}}],"collection":[{"href":"https:\/\/leafbiodiversity.eu\/sr\/wp-json\/wp\/v2\/pages"}],"about":[{"href":"https:\/\/leafbiodiversity.eu\/sr\/wp-json\/wp\/v2\/types\/page"}],"author":[{"embeddable":true,"href":"https:\/\/leafbiodiversity.eu\/sr\/wp-json\/wp\/v2\/users\/1"}],"replies":[{"embeddable":true,"href":"https:\/\/leafbiodiversity.eu\/sr\/wp-json\/wp\/v2\/comments?post=1942"}],"version-history":[{"count":5,"href":"https:\/\/leafbiodiversity.eu\/sr\/wp-json\/wp\/v2\/pages\/1942\/revisions"}],"predecessor-version":[{"id":3267,"href":"https:\/\/leafbiodiversity.eu\/sr\/wp-json\/wp\/v2\/pages\/1942\/revisions\/3267"}],"wp:attachment":[{"href":"https:\/\/leafbiodiversity.eu\/sr\/wp-json\/wp\/v2\/media?parent=1942"}],"curies":[{"name":"wp","href":"https:\/\/api.w.org\/{rel}","templated":true}]}}