{"id":1135,"date":"2023-05-07T17:05:30","date_gmt":"2023-05-07T17:05:30","guid":{"rendered":"https:\/\/leafbiodiversity.eu\/activitatea-de-formare-a-formatorilor\/"},"modified":"2024-05-24T05:52:31","modified_gmt":"2024-05-24T05:52:31","slug":"activitatea-de-formare-a-formatorilor","status":"publish","type":"page","link":"https:\/\/leafbiodiversity.eu\/ro\/activitati\/activitatea-de-formare-a-formatorilor\/","title":{"rendered":"ACTIVITATEA DE FORMARE A FORMATORILOR"},"content":{"rendered":"<p>[et_pb_section fb_built=&#8221;1&#8243; _builder_version=&#8221;4.20.4&#8243; _module_preset=&#8221;default&#8221; global_colors_info=&#8221;{}&#8221;][et_pb_row _builder_version=&#8221;4.20.4&#8243; _module_preset=&#8221;default&#8221; global_colors_info=&#8221;{}&#8221;][et_pb_column type=&#8221;4_4&#8243; _builder_version=&#8221;4.20.4&#8243; _module_preset=&#8221;default&#8221; global_colors_info=&#8221;{}&#8221;][et_pb_text _builder_version=&#8221;4.23.1&#8243; _module_preset=&#8221;default&#8221; global_colors_info=&#8221;{}&#8221;]<\/p>\n<h1 style=\"text-align: center;\"><b>ACTIVITATEA DE FORMARE A FORMATORILOR<\/b><\/h1>\n<p>[\/et_pb_text][et_pb_gallery gallery_ids=&#8221;1994,2001,2008,2015&#8243; _builder_version=&#8221;4.23.1&#8243; _module_preset=&#8221;default&#8221; global_colors_info=&#8221;{}&#8221;][\/et_pb_gallery][et_pb_text _builder_version=&#8221;4.23.1&#8243; _module_preset=&#8221;default&#8221; global_colors_info=&#8221;{}&#8221;]<\/p>\n<h2><span data-contrast=\"none\">Activitate de formare a formatorilor organizat\u0103 de P1, MENC (RO), \u00een noiembrie 2023<\/span><\/h2>\n<p>Activitatea a implicat c\u00e2te un expert din partea fiec\u0103rei institu\u021bii partenere, care i-a format pe ceilal\u021bi participan\u021bi \u00een cadrul atelierelor de lucru care au avut urm\u0103toarele teme: Schimb\u0103rile climatice \u0219i biodiversitatea urban\u0103 (Modul dezvoltat de ENERGIES2050), Arii naturale protejate (Modul dezvoltat de PLATON), Parcuri \u0219i p\u0103duri urbane (Modul dezvoltat de MENC), Biodiversitatea apei (Modul dezvoltat de LINKGroup), Stimularea competen\u021belor digitale ale profesorilor (Modul dezvoltat de Dlearn), Cooperarea cu comunitatea local\u0103 (Modul dezvoltat de PASBS).<\/p>\n<p>Cadrele didactice joac\u0103 un rol crucial \u00een sprijinirea dezvolt\u0103rii elevilor \u0219i sunt agen\u021bi cheie ai schimb\u0103rii \u00een dezvoltarea \u0219colii. Proiectul nostru \u00eencurajeaz\u0103 transformarea \u0219colilor \u00een &#8222;organiza\u021bii de \u00eenv\u0103\u021bare deschise&#8221;, permi\u021b\u00e2nd profesorilor \u0219i liderilor \u0219colari s\u0103 \u00ee\u0219i \u00eembun\u0103t\u0103\u021beasc\u0103 simultan practicile pedagogice \u0219i organiza\u021bionale prin cercetare colaborativ\u0103 local\u0103, crearea de re\u021bele \u0219i dezvoltarea profesional\u0103 continu\u0103. Prin formarea cadrelor didactice \u00een domeniul \u00eenv\u0103\u021b\u0103rii practice \u0219i al cet\u0103\u021beniei active, LEAF contribuie la dezvoltarea liderilor \u0219colari \u0219i la consolidarea rela\u021biei \u0219colii cu comunitatea.<\/p>\n<p>Biodiversitatea se potrive\u0219te bine nu numai cu programele ariilor curriculare \u0218tiin\u021be \u0219i geografie, ci \u0219i cu multe alte materii, \u00een special atunci c\u00e2nd \u00eenv\u0103\u021barea se face \u00een afara clasei. De exemplu, monitorizarea biodiversit\u0103\u021bii ofer\u0103 o multitudine de date care pot fi folosite \u00een clas\u0103 pentru a sus\u021bine lec\u021biile de calcul. De asemenea, natura a oferit timp de secole inspira\u021bie pentru poezie, art\u0103 \u0219i literatur\u0103. Biodiversitatea reprezint\u0103, de asemenea, contextul pentru discu\u021bii despre cet\u0103\u021benie. \u00cen plus, la nivelul \u00eenv\u0103\u021b\u0103m\u00e2ntului secundar, aceasta contribuie la dezvoltarea unei abord\u0103ri de g\u00e2ndire ecologic\u0103 \u0219i sistemic\u0103 prin studierea lan\u021burilor din cadrul ecosistemelor \u0219i a impactului proceselor naturale asupra bun\u0103st\u0103rii umane.<\/p>\n<p>Aceast\u0103 activitate de formare a avut ca scop:<\/p>\n<ul>\n<li><span data-contrast=\"auto\">Crearea unei noi metodologii de \u00eenv\u0103\u021bare practic\u0103 pentru \u0219colile din ciclul secundar, care s\u0103 vizeze monitorizarea \u0219i protec\u021bia biodiversit\u0103\u021bii vegetale locale.<\/span><span data-ccp-props=\"{\" 201341983=\"\" :0=\"\" 335551550=\"\" :6=\"\" 335551620=\"\" 335559739=\"\" 335559740=\"\" :240=\"\"><\/span><\/li>\n<li><span data-contrast=\"auto\">Cre\u0219terea procentului de medii vegetale europene monitorizate \u00een mod regulat.<\/span><span data-ccp-props=\"{\" 201341983=\"\" :0=\"\" 335551550=\"\" :6=\"\" 335551620=\"\" 335559739=\"\" 335559740=\"\" :240=\"\"><\/span><\/li>\n<li><span data-contrast=\"auto\">Promovarea unui nou model de ini\u021biativ\u0103 cet\u0103\u021beneasc\u0103 la nivel local dedicat\u0103 biodiversit\u0103\u021bii plantelor, realizat\u0103 de \u0219coli;<\/span><span data-ccp-props=\"{\" 201341983=\"\" :0=\"\" 335551550=\"\" :6=\"\" 335551620=\"\" 335559739=\"\" 335559740=\"\" :240=\"\"><\/span><\/li>\n<li><span data-contrast=\"auto\">\u00cembun\u0103t\u0103\u021birea calit\u0103\u021bii \u00eenv\u0103\u021b\u0103rii STEM pentru elevii din \u0219colile secundare prin intermediul unor metodologii inovatoare bazate pe proiecte.<\/span><span data-ccp-props=\"{\" 201341983=\"\" :0=\"\" 335551550=\"\" :6=\"\" 335551620=\"\" 335559739=\"\" 335559740=\"\" :240=\"\"><\/span><\/li>\n<li><span data-contrast=\"auto\">Corelarea programelor \u0219i a obiectivelor de \u00eenv\u0103\u021bare ale elevilor cu nevoile reale ale comunit\u0103\u021bii, dep\u0103\u0219ind astfel vechea metod\u0103 de \u00eenv\u0103\u021bare pasiv\u0103 \u00een care elevii primesc doar informa\u021bii de la profesori, f\u0103r\u0103 feedback sau aplica\u021bii practice.<\/span><span data-ccp-props=\"{\" 201341983=\"\" :0=\"\" 335551550=\"\" :6=\"\" 335551620=\"\" 335559739=\"\" 335559740=\"\" :240=\"\"><\/span><\/li>\n<li><span data-contrast=\"auto\">Cre\u0219terea angajamentului \u0219i a particip\u0103rii elevilor, comb\u0103t\u00e2nd astfel abandonul \u0219colar timpuriu.<\/span><span data-ccp-props=\"{\" 201341983=\"\" :0=\"\" 335551550=\"\" :6=\"\" 335551620=\"\" 335559739=\"\" 335559740=\"\" :240=\"\"><\/span><\/li>\n<li><span data-contrast=\"auto\">Promovarea cet\u0103\u021beniei active, a protec\u021biei mediului, a incluziunii sociale \u0219i a stabilirii unei cooper\u0103ri structurate pe termen lung \u00eentre \u0219coli \u0219i p\u0103r\u021bile interesate la nivel local.<\/span><\/li>\n<\/ul>\n<p><span data-contrast=\"none\">Astfel, activitatea noastr\u0103 de formare a reu\u0219it s\u0103:<\/span><span data-ccp-props=\"{\" 201341983=\"\" :0=\"\" 335551550=\"\" :6=\"\" 335551620=\"\" 335559739=\"\" 335559740=\"\" :240=\"\"> <\/span><\/p>\n<ol>\n<li><span data-contrast=\"none\">Sprijine dezvoltarea competen\u021belor de sustenabilitate \u00een conformitate cu Cadrul european de competen\u021be \u00een domeniul sustenabilit\u0103\u021bii (GreenComp). Ea poate face acest lucru printr-o abordare didactic\u0103 inovatoare \u0219i multidisciplinar\u0103 care promoveaz\u0103 angajamentul civic \u0219i \u00eenv\u0103\u021barea experien\u021bial\u0103.<\/span><span data-ccp-props=\"{\" 201341983=\"\" :0=\"\" 335551550=\"\" :6=\"\" 335551620=\"\" 335559739=\"\" 335559740=\"\" :240=\"\"><\/span><\/li>\n<li><span data-contrast=\"none\">Sensibilizeze participan\u021bii cu privire la importan\u021ba biodiversit\u0103\u021bii \u0219i la necesitatea de a proteja natura \u0219i promovarea importan\u021bei cet\u0103\u021beniei active pentru monitorizarea biodiversit\u0103\u021bii plantelor. Prin educa\u021bie, proiectul \u00ee\u0219i propune s\u0103 fac\u0103 din profesori \u0219i elevi agen\u021bi ai schimb\u0103rii.<\/span><span data-ccp-props=\"{\" 201341983=\"\" :0=\"\" 335551550=\"\" :6=\"\" 335551620=\"\" 335559739=\"\" 335559740=\"\" :240=\"\"><\/span><\/li>\n<li><span data-contrast=\"none\">Ofere cadrelor didactice o oportunitate unic\u0103 de dezvoltare profesional\u0103 continu\u0103 pentru a-\u0219i \u00eembun\u0103t\u0103\u021bi abilit\u0103\u021bile \u00een utilizarea unei abord\u0103ri didactice inovatoare \u0219i multidisciplinare.<\/span><span data-ccp-props=\"{\" 201341983=\"\" :0=\"\" 335551550=\"\" :6=\"\" 335551620=\"\" 335559739=\"\" 335559740=\"\" :240=\"\"><\/span><\/li>\n<\/ol>\n<p>[\/et_pb_text][\/et_pb_column][\/et_pb_row][\/et_pb_section][et_pb_section fb_built=&#8221;1&#8243; admin_label=&#8221;Footer&#8221; _builder_version=&#8221;4.20.4&#8243; _module_preset=&#8221;default&#8221; background_color=&#8221;#E0C588&#8243; background_enable_image=&#8221;off&#8221; background_size=&#8221;contain&#8221; background_position=&#8221;top_center&#8221; custom_padding=&#8221;||2px|||&#8221; background_last_edited=&#8221;on|tablet&#8221; background_size_tablet=&#8221;contain&#8221; background_position_tablet=&#8221;top_center&#8221; saved_tabs=&#8221;all&#8221; collapsed=&#8221;on&#8221; global_colors_info=&#8221;{}&#8221;][et_pb_row column_structure=&#8221;1_3,1_3,1_3&#8243; use_custom_gutter=&#8221;on&#8221; gutter_width=&#8221;2&#8243; _builder_version=&#8221;4.20.0&#8243; _module_preset=&#8221;default&#8221; global_colors_info=&#8221;{}&#8221;][et_pb_column type=&#8221;1_3&#8243; _builder_version=&#8221;4.20.0&#8243; _module_preset=&#8221;default&#8221; custom_padding=&#8221;30px||30px||true|false&#8221; custom_padding_tablet=&#8221;0px||0px||true|false&#8221; custom_padding_phone=&#8221;0px||0px||true|false&#8221; custom_padding_last_edited=&#8221;on|phone&#8221; global_colors_info=&#8221;{}&#8221;][et_pb_image src=&#8221;https:\/\/leafbiodiversity.eu\/wp-content\/uploads\/2024\/05\/RO-Cofinantat-de-Uniunea-Europeana_POS-1-300&#215;63.jpg&#8221; title_text=&#8221;LogosBeneficairesErasmus+RIGHT_EN-1000&#8243; _builder_version=&#8221;4.25.0&#8243; _module_preset=&#8221;default&#8221; hover_enabled=&#8221;0&#8243; global_colors_info=&#8221;{}&#8221; sticky_enabled=&#8221;0&#8243;][\/et_pb_image][et_pb_text _builder_version=&#8221;4.25.0&#8243; _module_preset=&#8221;default&#8221; text_font_size=&#8221;12px&#8221; text_line_height=&#8221;1.5em&#8221; hover_enabled=&#8221;0&#8243; global_colors_info=&#8221;{}&#8221; sticky_enabled=&#8221;0&#8243;]<\/p>\n<p>Acest proiect a fost cofinan\u021bat cu sprijinul Comisiei Europene. Prezenta comunicare reflect\u0103 numai punctul de vedere al autorului, iar Comisia nu poate fi considerat\u0103 responsabil\u0103 pentru utiliz\u0103rile date informa\u021biilor con\u021binute \u00een aceasta.<\/p>\n<p><span style=\"font-weight: 400;\">Num\u0103rul proiectului: 2022-1-RO01-KA220-SCH-000086884<\/span><\/p>\n<p>[\/et_pb_text][\/et_pb_column][et_pb_column type=&#8221;1_3&#8243; _builder_version=&#8221;4.20.0&#8243; _module_preset=&#8221;default&#8221; custom_padding=&#8221;30px||30px||true|false&#8221; custom_padding_tablet=&#8221;0px||0px||true|false&#8221; custom_padding_phone=&#8221;0px||0px||true|false&#8221; custom_padding_last_edited=&#8221;on|phone&#8221; global_colors_info=&#8221;{}&#8221;][et_pb_text _builder_version=&#8221;4.25.0&#8243; _module_preset=&#8221;d66abf77-cee8-41a0-a950-711cacee6424&#8243; hover_enabled=&#8221;0&#8243; header_text_align_tablet=&#8221;&#8221; header_text_align_phone=&#8221;&#8221; header_text_align_last_edited=&#8221;on|phone&#8221; header_font_size_tablet=&#8221;&#8221; header_font_size_phone=&#8221;&#8221; header_font_size_last_edited=&#8221;on|phone&#8221; text_orientation_tablet=&#8221;&#8221; text_orientation_phone=&#8221;center&#8221; text_orientation_last_edited=&#8221;on|phone&#8221; locked=&#8221;off&#8221; global_colors_info=&#8221;{}&#8221; sticky_enabled=&#8221;0&#8243;]<\/p>\n<h5>Urm\u0103ri\u021bi-ne<\/h5>\n<p>[\/et_pb_text][et_pb_social_media_follow icon_color=&#8221;#95AD33&#8243; use_icon_font_size=&#8221;on&#8221; icon_font_size=&#8221;14px&#8221; _builder_version=&#8221;4.21.0&#8243; _module_preset=&#8221;default&#8221; text_orientation=&#8221;left&#8221; text_orientation_tablet=&#8221;center&#8221; text_orientation_phone=&#8221;&#8221; text_orientation_last_edited=&#8221;on|phone&#8221; border_radii=&#8221;on|100px|100px|100px|100px&#8221; global_colors_info=&#8221;{}&#8221;][et_pb_social_media_follow_network social_network=&#8221;facebook&#8221; url=&#8221;https:\/\/www.facebook.com\/leafbiodiversity&#8221; _builder_version=&#8221;4.21.0&#8243; _module_preset=&#8221;default&#8221; background_color=&#8221;#EFE8D7&#8243; background_enable_color=&#8221;on&#8221; custom_padding=&#8221;4px|4px|4px|4px|true|true&#8221; global_colors_info=&#8221;{}&#8221; follow_button=&#8221;off&#8221; url_new_window=&#8221;on&#8221;]facebook[\/et_pb_social_media_follow_network][et_pb_social_media_follow_network social_network=&#8221;instagram&#8221; url=&#8221;https:\/\/www.instagram.com\/leafbiodiversity&#8221; _builder_version=&#8221;4.21.0&#8243; _module_preset=&#8221;default&#8221; background_color=&#8221;#EFE8D7&#8243; background_enable_color=&#8221;on&#8221; custom_padding=&#8221;4px|4px|4px|4px|true|true&#8221; global_colors_info=&#8221;{%22gcid-cc1e7daa-e7a2-44d1-a6d4-86221a549f5c%22:%91%22background_color%22,%22background_color%22%93}&#8221; follow_button=&#8221;off&#8221; url_new_window=&#8221;on&#8221;]instagram[\/et_pb_social_media_follow_network][\/et_pb_social_media_follow][\/et_pb_column][et_pb_column type=&#8221;1_3&#8243; _builder_version=&#8221;4.20.0&#8243; _module_preset=&#8221;default&#8221; custom_padding=&#8221;30px||30px||true|false&#8221; custom_padding_tablet=&#8221;&#8221; custom_padding_phone=&#8221;0px||0px||true|false&#8221; custom_padding_last_edited=&#8221;on|phone&#8221; global_colors_info=&#8221;{}&#8221;][et_pb_text _builder_version=&#8221;4.25.0&#8243; _module_preset=&#8221;d66abf77-cee8-41a0-a950-711cacee6424&#8243; hover_enabled=&#8221;0&#8243; header_5_font_size_tablet=&#8221;&#8221; header_5_font_size_phone=&#8221;&#8221; header_5_font_size_last_edited=&#8221;on|phone&#8221; locked=&#8221;off&#8221; global_colors_info=&#8221;{}&#8221; sticky_enabled=&#8221;0&#8243;]<\/p>\n<h5>Date de contact<\/h5>\n<p>[\/et_pb_text][et_pb_blurb title=&#8221;daniela.melisch@cneminescu.ro&#8221; url=&#8221;mailto:daniela.melisch@cneminescu.ro&#8221; use_icon=&#8221;on&#8221; font_icon=&#8221;&#xe010;||divi||400&#8243; icon_color=&#8221;#95AD33&#8243; image_icon_background_color=&#8221;#EFE8D7&#8243; icon_placement=&#8221;left&#8221; image_icon_width=&#8221;20px&#8221; _builder_version=&#8221;4.21.0&#8243; _module_preset=&#8221;default&#8221; header_line_height=&#8221;2em&#8221; image_icon_custom_padding=&#8221;8px|8px|8px|8px|true|true&#8221; link_option_url=&#8221;mailto:daniela.melisch@cneminescu.ro&#8221; border_radii_image=&#8221;on|33px|33px|33px|33px&#8221; global_colors_info=&#8221;{}&#8221;][\/et_pb_blurb][\/et_pb_column][\/et_pb_row][et_pb_row column_structure=&#8221;1_5,3_5,1_5&#8243; _builder_version=&#8221;4.20.0&#8243; _module_preset=&#8221;default&#8221; border_color_all=&#8221;rgba(94,94,78,0.2)&#8221; border_width_top=&#8221;1px&#8221; global_colors_info=&#8221;{}&#8221;][et_pb_column type=&#8221;1_5&#8243; _builder_version=&#8221;4.20.0&#8243; _module_preset=&#8221;default&#8221; global_colors_info=&#8221;{}&#8221;][\/et_pb_column][et_pb_column type=&#8221;3_5&#8243; _builder_version=&#8221;4.20.0&#8243; _module_preset=&#8221;default&#8221; custom_padding=&#8221;16px||||false|false&#8221; custom_padding_tablet=&#8221;0px||||false|false&#8221; custom_padding_phone=&#8221;&#8221; custom_padding_last_edited=&#8221;on|tablet&#8221; global_colors_info=&#8221;{}&#8221;][et_pb_text _builder_version=&#8221;4.20.4&#8243; _module_preset=&#8221;default&#8221; text_font=&#8221;|700|||||||&#8221; text_font_size=&#8221;13px&#8221; link_text_color=&#8221;#95AD33&#8243; text_orientation=&#8221;center&#8221; global_colors_info=&#8221;{}&#8221;]<\/p>\n<p>Developed by <a href=\"https:\/\/ignis.hr\" target=\"_blank\" rel=\"noopener\">IGNIS<\/a><\/p>\n<p>[\/et_pb_text][\/et_pb_column][et_pb_column type=&#8221;1_5&#8243; _builder_version=&#8221;4.20.0&#8243; _module_preset=&#8221;default&#8221; custom_padding=&#8221;6px||||false|false&#8221; custom_padding_tablet=&#8221;0px||||false|false&#8221; custom_padding_phone=&#8221;&#8221; custom_padding_last_edited=&#8221;on|tablet&#8221; global_colors_info=&#8221;{}&#8221;][\/et_pb_column][\/et_pb_row][\/et_pb_section]<\/p>\n","protected":false},"excerpt":{"rendered":"<p>ACTIVITATEA DE FORMARE A FORMATORILORActivitate de formare a formatorilor organizat\u0103 de P1, MENC (RO), \u00een noiembrie 2023 Activitatea a implicat c\u00e2te un expert din partea fiec\u0103rei institu\u021bii partenere, care i-a format pe ceilal\u021bi participan\u021bi \u00een cadrul atelierelor de lucru care au avut urm\u0103toarele teme: Schimb\u0103rile climatice \u0219i biodiversitatea urban\u0103 (Modul dezvoltat de ENERGIES2050), Arii naturale [&hellip;]<\/p>\n","protected":false},"author":1,"featured_media":0,"parent":1180,"menu_order":0,"comment_status":"closed","ping_status":"closed","template":"","meta":{"_et_pb_use_builder":"on","_et_pb_old_content":"","_et_gb_content_width":"","footnotes":""},"class_list":["post-1135","page","type-page","status-publish","hentry"],"_links":{"self":[{"href":"https:\/\/leafbiodiversity.eu\/ro\/wp-json\/wp\/v2\/pages\/1135","targetHints":{"allow":["GET"]}}],"collection":[{"href":"https:\/\/leafbiodiversity.eu\/ro\/wp-json\/wp\/v2\/pages"}],"about":[{"href":"https:\/\/leafbiodiversity.eu\/ro\/wp-json\/wp\/v2\/types\/page"}],"author":[{"embeddable":true,"href":"https:\/\/leafbiodiversity.eu\/ro\/wp-json\/wp\/v2\/users\/1"}],"replies":[{"embeddable":true,"href":"https:\/\/leafbiodiversity.eu\/ro\/wp-json\/wp\/v2\/comments?post=1135"}],"version-history":[{"count":11,"href":"https:\/\/leafbiodiversity.eu\/ro\/wp-json\/wp\/v2\/pages\/1135\/revisions"}],"predecessor-version":[{"id":2757,"href":"https:\/\/leafbiodiversity.eu\/ro\/wp-json\/wp\/v2\/pages\/1135\/revisions\/2757"}],"up":[{"embeddable":true,"href":"https:\/\/leafbiodiversity.eu\/ro\/wp-json\/wp\/v2\/pages\/1180"}],"wp:attachment":[{"href":"https:\/\/leafbiodiversity.eu\/ro\/wp-json\/wp\/v2\/media?parent=1135"}],"curies":[{"name":"wp","href":"https:\/\/api.w.org\/{rel}","templated":true}]}}