{"id":1113,"date":"2023-05-07T14:43:42","date_gmt":"2023-05-07T14:43:42","guid":{"rendered":"https:\/\/leafbiodiversity.eu\/rezultate\/manualul-profesorului\/"},"modified":"2024-10-03T20:35:10","modified_gmt":"2024-10-03T20:35:10","slug":"manualul-profesorului","status":"publish","type":"page","link":"https:\/\/leafbiodiversity.eu\/ro\/rezultate\/manualul-profesorului\/","title":{"rendered":"MANUALUL PROFESORULUI"},"content":{"rendered":"<p>[et_pb_section fb_built=&#8221;1&#8243; _builder_version=&#8221;4.20.4&#8243; _module_preset=&#8221;default&#8221; global_colors_info=&#8221;{}&#8221;][et_pb_row _builder_version=&#8221;4.20.4&#8243; _module_preset=&#8221;default&#8221; global_colors_info=&#8221;{}&#8221;][et_pb_column type=&#8221;4_4&#8243; _builder_version=&#8221;4.20.4&#8243; _module_preset=&#8221;default&#8221; global_colors_info=&#8221;{}&#8221;][et_pb_text _builder_version=&#8221;4.20.4&#8243; _module_preset=&#8221;default&#8221; global_colors_info=&#8221;{}&#8221;]<\/p>\n<h1 style=\"text-align: center;\"><b>MANUALUL PROFESORULUI<\/b><\/h1>\n<p>[\/et_pb_text][et_pb_image src=&#8221;https:\/\/leafbiodiversity.eu\/wp-content\/uploads\/2024\/01\/leaf-hanbook-300&#215;244.png&#8221; title_text=&#8221;leaf hanbook&#8221; align=&#8221;center&#8221; _builder_version=&#8221;4.23.1&#8243; _module_preset=&#8221;default&#8221; global_colors_info=&#8221;{}&#8221;][\/et_pb_image][et_pb_text _builder_version=&#8221;4.24.0&#8243; _module_preset=&#8221;default&#8221; hover_enabled=&#8221;0&#8243; global_colors_info=&#8221;{}&#8221; sticky_enabled=&#8221;0&#8243;]<\/p>\n<p>Suntem m\u00e2ndri s\u0103 v\u0103 prezent\u0103m manualul nostru pentru profesori, o resurs\u0103 cuprinz\u0103toare conceput\u0103 pentru a le permite educatorilor s\u0103 promoveze o \u00een\u021belegere \u0219i o apreciere profund\u0103 a biodiversit\u0103\u021bii prin experien\u021be practice.<\/p>\n<h2><strong>Despre manual:<\/strong><\/h2>\n<p>Descoperi\u021bi o colec\u021bie de strategii de predare inovatoare, activit\u0103\u021bi captivante \u0219i \u00eendrum\u0103ri practice elaborate cu scopul de a inspira urm\u0103toarea genera\u021bie de administratori ai mediului. Manualul este o dovad\u0103 a angajamentului nostru de a dota cadrele didactice cu instrumentele de care au nevoie pentru a integra biodiversitatea f\u0103r\u0103 probleme \u00een programa de \u00eenv\u0103\u021b\u0103m\u00e2nt.<\/p>\n<h2><strong>Caracteristici principale:<\/strong><\/h2>\n<ul>\n<li><strong>Planuri de module interactive: <\/strong>Explora\u021bi o colec\u021bie de \u0219ase module care aduc biodiversitatea la via\u021b\u0103 \u00een sala de clas\u0103, dar \u0219i \u00een comunitatea local\u0103, \u00eencuraj\u00e2nd participarea activ\u0103 \u0219i curiozitatea.<\/li>\n<li><strong>Aventuri de \u00eenv\u0103\u021bare \u00een aer liber:<\/strong> Scufund\u0103-te \u00een strategii de \u0219tiin\u021b\u0103 cet\u0103\u021beneasc\u0103, de \u00eenv\u0103\u021bare prin servicii \u0219i proiecte pentru a duce experien\u021ba de \u00eenv\u0103\u021bare dincolo de zidurile s\u0103lii de clas\u0103, \u00eembr\u0103\u021bi\u0219\u00e2nd posibilit\u0103\u021bile \u00eembucur\u0103toare ale educa\u021biei \u00een aer liber.<\/li>\n<li><strong>Abordare multidisciplinar\u0103:<\/strong> Asista\u021bi la integrarea perfect\u0103 a conceptelor de biodiversitate \u00een diverse materii, promov\u00e2nd o \u00een\u021belegere holistic\u0103 a re\u021belei interconectate a vie\u021bii.<\/li>\n<\/ul>\n<h2><strong>De ce este important\u0103 educa\u021bia \u00een domeniul biodiversit\u0103\u021bii:<\/strong><\/h2>\n<p>Biodiversitatea este inima planetei noastre \u0219i, insufl\u00e2ndu-le elevilor no\u0219tri dragostea pentru natur\u0103, le d\u0103m posibilitatea de a deveni administratori ai unui viitor durabil. Acest manual v\u0103 serve\u0219te drept busol\u0103, ghid\u00e2ndu-v\u0103 \u00een c\u0103l\u0103toria de cultivare a acestei mentalit\u0103\u021bi \u00een r\u00e2ndul elevilor dumneavoastr\u0103.<\/p>\n<h2><strong>\u00cencepe\u021bi:<\/strong><\/h2>\n<p>Porni\u021bi \u00eentr-o c\u0103l\u0103torie educa\u021bional\u0103 transformatoare cu Manualul nostru pentru profesori. \u00cempreun\u0103, haide\u021bi s\u0103 cultiv\u0103m o genera\u021bie care nu numai c\u0103 apreciaz\u0103 bog\u0103\u021bia biodiversit\u0103\u021bii, dar contribuie activ la conservarea acesteia, se implic\u0103 \u00een comunitatea local\u0103 \u0219i creeaz\u0103 un viitor mai bun.<\/p>\n<p>Al\u0103tura\u021bi-v\u0103 nou\u0103 pentru a sem\u0103na semin\u021bele curiozit\u0103\u021bii, pentru a promova dragostea pentru natur\u0103 \u0219i pentru a cultiva un respect profund pentru diversele forme de via\u021b\u0103 care fac ca planeta noastr\u0103 s\u0103 fie cu adev\u0103rat extraordinar\u0103.<\/p>\n<p>[\/et_pb_text][\/et_pb_column][\/et_pb_row][et_pb_row _builder_version=&#8221;4.23.1&#8243; _module_preset=&#8221;default&#8221; global_colors_info=&#8221;{}&#8221;][et_pb_column type=&#8221;4_4&#8243; _builder_version=&#8221;4.23.1&#8243; _module_preset=&#8221;default&#8221; global_colors_info=&#8221;{}&#8221;][et_pb_button button_url=&#8221;https:\/\/leafbiodiversity.eu\/wp-content\/uploads\/2024\/10\/LEAF_Handbook_RO-1.pdf&#8221; url_new_window=&#8221;on&#8221; button_text=&#8221;MANUALUL PROFESORULUI&#8221; button_alignment=&#8221;center&#8221; _builder_version=&#8221;4.27.0&#8243; _module_preset=&#8221;default&#8221; hover_enabled=&#8221;0&#8243; global_colors_info=&#8221;{}&#8221; sticky_enabled=&#8221;0&#8243;][\/et_pb_button][\/et_pb_column][\/et_pb_row][\/et_pb_section][et_pb_section fb_built=&#8221;1&#8243; admin_label=&#8221;Footer&#8221; _builder_version=&#8221;4.20.4&#8243; _module_preset=&#8221;default&#8221; background_color=&#8221;#E0C588&#8243; background_enable_image=&#8221;off&#8221; background_size=&#8221;contain&#8221; background_position=&#8221;top_center&#8221; custom_padding=&#8221;||2px|||&#8221; background_last_edited=&#8221;on|tablet&#8221; background_size_tablet=&#8221;contain&#8221; background_position_tablet=&#8221;top_center&#8221; saved_tabs=&#8221;all&#8221; collapsed=&#8221;on&#8221; global_colors_info=&#8221;{}&#8221;][et_pb_row column_structure=&#8221;1_3,1_3,1_3&#8243; use_custom_gutter=&#8221;on&#8221; gutter_width=&#8221;2&#8243; _builder_version=&#8221;4.20.0&#8243; _module_preset=&#8221;default&#8221; global_colors_info=&#8221;{}&#8221;][et_pb_column type=&#8221;1_3&#8243; _builder_version=&#8221;4.20.0&#8243; _module_preset=&#8221;default&#8221; custom_padding=&#8221;30px||30px||true|false&#8221; custom_padding_tablet=&#8221;0px||0px||true|false&#8221; custom_padding_phone=&#8221;0px||0px||true|false&#8221; custom_padding_last_edited=&#8221;on|phone&#8221; global_colors_info=&#8221;{}&#8221;][et_pb_image src=&#8221;https:\/\/leafbiodiversity.eu\/wp-content\/uploads\/2024\/05\/RO-Cofinantat-de-Uniunea-Europeana_POS-1-300&#215;63.jpg&#8221; title_text=&#8221;LogosBeneficairesErasmus+RIGHT_EN-1000&#8243; _builder_version=&#8221;4.25.0&#8243; _module_preset=&#8221;default&#8221; global_colors_info=&#8221;{}&#8221;][\/et_pb_image][et_pb_text _builder_version=&#8221;4.25.0&#8243; _module_preset=&#8221;default&#8221; text_font_size=&#8221;12px&#8221; text_line_height=&#8221;1.5em&#8221; global_colors_info=&#8221;{}&#8221;]<\/p>\n<p>Acest proiect a fost cofinan\u021bat cu sprijinul Comisiei Europene. Prezenta comunicare reflect\u0103 numai punctul de vedere al autorului, iar Comisia nu poate fi considerat\u0103 responsabil\u0103 pentru utiliz\u0103rile date informa\u021biilor con\u021binute \u00een aceasta.<\/p>\n<p><span style=\"font-weight: 400;\">Num\u0103rul proiectului: 2022-1-RO01-KA220-SCH-000086884<\/span><\/p>\n<p>[\/et_pb_text][\/et_pb_column][et_pb_column type=&#8221;1_3&#8243; _builder_version=&#8221;4.20.0&#8243; _module_preset=&#8221;default&#8221; custom_padding=&#8221;30px||30px||true|false&#8221; custom_padding_tablet=&#8221;0px||0px||true|false&#8221; custom_padding_phone=&#8221;0px||0px||true|false&#8221; custom_padding_last_edited=&#8221;on|phone&#8221; global_colors_info=&#8221;{}&#8221;][et_pb_text _builder_version=&#8221;4.25.0&#8243; _module_preset=&#8221;d66abf77-cee8-41a0-a950-711cacee6424&#8243; header_text_align_tablet=&#8221;&#8221; header_text_align_phone=&#8221;&#8221; header_text_align_last_edited=&#8221;on|phone&#8221; header_font_size_tablet=&#8221;&#8221; header_font_size_phone=&#8221;&#8221; header_font_size_last_edited=&#8221;on|phone&#8221; text_orientation_tablet=&#8221;&#8221; text_orientation_phone=&#8221;center&#8221; text_orientation_last_edited=&#8221;on|phone&#8221; locked=&#8221;off&#8221; global_colors_info=&#8221;{}&#8221;]<\/p>\n<h5>Urm\u0103ri\u021bi-ne<\/h5>\n<p>[\/et_pb_text][et_pb_social_media_follow icon_color=&#8221;#95AD33&#8243; use_icon_font_size=&#8221;on&#8221; icon_font_size=&#8221;14px&#8221; _builder_version=&#8221;4.21.0&#8243; _module_preset=&#8221;default&#8221; text_orientation=&#8221;left&#8221; text_orientation_tablet=&#8221;center&#8221; text_orientation_phone=&#8221;&#8221; text_orientation_last_edited=&#8221;on|phone&#8221; border_radii=&#8221;on|100px|100px|100px|100px&#8221; global_colors_info=&#8221;{}&#8221;][et_pb_social_media_follow_network social_network=&#8221;facebook&#8221; url=&#8221;https:\/\/www.facebook.com\/leafbiodiversity&#8221; _builder_version=&#8221;4.21.0&#8243; _module_preset=&#8221;default&#8221; background_color=&#8221;#EFE8D7&#8243; background_enable_color=&#8221;on&#8221; custom_padding=&#8221;4px|4px|4px|4px|true|true&#8221; global_colors_info=&#8221;{}&#8221; follow_button=&#8221;off&#8221; url_new_window=&#8221;on&#8221;]facebook[\/et_pb_social_media_follow_network][et_pb_social_media_follow_network social_network=&#8221;instagram&#8221; url=&#8221;https:\/\/www.instagram.com\/leafbiodiversity&#8221; _builder_version=&#8221;4.21.0&#8243; _module_preset=&#8221;default&#8221; background_color=&#8221;#EFE8D7&#8243; background_enable_color=&#8221;on&#8221; custom_padding=&#8221;4px|4px|4px|4px|true|true&#8221; global_colors_info=&#8221;{%22gcid-cc1e7daa-e7a2-44d1-a6d4-86221a549f5c%22:%91%22background_color%22,%22background_color%22%93}&#8221; follow_button=&#8221;off&#8221; url_new_window=&#8221;on&#8221;]instagram[\/et_pb_social_media_follow_network][\/et_pb_social_media_follow][\/et_pb_column][et_pb_column type=&#8221;1_3&#8243; _builder_version=&#8221;4.20.0&#8243; _module_preset=&#8221;default&#8221; custom_padding=&#8221;30px||30px||true|false&#8221; custom_padding_tablet=&#8221;&#8221; custom_padding_phone=&#8221;0px||0px||true|false&#8221; custom_padding_last_edited=&#8221;on|phone&#8221; global_colors_info=&#8221;{}&#8221;][et_pb_text _builder_version=&#8221;4.25.0&#8243; _module_preset=&#8221;d66abf77-cee8-41a0-a950-711cacee6424&#8243; header_5_font_size_tablet=&#8221;&#8221; header_5_font_size_phone=&#8221;&#8221; header_5_font_size_last_edited=&#8221;on|phone&#8221; locked=&#8221;off&#8221; global_colors_info=&#8221;{}&#8221;]<\/p>\n<h5>Date de contact<\/h5>\n<p>[\/et_pb_text][et_pb_blurb title=&#8221;daniela.melisch@cneminescu.ro&#8221; url=&#8221;mailto:daniela.melisch@cneminescu.ro&#8221; use_icon=&#8221;on&#8221; font_icon=&#8221;&#xe010;||divi||400&#8243; icon_color=&#8221;#95AD33&#8243; image_icon_background_color=&#8221;#EFE8D7&#8243; icon_placement=&#8221;left&#8221; image_icon_width=&#8221;20px&#8221; _builder_version=&#8221;4.21.0&#8243; _module_preset=&#8221;default&#8221; header_line_height=&#8221;2em&#8221; image_icon_custom_padding=&#8221;8px|8px|8px|8px|true|true&#8221; link_option_url=&#8221;mailto:daniela.melisch@cneminescu.ro&#8221; border_radii_image=&#8221;on|33px|33px|33px|33px&#8221; global_colors_info=&#8221;{}&#8221;][\/et_pb_blurb][\/et_pb_column][\/et_pb_row][et_pb_row column_structure=&#8221;1_5,3_5,1_5&#8243; _builder_version=&#8221;4.20.0&#8243; _module_preset=&#8221;default&#8221; border_color_all=&#8221;rgba(94,94,78,0.2)&#8221; border_width_top=&#8221;1px&#8221; global_colors_info=&#8221;{}&#8221;][et_pb_column type=&#8221;1_5&#8243; _builder_version=&#8221;4.20.0&#8243; _module_preset=&#8221;default&#8221; global_colors_info=&#8221;{}&#8221;][\/et_pb_column][et_pb_column type=&#8221;3_5&#8243; _builder_version=&#8221;4.20.0&#8243; _module_preset=&#8221;default&#8221; custom_padding=&#8221;16px||||false|false&#8221; custom_padding_tablet=&#8221;0px||||false|false&#8221; custom_padding_phone=&#8221;&#8221; custom_padding_last_edited=&#8221;on|tablet&#8221; global_colors_info=&#8221;{}&#8221;][et_pb_text _builder_version=&#8221;4.20.4&#8243; _module_preset=&#8221;default&#8221; text_font=&#8221;|700|||||||&#8221; text_font_size=&#8221;13px&#8221; link_text_color=&#8221;#95AD33&#8243; text_orientation=&#8221;center&#8221; global_colors_info=&#8221;{}&#8221;]<\/p>\n<p>Developed by <a href=\"https:\/\/ignis.hr\" target=\"_blank\" rel=\"noopener\">IGNIS<\/a><\/p>\n<p>[\/et_pb_text][\/et_pb_column][et_pb_column type=&#8221;1_5&#8243; _builder_version=&#8221;4.20.0&#8243; _module_preset=&#8221;default&#8221; custom_padding=&#8221;6px||||false|false&#8221; custom_padding_tablet=&#8221;0px||||false|false&#8221; custom_padding_phone=&#8221;&#8221; custom_padding_last_edited=&#8221;on|tablet&#8221; global_colors_info=&#8221;{}&#8221;][\/et_pb_column][\/et_pb_row][\/et_pb_section]<\/p>\n","protected":false},"excerpt":{"rendered":"<p>MANUALUL PROFESORULUISuntem m\u00e2ndri s\u0103 v\u0103 prezent\u0103m manualul nostru pentru profesori, o resurs\u0103 cuprinz\u0103toare conceput\u0103 pentru a le permite educatorilor s\u0103 promoveze o \u00een\u021belegere \u0219i o apreciere profund\u0103 a biodiversit\u0103\u021bii prin experien\u021be practice. Despre manual: Descoperi\u021bi o colec\u021bie de strategii de predare inovatoare, activit\u0103\u021bi captivante \u0219i \u00eendrum\u0103ri practice elaborate cu scopul de a inspira urm\u0103toarea genera\u021bie [&hellip;]<\/p>\n","protected":false},"author":1,"featured_media":0,"parent":1108,"menu_order":0,"comment_status":"closed","ping_status":"closed","template":"","meta":{"_et_pb_use_builder":"on","_et_pb_old_content":"","_et_gb_content_width":"","footnotes":""},"class_list":["post-1113","page","type-page","status-publish","hentry"],"_links":{"self":[{"href":"https:\/\/leafbiodiversity.eu\/ro\/wp-json\/wp\/v2\/pages\/1113","targetHints":{"allow":["GET"]}}],"collection":[{"href":"https:\/\/leafbiodiversity.eu\/ro\/wp-json\/wp\/v2\/pages"}],"about":[{"href":"https:\/\/leafbiodiversity.eu\/ro\/wp-json\/wp\/v2\/types\/page"}],"author":[{"embeddable":true,"href":"https:\/\/leafbiodiversity.eu\/ro\/wp-json\/wp\/v2\/users\/1"}],"replies":[{"embeddable":true,"href":"https:\/\/leafbiodiversity.eu\/ro\/wp-json\/wp\/v2\/comments?post=1113"}],"version-history":[{"count":12,"href":"https:\/\/leafbiodiversity.eu\/ro\/wp-json\/wp\/v2\/pages\/1113\/revisions"}],"predecessor-version":[{"id":3595,"href":"https:\/\/leafbiodiversity.eu\/ro\/wp-json\/wp\/v2\/pages\/1113\/revisions\/3595"}],"up":[{"embeddable":true,"href":"https:\/\/leafbiodiversity.eu\/ro\/wp-json\/wp\/v2\/pages\/1108"}],"wp:attachment":[{"href":"https:\/\/leafbiodiversity.eu\/ro\/wp-json\/wp\/v2\/media?parent=1113"}],"curies":[{"name":"wp","href":"https:\/\/api.w.org\/{rel}","templated":true}]}}