{"id":1450,"date":"2023-04-12T18:51:09","date_gmt":"2023-04-12T18:51:09","guid":{"rendered":"https:\/\/leafbiodiversity.eu\/project\/"},"modified":"2024-09-06T07:34:50","modified_gmt":"2024-09-06T07:34:50","slug":"progetti","status":"publish","type":"page","link":"https:\/\/leafbiodiversity.eu\/it\/progetti\/","title":{"rendered":"Progetto"},"content":{"rendered":"<p>[et_pb_section fb_built=&#8221;1&#8243; _builder_version=&#8221;4.21.0&#8243; _module_preset=&#8221;default&#8221; background_color=&#8221;#EFE8D7&#8243; global_colors_info=&#8221;{}&#8221;][et_pb_row _builder_version=&#8221;4.20.4&#8243; _module_preset=&#8221;default&#8221; global_colors_info=&#8221;{}&#8221;][et_pb_column type=&#8221;4_4&#8243; _builder_version=&#8221;4.20.4&#8243; _module_preset=&#8221;default&#8221; global_colors_info=&#8221;{}&#8221;][et_pb_image src=&#8221;https:\/\/leafbiodiversity.eu\/wp-content\/uploads\/2023\/04\/LEAF-project-logo.png&#8221; title_text=&#8221;LEAF project logo&#8221; align=&#8221;center&#8221; _builder_version=&#8221;4.20.4&#8243; _module_preset=&#8221;default&#8221; global_colors_info=&#8221;{}&#8221;][\/et_pb_image][et_pb_text _builder_version=&#8221;4.23.1&#8243; _module_preset=&#8221;default&#8221; global_colors_info=&#8221;{}&#8221;]<\/p>\n<h1 style=\"text-align: center;\"><b>PROGETTO<\/b><\/h1>\n<p>[\/et_pb_text][et_pb_tabs _builder_version=&#8221;4.23.1&#8243; _module_preset=&#8221;default&#8221; global_colors_info=&#8221;{}&#8221;][et_pb_tab title=&#8221;BACKGROUND&#8221; _builder_version=&#8221;4.21.0&#8243; _module_preset=&#8221;default&#8221; global_colors_info=&#8221;{}&#8221;]<\/p>\n<p><span style=\"font-weight: 400;\">Secondo il Biodiversity Information System for Europe, la flora europea comprende<\/span> <b>20-25.000 specie<\/b><span style=\"font-weight: 400;\"> e le aree con la maggiore ricchezza vegetale si trovano nella regione mediterranea. L&#8217;educazione sull&#8217;importanza della biodiversit\u00e0 vegetale per preservare gli ecosistemi naturali e la lotta contro il cambiamento climatico \u00e8 fondamentale per raggiungere gli obiettivi della strategia dell&#8217;UE sulla biodiversit\u00e0. Attualmente stiamo affrontando <\/span><b>una perdita di biodiversit\u00e0 a livello globale,<\/b><span style=\"font-weight: 400;\">e questo vale anche per i partner coinvolti in questo progetto, che sono tutti ricchi in termini di biodiversit\u00e0 vegetale. L&#8217;Unione Internazionale per la Conservazione della Natura, sulla base della sua Lista Rossa delle specie, riporta che la percentuale di specie di piante vascolari a rischio \u00e8 del <\/span><b>12%<\/b><span style=\"font-weight: 400;\"> in Grecia, <\/span><b>10%<\/b><span style=\"font-weight: 400;\"> in Italia, <\/span><b>6%<\/b><span style=\"font-weight: 400;\"> in Francia. <\/span> <\/p>\n<p><span style=\"font-weight: 400;\">In <\/span><i><span style=\"font-weight: 400;\">Italia<\/span><\/i><span style=\"font-weight: 400;\">il problema principale che mette seriamente in pericolo la diversit\u00e0 floristica e faunistica italiana \u00e8 l&#8217;introduzione di decine di specie provenienti da altri paesi. Allo stesso modo, <\/span><i><span style=\"font-weight: 400;\">In Grecia<\/span><\/i><span style=\"font-weight: 400;\">la ricca biodiversit\u00e0 vegetale \u00e8 minacciata da specie esotiche invasive introdotte intenzionalmente o accidentalmente, nonch\u00e9 dall&#8217;inquinamento. <\/span> <\/p>\n<p><span style=\"font-weight: 400;\">In <\/span><i><span style=\"font-weight: 400;\">Francia<\/span><\/i><span style=\"font-weight: 400;\">, la perdita, la frammentazione e il degrado dell&#8217;habitat sono le minacce pi\u00f9 significative a livello europeo che colpiscono le specie. <\/span> <\/p>\n<p><i><span style=\"font-weight: 400;\">La biodiversit\u00e0 della ROMANIA<\/span><\/i><span style=\"font-weight: 400;\"> deve affrontare molti rischi nel nord-est a causa dell&#8217;inquinamento, della pesca e della caccia. C&#8217;\u00e8 una scarsa consapevolezza sulla gestione dei rifiuti e i rifiuti umani finiscono sulle rive dei fiumi e nelle foreste, mettendo a rischio molte specie. <\/span><\/p>\n<p><span style=\"font-weight: 400;\">In<\/span><i><span style=\"font-weight: 400;\">Serbia<\/span><\/i><span style=\"font-weight: 400;\">si stima che circa il 60% delle specie vegetali endemiche sia in pericolo per vari motivi. Un calo della biodiversit\u00e0 \u00e8 direttamente attribuito a una sostanziale perdita di habitat naturale dovuta all&#8217;espansione dell&#8217;agricoltura (in particolare nelle pianure pannoniche) e al drenaggio di paludi e acquitrini. <\/span><\/p>\n<p><span style=\"font-weight: 400;\">La perdita di biodiversit\u00e0<\/span> <i><span style=\"font-weight: 400;\">in CROAZIA<\/span><\/i> <span style=\"font-weight: 400;\">is mainly caused by the loss and fragmentation of habitats because of human activities (such as agricultural activity and infrastructure development) and natural succession processes (especially in abandoned agricultural land). <\/span> <\/p>\n<p><span style=\"font-weight: 400;\">La situazione rappresentata evidenzia come<\/span><b>ulteriori servizi e risorse di monitoraggio<\/b><span style=\"font-weight: 400;\"> sarebbero vantaggiosi per ampliare il set di dati sulle specie e la base di conoscenze. Il monitoraggio delle specie in via di estinzione, oltre a contribuire alla ricerca scientifica, ha anche un impatto sui gruppi target del progetto in termini di comprensione della gravit\u00e0 e delle conseguenze della perdita di biodiversit\u00e0. <\/span><\/p>\n<p><span style=\"font-weight: 400;\">Sebbene la biodiversit\u00e0 sia studiata nel curriculum scolastico attraverso lezioni di geografia e scienze,<\/span><b>l&#8217;educazione ambientale<\/b><span style=\"font-weight: 400;\"> non viene insegnata come materia in s\u00e9, essendo a volte una materia facoltativa che lascia agli insegnanti la decisione su cosa insegnare. Pertanto, vi \u00e8 la necessit\u00e0 di collegare i concetti scientifici con argomenti pi\u00f9 ampi come <\/span><b>gli effetti del cambiamento climatico<\/b><span style=\"font-weight: 400;\">, e <\/span><b>il continuo sviluppo professionale degli insegnanti<\/b><span style=\"font-weight: 400;\">\u00e8 la chiave per integrare l&#8217;educazione alla sostenibilit\u00e0 nei programmi di studio.<\/span><\/p>\n<p>[\/et_pb_tab][et_pb_tab title=&#8221;GLI OBIETTIVI DEL PROGETTO&#8221; _builder_version=&#8221;4.21.0&#8243; _module_preset=&#8221;default&#8221; global_colors_info=&#8221;{}&#8221;]<\/p>\n<p><span style=\"font-weight: 400;\">Leaf<\/span> <b>vuole<\/b> <span style=\"font-weight: 400;\">:<\/span> <\/p>\n<p>&nbsp;<\/p>\n<ul>\n<li> <span style=\"font-weight: 400;\">Creare una nuova metodologia<\/span> <b>di servizio-apprendimento<\/b> <span style=\"font-weight: 400;\">per le scuole secondarie finalizzata al monitoraggio e alla tutela della biodiversit\u00e0 vegetale locale.<\/span> <\/li>\n<li><span style=\"font-weight: 400;\"> <\/span><b>Formare insegnanti, personale scolastico e dirigenti <\/b><span style=\"font-weight: 400;\">sulla metodologia dell&#8217;apprendimento dei servizi applicata al monitoraggio della biodiversit\u00e0 vegetale,<\/span><b>offrendo loro una nuova opportunit\u00e0 pedagogica<\/b><span style=\"font-weight: 400;\">per i loro studenti che si trasformer\u00e0 in benefici per la comunit\u00e0 in generale. <\/span> <\/li>\n<li> <span style=\"font-weight: 400;\">Aumentare la percentuale di <\/span><b>ambienti vegetali europei effettivamente monitorati <\/b><span style=\"font-weight: 400;\">regolarmente.<\/span> <\/li>\n<li> <span style=\"font-weight: 400;\"> Promuovere un<\/span><b>nuovo modello di iniziativa citizen-science<\/b> <span style=\"font-weight: 400;\">di base dedicata alla biodiversit\u00e0 vegetale svolta dalle scuole. <\/span><\/li>\n<li> <span style=\"font-weight: 400;\"> Migliorare la qualit\u00e0 <\/span><b>dell&#8217;apprendimento STEM<\/b><span style=\"font-weight: 400;\">per gli studenti delle scuole secondarie attraverso metodologie innovative basate su progetti. <\/span> <\/li>\n<li> <span style=\"font-weight: 400;\"> Collegare il programma e gli obiettivi di apprendimento dello studente con i bisogni reali della comunit\u00e0,<\/span><b>andando cos\u00ec oltre il vecchio metodo di apprendimento<\/b><span style=\"font-weight: 400;\">passivo in cui gli studenti ricevono solo informazioni dagli insegnanti, senza feedback o applicazione pratica. <\/span> <\/li>\n<li> <span style=\"font-weight: 400;\">Aumentare<\/span> <b>l&#8217;impegno e la partecipazione degli studenti,<\/b><span style=\"font-weight: 400;\">contrastando cos\u00ec l&#8217;abbandono scolastico. <\/span> <\/li>\n<li><span style=\"font-weight: 400;\"> <\/span><b>Promuovere<\/b><span style=\"font-weight: 400;\">la cittadinanza attiva, la tutela dell&#8217;ambiente, l&#8217;inclusione sociale e l&#8217;istituzione di una cooperazione strutturata a lungo termine tra le scuole e gli attori locali. <\/span> <\/li>\n<\/ul>\n<p>&nbsp;<\/p>\n<p><i><span style=\"font-weight: 400;\">Attraverso il completamento degli obiettivi principali del progetto, LEAF inoltre potr\u00e0:<\/span><\/i><\/p>\n<p>&nbsp;<\/p>\n<ol>\n<li><span style=\"font-weight: 400;\"> <\/span><b>Sostenere<\/b><span style=\"font-weight: 400;\"> lo sviluppo delle competenze in materia di sostenibilit\u00e0 in linea con il quadro europeo delle competenze in materia di sostenibilit\u00e0 (GreenComp). Lo far\u00e0 attraverso un approccio didattico innovativo e multidisciplinare che promuove l&#8217;impegno civico e l&#8217;apprendimento esperienziale.<\/span><\/li>\n<li><span style=\"font-weight: 400;\"> <\/span><b>Aumentare la consapevolezza<\/b><span style=\"font-weight: 400;\"> sull&#8217;importanza della biodiversit\u00e0 e sulla necessit\u00e0 di proteggere la natura e promuovere l&#8217;importanza della scienza dei cittadini per monitorare la biodiversit\u00e0 vegetale. Attraverso l&#8217;educazione, il progetto mira a rendere insegnanti e studenti agenti del cambiamento. <\/span><\/li>\n<li><span style=\"font-weight: 400;\"> <\/span><b>Fornire<\/b><span style=\"font-weight: 400;\">agli insegnanti un&#8217;opportunit\u00e0 unica di Sviluppo Professionale Continuo per migliorare le loro abilit\u00e0 nell&#8217;utilizzo di approcci di insegnamento innovativi e multidisciplinari. <\/span><\/li>\n<\/ol>\n<p>[\/et_pb_tab][et_pb_tab title=&#8221;GRUPPI TARGET&#8221; _builder_version=&#8221;4.21.0&#8243; _module_preset=&#8221;default&#8221; global_colors_info=&#8221;{}&#8221;]<\/p>\n<p><span style=\"font-weight: 400;\">The <\/span><i><span style=\"font-weight: 400;\">DIRECT TARGET GROUP<\/span><\/i><span style=\"font-weight: 400;\">previsto per il progetto LEAF <\/span><b>sono insegnanti e leader di scuola secondaria<\/b><span style=\"font-weight: 400;\"> che si occupano di biodiversit\u00e0 e studi ambientali, che beneficeranno di una nuova e innovativa opportunit\u00e0 di Sviluppo Professionale Continuo (CPD). Il <\/span><b>ruolo dell&#8217;insegnante<\/b><span style=\"font-weight: 400;\"> si sta ampliando e sta diventando pi\u00f9 impegnativo, poich\u00e9 ci si aspetta che utilizzino un&#8217;ampia variet\u00e0 di metodi, strumenti e approcci e li adattino alle esigenze degli studenti. Devono inoltre possedere le competenze e le capacit\u00e0 necessarie per creare un ambiente di classe positivo e lavorare in collaborazione con altre parti interessate all&#8217;interno e all&#8217;esterno della scuola per fornire un supporto tempestivo agli studenti. <\/span><\/p>\n<p><span style=\"font-weight: 400;\">I principali <\/span><i><span style=\"font-weight: 400;\">GRUPPI TARGET INDIRETTI<\/span><\/i><span style=\"font-weight: 400;\"> are the <\/span><b>gli studenti.<\/b><span style=\"font-weight: 400;\">. L&#8217;istruzione secondaria \u00e8 vista come <\/span><b>una fase molto delicata<\/b><span style=\"font-weight: 400;\"> del loro processo di crescita, passando dall&#8217;adolescenza all&#8217;et\u00e0 adulta. I programmi di servizio <\/span><b>facilitano<\/b><span style=\"font-weight: 400;\"> questa transizione generando abilit\u00e0 interpersonali, capacit\u00e0 di problem solving, iniziativa e cittadinanza attiva, ragionamento etico e comprensione sociale e politica. Inoltre, incoraggia l&#8217;acquisizione di capacit\u00e0 di apprendimento permanente, ovvero motivazione e autoregolamentazione allo studio. <\/span><\/p>\n<p><i><span style=\"font-weight: 400;\">STAKEHOLDERS <\/span><\/i><\/p>\n<p><span style=\"font-weight: 400;\">PERSONALE SCOLASTICO:<\/span><span style=\"font-weight: 400;\">essendo esposto a progetti pratici di sostenibilit\u00e0 nella scuola e nei dintorni, il personale scolastico sar\u00e0 informato sulle iniziative delle scuole sulla sostenibilit\u00e0 ambientale e invitato a partecipare, nell&#8217;ottica dell&#8217;intero approccio scolastico alla sostenibilit\u00e0 che vede coinvolto tutto il personale della scuola. <\/span> <\/p>\n<p><span style=\"font-weight: 400;\">GENITORI<\/span><span style=\"font-weight: 400;\">: le famiglie degli studenti saranno sensibilizzate sull&#8217;importanza di proteggere l&#8217;ambiente attraverso il loro comportamento quotidiano. <\/span> <\/p>\n<p><span style=\"font-weight: 400;\">COMUNIT\u00c0 LOCALE:<\/span><span style=\"font-weight: 400;\">: il service learning implicher\u00e0 il coinvolgimento della societ\u00e0 civile, delle pubbliche amministrazioni, del settore industriale e del non profit. Ci\u00f2 migliorer\u00e0 e rafforzer\u00e0 il rapporto delle scuole con la comunit\u00e0, contribuendo a rendere le scuole \u201corganizzazioni di apprendimento aperto\u201d. <\/span><\/p>\n<p>[\/et_pb_tab][et_pb_tab title=&#8221;RELEVANCE&#8221; _builder_version=&#8221;4.23.1&#8243; _module_preset=&#8221;default&#8221; global_colors_info=&#8221;{}&#8221;]<\/p>\n<p><strong>LEAF<\/strong> mira a sfruttare le metodologie del <strong>\u201cservice learning\u201d<\/strong> (SL) e della \u201ccitizen science\u201d e ad applicarle alle scuole secondarie, con l\u2019obiettivo di coinvolgere gli studenti nel monitoraggio della biodiversit\u00e0 vegetale locale. SL significa creare un collegamento tra gli obiettivi di apprendimento degli studenti e le reali esigenze della comunit\u00e0, portando quindi letteralmente l&#8217;apprendimento fuori dalle aule e nella vita reale.<\/p>\n<p>SL si differenzia dal servizio alla <strong>comunit\u00e0<\/strong> perch\u00e9 non \u00e8 sporadico o svolto su base volontaria, ma sistematico e incluso nel programma scolastico, sviluppato in una relazione stretta e a lungo termine con gli stakeholder della comunit\u00e0.<\/p>\n<p>Per affrontare problemi complessi di sostenibilit\u00e0, inclusa la preservazione della biodiversit\u00e0, la sostenibilit\u00e0 deve essere integrata nell\u2019istruzione dentro e fuori la classe per educare gli studenti a essere catalizzatori del cambiamento, disposti ad avviare iniziative a favore della societ\u00e0 e ad assumersi responsabilit\u00e0 nei confronti del pianeta.<\/p>\n<p>Per fare ci\u00f2 in modo corretto, la formazione degli insegnanti \u00e8 della massima importanza, pertanto gli insegnanti delle scuole secondarie sono stati scelti come principale gruppo target del progetto. Il contatto con la natura genera una serie di benefici positivi per l\u2019apprendimento e la salute.<\/p>\n<p>Howard Gardner ha identificato nove intelligenze multiple, inclusa un\u2019<strong>\u201cintelligenza naturalista\u201d<\/strong>. Quelli con questa intelligenza imparano meglio quando sono coinvolti nell&#8217;esperienza, nella raccolta o nell&#8217;analisi di qualcosa nella natura o strettamente correlato alla natura, e quindi imparano di pi\u00f9 stando all&#8217;esterno. Inoltre, il contatto con la natura e il gioco naturale apportano benefici alla salute fisica, tra cui la riduzione degli effetti dell\u2019obesit\u00e0 infantile e il miglioramento della salute mentale e del benessere emotivo.<\/p>\n<p>Il progetto fornir\u00e0 quindi agli insegnanti una metodologia innovativa per affrontare un tema, la biodiversit\u00e0, che pu\u00f2 generare benefici per gli alunni sia in termini di apprendimento che di benessere.<\/p>\n<p>Inoltre, come dimostrato dai movimenti globali di \u201c<strong>Fridays for Future<\/strong>\u201d e da altri gruppi giovanili che si sono attivati negli ultimi 3 anni, le questioni legate alla protezione dell\u2019ambiente e alla lotta contro il cambiamento climatico sono di grande preoccupazione per le generazioni pi\u00f9 giovani. , che vogliono avere strumenti per agire concretamente. Avendo un impatto sugli studenti, il progetto raggiunger\u00e0 anche le loro famiglie, che potranno essere sensibilizzate sull\u2019importanza della scienza dei cittadini e sulla necessit\u00e0 di proteggere la biodiversit\u00e0.<\/p>\n<p>[\/et_pb_tab][\/et_pb_tabs][\/et_pb_column][\/et_pb_row][\/et_pb_section][et_pb_section fb_built=&#8221;1&#8243; admin_label=&#8221;Footer&#8221; _builder_version=&#8221;4.20.4&#8243; _module_preset=&#8221;default&#8221; background_color=&#8221;#E0C588&#8243; background_enable_image=&#8221;off&#8221; background_size=&#8221;contain&#8221; background_position=&#8221;top_center&#8221; custom_padding=&#8221;||2px|||&#8221; background_last_edited=&#8221;on|tablet&#8221; background_size_tablet=&#8221;contain&#8221; background_position_tablet=&#8221;top_center&#8221; saved_tabs=&#8221;all&#8221; collapsed=&#8221;on&#8221; global_colors_info=&#8221;{}&#8221;][et_pb_row column_structure=&#8221;1_3,1_3,1_3&#8243; use_custom_gutter=&#8221;on&#8221; gutter_width=&#8221;2&#8243; _builder_version=&#8221;4.20.0&#8243; _module_preset=&#8221;default&#8221; global_colors_info=&#8221;{}&#8221;][et_pb_column type=&#8221;1_3&#8243; _builder_version=&#8221;4.20.0&#8243; _module_preset=&#8221;default&#8221; custom_padding=&#8221;30px||30px||true|false&#8221; custom_padding_tablet=&#8221;0px||0px||true|false&#8221; custom_padding_phone=&#8221;0px||0px||true|false&#8221; custom_padding_last_edited=&#8221;on|phone&#8221; global_colors_info=&#8221;{}&#8221;][et_pb_image src=&#8221;https:\/\/leafbiodiversity.eu\/wp-content\/uploads\/2024\/09\/IT_Co-fundedbytheEU_RGB_POS-removebg-preview-1.png&#8221; title_text=&#8221;IT_Co-fundedbytheEU_RGB_POS-removebg-preview&#8221; _builder_version=&#8221;4.26.1&#8243; _module_preset=&#8221;default&#8221; hover_enabled=&#8221;0&#8243; global_colors_info=&#8221;{}&#8221; sticky_enabled=&#8221;0&#8243;][\/et_pb_image][et_pb_text _builder_version=&#8221;4.21.0&#8243; _module_preset=&#8221;default&#8221; text_font_size=&#8221;12px&#8221; text_line_height=&#8221;1.5em&#8221; global_colors_info=&#8221;{}&#8221;]<\/p>\n<p><span style=\"font-weight: 400;\">Questo progetto \u00e8 stato cofinanziato con il sostegno della Commissione Europea. Questa comunicazione riflette esclusivamente il punto di vista dell&#8217;autore e la Commissione non pu\u00f2 essere ritenuta responsabile per qualsiasi uso che possa essere fatto delle informazioni in essa contenute.<\/span><\/p>\n<p><span style=\"font-weight: 400;\">Progetto N\u00b0:2022-1-RO01-KA220-SCH-000086884<\/span><\/p>\n<p>[\/et_pb_text][\/et_pb_column][et_pb_column type=&#8221;1_3&#8243; _builder_version=&#8221;4.20.0&#8243; _module_preset=&#8221;default&#8221; custom_padding=&#8221;30px||30px||true|false&#8221; custom_padding_tablet=&#8221;0px||0px||true|false&#8221; custom_padding_phone=&#8221;0px||0px||true|false&#8221; custom_padding_last_edited=&#8221;on|phone&#8221; global_colors_info=&#8221;{}&#8221;][et_pb_text _builder_version=&#8221;4.20.4&#8243; _module_preset=&#8221;d66abf77-cee8-41a0-a950-711cacee6424&#8243; header_text_align_tablet=&#8221;&#8221; header_text_align_phone=&#8221;&#8221; header_text_align_last_edited=&#8221;on|phone&#8221; header_font_size_tablet=&#8221;&#8221; header_font_size_phone=&#8221;&#8221; header_font_size_last_edited=&#8221;on|phone&#8221; text_orientation_tablet=&#8221;&#8221; text_orientation_phone=&#8221;center&#8221; text_orientation_last_edited=&#8221;on|phone&#8221; locked=&#8221;off&#8221; global_colors_info=&#8221;{}&#8221;]<\/p>\n<h5>Seguici<\/h5>\n<p>[\/et_pb_text][et_pb_social_media_follow icon_color=&#8221;#95AD33&#8243; use_icon_font_size=&#8221;on&#8221; icon_font_size=&#8221;14px&#8221; _builder_version=&#8221;4.21.0&#8243; _module_preset=&#8221;default&#8221; text_orientation=&#8221;left&#8221; text_orientation_tablet=&#8221;center&#8221; text_orientation_phone=&#8221;&#8221; text_orientation_last_edited=&#8221;on|phone&#8221; border_radii=&#8221;on|100px|100px|100px|100px&#8221; global_colors_info=&#8221;{}&#8221;][et_pb_social_media_follow_network social_network=&#8221;facebook&#8221; url=&#8221;https:\/\/www.facebook.com\/leafbiodiversity&#8221; _builder_version=&#8221;4.21.0&#8243; _module_preset=&#8221;default&#8221; background_color=&#8221;#EFE8D7&#8243; background_enable_color=&#8221;on&#8221; custom_padding=&#8221;4px|4px|4px|4px|true|true&#8221; global_colors_info=&#8221;{}&#8221; follow_button=&#8221;off&#8221; url_new_window=&#8221;on&#8221;]facebook[\/et_pb_social_media_follow_network][et_pb_social_media_follow_network social_network=&#8221;instagram&#8221; url=&#8221;https:\/\/www.instagram.com\/leafbiodiversity&#8221; _builder_version=&#8221;4.21.0&#8243; _module_preset=&#8221;default&#8221; background_color=&#8221;#EFE8D7&#8243; background_enable_color=&#8221;on&#8221; custom_padding=&#8221;4px|4px|4px|4px|true|true&#8221; global_colors_info=&#8221;{%22gcid-cc1e7daa-e7a2-44d1-a6d4-86221a549f5c%22:%91%22background_color%22,%22background_color%22%93}&#8221; follow_button=&#8221;off&#8221; url_new_window=&#8221;on&#8221;]instagram[\/et_pb_social_media_follow_network][\/et_pb_social_media_follow][\/et_pb_column][et_pb_column type=&#8221;1_3&#8243; _builder_version=&#8221;4.20.0&#8243; _module_preset=&#8221;default&#8221; custom_padding=&#8221;30px||30px||true|false&#8221; custom_padding_tablet=&#8221;&#8221; custom_padding_phone=&#8221;0px||0px||true|false&#8221; custom_padding_last_edited=&#8221;on|phone&#8221; global_colors_info=&#8221;{}&#8221;][et_pb_text _builder_version=&#8221;4.20.4&#8243; _module_preset=&#8221;d66abf77-cee8-41a0-a950-711cacee6424&#8243; header_5_font_size_tablet=&#8221;&#8221; header_5_font_size_phone=&#8221;&#8221; header_5_font_size_last_edited=&#8221;on|phone&#8221; locked=&#8221;off&#8221; global_colors_info=&#8221;{}&#8221;]<\/p>\n<h5>Contatto<\/h5>\n<p>[\/et_pb_text][et_pb_blurb title=&#8221;daniela.melisch@cneminescu.ro&#8221; url=&#8221;http:\/\/daniela.melisch@cneminescu.ro&#8221; use_icon=&#8221;on&#8221; font_icon=&#8221;&#xe010;||divi||400&#8243; icon_color=&#8221;#95AD33&#8243; image_icon_background_color=&#8221;#EFE8D7&#8243; icon_placement=&#8221;left&#8221; image_icon_width=&#8221;20px&#8221; _builder_version=&#8221;4.21.0&#8243; _module_preset=&#8221;default&#8221; header_line_height=&#8221;2em&#8221; image_icon_custom_padding=&#8221;8px|8px|8px|8px|true|true&#8221; link_option_url=&#8221;daniela.melisch@cneminescu.ro&#8221; border_radii_image=&#8221;on|33px|33px|33px|33px&#8221; global_colors_info=&#8221;{}&#8221;][\/et_pb_blurb][\/et_pb_column][\/et_pb_row][et_pb_row column_structure=&#8221;1_5,3_5,1_5&#8243; _builder_version=&#8221;4.20.0&#8243; _module_preset=&#8221;default&#8221; border_color_all=&#8221;rgba(94,94,78,0.2)&#8221; border_width_top=&#8221;1px&#8221; global_colors_info=&#8221;{}&#8221;][et_pb_column type=&#8221;1_5&#8243; _builder_version=&#8221;4.20.0&#8243; _module_preset=&#8221;default&#8221; global_colors_info=&#8221;{}&#8221;][\/et_pb_column][et_pb_column type=&#8221;3_5&#8243; _builder_version=&#8221;4.20.0&#8243; _module_preset=&#8221;default&#8221; custom_padding=&#8221;16px||||false|false&#8221; custom_padding_tablet=&#8221;0px||||false|false&#8221; custom_padding_phone=&#8221;&#8221; custom_padding_last_edited=&#8221;on|tablet&#8221; global_colors_info=&#8221;{}&#8221;][et_pb_text _builder_version=&#8221;4.20.4&#8243; _module_preset=&#8221;default&#8221; text_font=&#8221;|700|||||||&#8221; text_font_size=&#8221;13px&#8221; link_text_color=&#8221;#95AD33&#8243; text_orientation=&#8221;center&#8221; global_colors_info=&#8221;{}&#8221;]<\/p>\n<p>Sviluppato da <a href=\"https:\/\/ignis.hr\" target=\"_blank\" rel=\"noopener\">IGNIS<\/a><\/p>\n<p>[\/et_pb_text][\/et_pb_column][et_pb_column type=&#8221;1_5&#8243; _builder_version=&#8221;4.20.0&#8243; _module_preset=&#8221;default&#8221; custom_padding=&#8221;6px||||false|false&#8221; custom_padding_tablet=&#8221;0px||||false|false&#8221; custom_padding_phone=&#8221;&#8221; custom_padding_last_edited=&#8221;on|tablet&#8221; global_colors_info=&#8221;{}&#8221;][\/et_pb_column][\/et_pb_row][\/et_pb_section]<\/p>\n","protected":false},"excerpt":{"rendered":"<p>PROGETTOSecondo il Biodiversity Information System for Europe, la flora europea comprende 20-25.000 specie e le aree con la maggiore ricchezza vegetale si trovano nella regione mediterranea. L&#8217;educazione sull&#8217;importanza della biodiversit\u00e0 vegetale per preservare gli ecosistemi naturali e la lotta contro il cambiamento climatico \u00e8 fondamentale per raggiungere gli obiettivi della strategia dell&#8217;UE sulla biodiversit\u00e0. Attualmente [&hellip;]<\/p>\n","protected":false},"author":1,"featured_media":0,"parent":0,"menu_order":0,"comment_status":"closed","ping_status":"closed","template":"","meta":{"_et_pb_use_builder":"on","_et_pb_old_content":"","_et_gb_content_width":"2880","footnotes":""},"class_list":["post-1450","page","type-page","status-publish","hentry"],"_links":{"self":[{"href":"https:\/\/leafbiodiversity.eu\/it\/wp-json\/wp\/v2\/pages\/1450","targetHints":{"allow":["GET"]}}],"collection":[{"href":"https:\/\/leafbiodiversity.eu\/it\/wp-json\/wp\/v2\/pages"}],"about":[{"href":"https:\/\/leafbiodiversity.eu\/it\/wp-json\/wp\/v2\/types\/page"}],"author":[{"embeddable":true,"href":"https:\/\/leafbiodiversity.eu\/it\/wp-json\/wp\/v2\/users\/1"}],"replies":[{"embeddable":true,"href":"https:\/\/leafbiodiversity.eu\/it\/wp-json\/wp\/v2\/comments?post=1450"}],"version-history":[{"count":40,"href":"https:\/\/leafbiodiversity.eu\/it\/wp-json\/wp\/v2\/pages\/1450\/revisions"}],"predecessor-version":[{"id":3416,"href":"https:\/\/leafbiodiversity.eu\/it\/wp-json\/wp\/v2\/pages\/1450\/revisions\/3416"}],"wp:attachment":[{"href":"https:\/\/leafbiodiversity.eu\/it\/wp-json\/wp\/v2\/media?parent=1450"}],"curies":[{"name":"wp","href":"https:\/\/api.w.org\/{rel}","templated":true}]}}