{"id":1325,"date":"2023-05-07T14:43:42","date_gmt":"2023-05-07T14:43:42","guid":{"rendered":"https:\/\/leafbiodiversity.eu\/rezultati\/prirucnik-za-ucitelje\/"},"modified":"2025-02-07T10:31:32","modified_gmt":"2025-02-07T10:31:32","slug":"prirucnik-za-ucitelje","status":"publish","type":"page","link":"https:\/\/leafbiodiversity.eu\/hr\/rezultati\/prirucnik-za-ucitelje\/","title":{"rendered":"PRIRU\u010cNIK ZA U\u010cITELJE"},"content":{"rendered":"<p>[et_pb_section fb_built=&#8221;1&#8243; _builder_version=&#8221;4.20.4&#8243; _module_preset=&#8221;default&#8221; global_colors_info=&#8221;{}&#8221;][et_pb_row _builder_version=&#8221;4.20.4&#8243; _module_preset=&#8221;default&#8221; global_colors_info=&#8221;{}&#8221;][et_pb_column type=&#8221;4_4&#8243; _builder_version=&#8221;4.20.4&#8243; _module_preset=&#8221;default&#8221; global_colors_info=&#8221;{}&#8221;][et_pb_text _builder_version=&#8221;4.20.4&#8243; _module_preset=&#8221;default&#8221; global_colors_info=&#8221;{}&#8221;]<\/p>\n<h1 style=\"text-align: center;\"><b>PRIRU\u010cNIK ZA U\u010cITELJE<\/b><\/h1>\n<p>[\/et_pb_text][et_pb_image src=&#8221;https:\/\/leafbiodiversity.eu\/wp-content\/uploads\/2024\/01\/leaf-hanbook-300&#215;244.png&#8221; title_text=&#8221;LEAF priru\u010dnik&#8221; align=&#8221;center&#8221; _builder_version=&#8221;4.23.1&#8243; _module_preset=&#8221;default&#8221; global_colors_info=&#8221;{}&#8221;][\/et_pb_image][et_pb_text _builder_version=&#8221;4.23.1&#8243; _module_preset=&#8221;default&#8221; global_colors_info=&#8221;{}&#8221;]<\/p>\n<p>S ponosom vam predstavljamo na\u0161 priru\u010dnik za u\u010ditelje, sveobuhvatan izvor osmi\u0161ljen kako bi osna\u017eio edukatore u poticanju dubokog razumijevanja i po\u0161tovanja prema bioraznolikosti kroz prakti\u010dna iskustva.<\/p>\n<h2><strong>O priru\u010dniku:<\/strong><\/h2>\n<p>Otkrijte zbirku inovativnih strategija podu\u010davanja, zanimljivih aktivnosti i prakti\u010dnih smjernica osmi\u0161ljenih s ciljem nadahnu\u0107a sljede\u0107e generacije \u010duvara okoli\u0161a. Priru\u010dnik je dokaz na\u0161e predanosti opremanju nastavnika alatima koji su im potrebni kako bi bioraznolikost neprimjetno utkali u svoj kurikulum.<\/p>\n<h2><strong>Glavne zna\u010dajke:<\/strong><\/h2>\n<ul>\n<li><strong>Interaktivni moduli:<\/strong> Istra\u017eite kolekciju od \u0161est modula koji o\u017eivljavaju biolo\u0161ku raznolikost u u\u010dionici, ali i u lokalnoj zajednici, poti\u010du\u0107i aktivno sudjelovanje i znati\u017eelju.<\/li>\n<li><strong>Avanture u\u010denja na otvorenom:<\/strong> Uronite u strategije gra\u0111anske znanosti, usluga i projektnog u\u010denja kako biste iskustvo u\u010denja prenijeli izvan zidova u\u010dionice, prihva\u0107aju\u0107i oboga\u0107uju\u0107e mogu\u0107nosti obrazovanja na otvorenom.<\/li>\n<li><strong>Multidisciplinarni pristup:<\/strong> Svjedo\u010dite besprijekornoj integraciji koncepata bioraznolikosti u razli\u010ditim temama, poti\u010du\u0107i holisti\u010dko razumijevanje me\u0111usobno povezane mre\u017ee \u017eivota.<\/li>\n<\/ul>\n<h2><strong>Za\u0161to je va\u017eno obrazovanje o biolo\u0161koj raznolikosti:<\/strong><\/h2>\n<p>Bioraznolikost je srce na\u0161eg planeta, a usa\u0111ivanjem ljubavi prema prirodi u na\u0161e u\u010denike, osna\u017eujemo ih da postanu \u010duvari odr\u017eive budu\u0107nosti. Priru\u010dnik slu\u017ei kao kompas, vode\u0107i vas kroz put njegovanja ovog na\u010dina razmi\u0161ljanja kod va\u0161ih u\u010denika.<\/p>\n<h2><strong>Zapo\u010dnite:<\/strong><\/h2>\n<p>Krenite na transformativno obrazovno putovanje uz na\u0161 Priru\u010dnik za u\u010ditelje. Odgajajmo zajedno generaciju koja ne samo da cijeni bogatstvo biolo\u0161ke raznolikosti, ve\u0107 i aktivno doprinosi njezinom o\u010duvanju, uklju\u010duje se u lokalnu zajednicu i stvara bolje sutra.<\/p>\n<p>Pridru\u017eite nam se u sijanju sjemena znati\u017eelje, njegovanju ljubavi prema prirodi i njegovanju dubokog po\u0161tovanja prema raznolikim oblicima \u017eivota koji na\u0161 planet \u010dine doista \u010dudesnim.<\/p>\n<p>[\/et_pb_text][\/et_pb_column][\/et_pb_row][et_pb_row _builder_version=&#8221;4.23.1&#8243; _module_preset=&#8221;default&#8221; global_colors_info=&#8221;{}&#8221;][et_pb_column type=&#8221;4_4&#8243; _builder_version=&#8221;4.23.1&#8243; _module_preset=&#8221;default&#8221; global_colors_info=&#8221;{}&#8221;][et_pb_button button_url=&#8221;https:\/\/leafbiodiversity.eu\/wp-content\/uploads\/2025\/02\/LEAF-HB-HR.pdf&#8221; url_new_window=&#8221;on&#8221; button_text=&#8221;PRIRU\u010cNIK ZA U\u010cITELJE&#8221; button_alignment=&#8221;center&#8221; _builder_version=&#8221;4.27.4&#8243; _module_preset=&#8221;default&#8221; hover_enabled=&#8221;0&#8243; global_colors_info=&#8221;{}&#8221; sticky_enabled=&#8221;0&#8243;][\/et_pb_button][\/et_pb_column][\/et_pb_row][\/et_pb_section][et_pb_section fb_built=&#8221;1&#8243; admin_label=&#8221;Footer&#8221; _builder_version=&#8221;4.20.4&#8243; _module_preset=&#8221;default&#8221; background_color=&#8221;#E0C588&#8243; background_enable_image=&#8221;off&#8221; background_size=&#8221;contain&#8221; background_position=&#8221;top_center&#8221; custom_padding=&#8221;||2px|||&#8221; background_last_edited=&#8221;on|tablet&#8221; background_size_tablet=&#8221;contain&#8221; background_position_tablet=&#8221;top_center&#8221; saved_tabs=&#8221;all&#8221; collapsed=&#8221;on&#8221; global_colors_info=&#8221;{}&#8221;][et_pb_row column_structure=&#8221;1_3,1_3,1_3&#8243; use_custom_gutter=&#8221;on&#8221; gutter_width=&#8221;2&#8243; _builder_version=&#8221;4.20.0&#8243; _module_preset=&#8221;default&#8221; global_colors_info=&#8221;{}&#8221;][et_pb_column type=&#8221;1_3&#8243; _builder_version=&#8221;4.20.0&#8243; _module_preset=&#8221;default&#8221; custom_padding=&#8221;30px||30px||true|false&#8221; custom_padding_tablet=&#8221;0px||0px||true|false&#8221; custom_padding_phone=&#8221;0px||0px||true|false&#8221; custom_padding_last_edited=&#8221;on|phone&#8221; global_colors_info=&#8221;{}&#8221;][et_pb_image src=&#8221;https:\/\/leafbiodiversity.eu\/wp-content\/uploads\/2023\/04\/LogosBeneficairesErasmusRIGHT_EN-1000.jpg&#8221; title_text=&#8221;LogosBeneficairesErasmus+RIGHT_EN-1000&#8243; _builder_version=&#8221;4.20.4&#8243; _module_preset=&#8221;default&#8221; global_colors_info=&#8221;{}&#8221;][\/et_pb_image][et_pb_text _builder_version=&#8221;4.21.0&#8243; _module_preset=&#8221;default&#8221; text_font_size=&#8221;12px&#8221; text_line_height=&#8221;1.5em&#8221; global_colors_info=&#8221;{}&#8221;]<\/p>\n<p><span style=\"font-weight: 400;\">Ovaj projekt je sufinanciran uz potporu Europske komisije. Ova komunikacija odra\u017eava isklju\u010divo stajali\u0161ta autora, a Komisija se ne mo\u017ee smatrati odgovornom za bilo kakvu upotrebu informacija sadr\u017eanih u njoj. <\/span><\/p>\n<p><span style=\"font-weight: 400;\">Projekt br.:2022-1-RO01-KA220-SCH-000086884<\/span><\/p>\n<p>[\/et_pb_text][\/et_pb_column][et_pb_column type=&#8221;1_3&#8243; _builder_version=&#8221;4.20.0&#8243; _module_preset=&#8221;default&#8221; custom_padding=&#8221;30px||30px||true|false&#8221; custom_padding_tablet=&#8221;0px||0px||true|false&#8221; custom_padding_phone=&#8221;0px||0px||true|false&#8221; custom_padding_last_edited=&#8221;on|phone&#8221; global_colors_info=&#8221;{}&#8221;][et_pb_text _builder_version=&#8221;4.20.4&#8243; _module_preset=&#8221;d66abf77-cee8-41a0-a950-711cacee6424&#8243; header_text_align_tablet=&#8221;&#8221; header_text_align_phone=&#8221;&#8221; header_text_align_last_edited=&#8221;on|phone&#8221; header_font_size_tablet=&#8221;&#8221; header_font_size_phone=&#8221;&#8221; header_font_size_last_edited=&#8221;on|phone&#8221; text_orientation_tablet=&#8221;&#8221; text_orientation_phone=&#8221;center&#8221; text_orientation_last_edited=&#8221;on|phone&#8221; locked=&#8221;off&#8221; global_colors_info=&#8221;{}&#8221;]<\/p>\n<h5>Pratite nas:<\/h5>\n<p>[\/et_pb_text][et_pb_social_media_follow icon_color=&#8221;#95AD33&#8243; use_icon_font_size=&#8221;on&#8221; icon_font_size=&#8221;14px&#8221; _builder_version=&#8221;4.21.0&#8243; _module_preset=&#8221;default&#8221; text_orientation=&#8221;left&#8221; text_orientation_tablet=&#8221;center&#8221; text_orientation_phone=&#8221;&#8221; text_orientation_last_edited=&#8221;on|phone&#8221; border_radii=&#8221;on|100px|100px|100px|100px&#8221; global_colors_info=&#8221;{}&#8221;][et_pb_social_media_follow_network social_network=&#8221;facebook&#8221; url=&#8221;https:\/\/www.facebook.com\/leafbiodiversity&#8221; _builder_version=&#8221;4.21.0&#8243; _module_preset=&#8221;default&#8221; background_color=&#8221;#EFE8D7&#8243; background_enable_color=&#8221;on&#8221; custom_padding=&#8221;4px|4px|4px|4px|true|true&#8221; global_colors_info=&#8221;{}&#8221; follow_button=&#8221;off&#8221; url_new_window=&#8221;on&#8221;]facebook[\/et_pb_social_media_follow_network][et_pb_social_media_follow_network social_network=&#8221;instagram&#8221; url=&#8221;https:\/\/www.instagram.com\/leafbiodiversity&#8221; _builder_version=&#8221;4.21.0&#8243; _module_preset=&#8221;default&#8221; background_color=&#8221;#EFE8D7&#8243; background_enable_color=&#8221;on&#8221; custom_padding=&#8221;4px|4px|4px|4px|true|true&#8221; global_colors_info=&#8221;{%22gcid-cc1e7daa-e7a2-44d1-a6d4-86221a549f5c%22:%91%22background_color%22,%22background_color%22%93}&#8221; follow_button=&#8221;off&#8221; url_new_window=&#8221;on&#8221;]instagram[\/et_pb_social_media_follow_network][\/et_pb_social_media_follow][\/et_pb_column][et_pb_column type=&#8221;1_3&#8243; _builder_version=&#8221;4.20.0&#8243; _module_preset=&#8221;default&#8221; custom_padding=&#8221;30px||30px||true|false&#8221; custom_padding_tablet=&#8221;&#8221; custom_padding_phone=&#8221;0px||0px||true|false&#8221; custom_padding_last_edited=&#8221;on|phone&#8221; global_colors_info=&#8221;{}&#8221;][et_pb_text _builder_version=&#8221;4.20.4&#8243; _module_preset=&#8221;d66abf77-cee8-41a0-a950-711cacee6424&#8243; header_5_font_size_tablet=&#8221;&#8221; header_5_font_size_phone=&#8221;&#8221; header_5_font_size_last_edited=&#8221;on|phone&#8221; locked=&#8221;off&#8221; global_colors_info=&#8221;{}&#8221;]<\/p>\n<h5>Kontakt:<\/h5>\n<p>[\/et_pb_text][et_pb_blurb title=&#8221;daniela.melisch@cneminescu.ro&#8221; url=&#8221;mailto:daniela.melisch@cneminescu.ro&#8221; use_icon=&#8221;on&#8221; font_icon=&#8221;&#xe010;||divi||400&#8243; icon_color=&#8221;#95AD33&#8243; image_icon_background_color=&#8221;#EFE8D7&#8243; icon_placement=&#8221;left&#8221; image_icon_width=&#8221;20px&#8221; _builder_version=&#8221;4.21.0&#8243; _module_preset=&#8221;default&#8221; header_line_height=&#8221;2em&#8221; image_icon_custom_padding=&#8221;8px|8px|8px|8px|true|true&#8221; link_option_url=&#8221;mailto:daniela.melisch@cneminescu.ro&#8221; border_radii_image=&#8221;on|33px|33px|33px|33px&#8221; global_colors_info=&#8221;{}&#8221;][\/et_pb_blurb][\/et_pb_column][\/et_pb_row][et_pb_row column_structure=&#8221;1_5,3_5,1_5&#8243; _builder_version=&#8221;4.20.0&#8243; _module_preset=&#8221;default&#8221; border_color_all=&#8221;rgba(94,94,78,0.2)&#8221; border_width_top=&#8221;1px&#8221; global_colors_info=&#8221;{}&#8221;][et_pb_column type=&#8221;1_5&#8243; _builder_version=&#8221;4.20.0&#8243; _module_preset=&#8221;default&#8221; global_colors_info=&#8221;{}&#8221;][\/et_pb_column][et_pb_column type=&#8221;3_5&#8243; _builder_version=&#8221;4.20.0&#8243; _module_preset=&#8221;default&#8221; custom_padding=&#8221;16px||||false|false&#8221; custom_padding_tablet=&#8221;0px||||false|false&#8221; custom_padding_phone=&#8221;&#8221; custom_padding_last_edited=&#8221;on|tablet&#8221; global_colors_info=&#8221;{}&#8221;][et_pb_text _builder_version=&#8221;4.20.4&#8243; _module_preset=&#8221;default&#8221; text_font=&#8221;|700|||||||&#8221; text_font_size=&#8221;13px&#8221; link_text_color=&#8221;#95AD33&#8243; text_orientation=&#8221;center&#8221; global_colors_info=&#8221;{}&#8221;]<\/p>\n<p>Developed by <a href=\"https:\/\/ignis.hr\" target=\"_blank\" rel=\"noopener\">IGNIS<\/a><\/p>\n<p>[\/et_pb_text][\/et_pb_column][et_pb_column type=&#8221;1_5&#8243; _builder_version=&#8221;4.20.0&#8243; _module_preset=&#8221;default&#8221; custom_padding=&#8221;6px||||false|false&#8221; custom_padding_tablet=&#8221;0px||||false|false&#8221; custom_padding_phone=&#8221;&#8221; custom_padding_last_edited=&#8221;on|tablet&#8221; global_colors_info=&#8221;{}&#8221;][\/et_pb_column][\/et_pb_row][\/et_pb_section]<\/p>\n","protected":false},"excerpt":{"rendered":"<p>PRIRU\u010cNIK ZA U\u010cITELJES ponosom vam predstavljamo na\u0161 priru\u010dnik za u\u010ditelje, sveobuhvatan izvor osmi\u0161ljen kako bi osna\u017eio edukatore u poticanju dubokog razumijevanja i po\u0161tovanja prema bioraznolikosti kroz prakti\u010dna iskustva. O priru\u010dniku: Otkrijte zbirku inovativnih strategija podu\u010davanja, zanimljivih aktivnosti i prakti\u010dnih smjernica osmi\u0161ljenih s ciljem nadahnu\u0107a sljede\u0107e generacije \u010duvara okoli\u0161a. Priru\u010dnik je dokaz na\u0161e predanosti opremanju nastavnika [&hellip;]<\/p>\n","protected":false},"author":1,"featured_media":0,"parent":1319,"menu_order":0,"comment_status":"closed","ping_status":"closed","template":"","meta":{"_et_pb_use_builder":"on","_et_pb_old_content":"","_et_gb_content_width":"","footnotes":""},"class_list":["post-1325","page","type-page","status-publish","hentry"],"_links":{"self":[{"href":"https:\/\/leafbiodiversity.eu\/hr\/wp-json\/wp\/v2\/pages\/1325","targetHints":{"allow":["GET"]}}],"collection":[{"href":"https:\/\/leafbiodiversity.eu\/hr\/wp-json\/wp\/v2\/pages"}],"about":[{"href":"https:\/\/leafbiodiversity.eu\/hr\/wp-json\/wp\/v2\/types\/page"}],"author":[{"embeddable":true,"href":"https:\/\/leafbiodiversity.eu\/hr\/wp-json\/wp\/v2\/users\/1"}],"replies":[{"embeddable":true,"href":"https:\/\/leafbiodiversity.eu\/hr\/wp-json\/wp\/v2\/comments?post=1325"}],"version-history":[{"count":6,"href":"https:\/\/leafbiodiversity.eu\/hr\/wp-json\/wp\/v2\/pages\/1325\/revisions"}],"predecessor-version":[{"id":4526,"href":"https:\/\/leafbiodiversity.eu\/hr\/wp-json\/wp\/v2\/pages\/1325\/revisions\/4526"}],"up":[{"embeddable":true,"href":"https:\/\/leafbiodiversity.eu\/hr\/wp-json\/wp\/v2\/pages\/1319"}],"wp:attachment":[{"href":"https:\/\/leafbiodiversity.eu\/hr\/wp-json\/wp\/v2\/media?parent=1325"}],"curies":[{"name":"wp","href":"https:\/\/api.w.org\/{rel}","templated":true}]}}