{"id":1316,"date":"2023-04-12T18:51:09","date_gmt":"2023-04-12T18:51:09","guid":{"rendered":"https:\/\/leafbiodiversity.eu\/projekt\/"},"modified":"2024-06-19T14:23:11","modified_gmt":"2024-06-19T14:23:11","slug":"projekt","status":"publish","type":"page","link":"https:\/\/leafbiodiversity.eu\/hr\/projekt\/","title":{"rendered":"Projekt"},"content":{"rendered":"<p>[et_pb_section fb_built=&#8221;1&#8243; _builder_version=&#8221;4.21.0&#8243; _module_preset=&#8221;default&#8221; background_color=&#8221;#EFE8D7&#8243; global_colors_info=&#8221;{}&#8221;][et_pb_row _builder_version=&#8221;4.20.4&#8243; _module_preset=&#8221;default&#8221; global_colors_info=&#8221;{}&#8221;][et_pb_column type=&#8221;4_4&#8243; _builder_version=&#8221;4.20.4&#8243; _module_preset=&#8221;default&#8221; global_colors_info=&#8221;{}&#8221;][et_pb_image src=&#8221;https:\/\/leafbiodiversity.eu\/wp-content\/uploads\/2023\/04\/LEAF-project-logo.png&#8221; title_text=&#8221;LEAF logo&#8221; align=&#8221;center&#8221; _builder_version=&#8221;4.20.4&#8243; _module_preset=&#8221;default&#8221; global_colors_info=&#8221;{}&#8221;][\/et_pb_image][et_pb_text _builder_version=&#8221;4.20.4&#8243; _module_preset=&#8221;default&#8221; global_colors_info=&#8221;{}&#8221;]<\/p>\n<h1 style=\"text-align: center;\"><b>PROJEKT<\/b><\/h1>\n<p>[\/et_pb_text][et_pb_tabs _builder_version=&#8221;4.21.0&#8243; _module_preset=&#8221;default&#8221; global_colors_info=&#8221;{}&#8221;][et_pb_tab title=&#8221;POZADINA&#8221; _builder_version=&#8221;4.21.0&#8243; _module_preset=&#8221;default&#8221; global_colors_info=&#8221;{}&#8221;]<\/p>\n<p><span style=\"font-weight: 400;\">Prema Informacijskom sustavu bioraznolikosti za Europu (Biodiversity Information System for Europe), europska flora obuhva\u0107a <\/span><b>20 &#8211; 25.000 vrsta<\/b><span style=\"font-weight: 400;\"> a podru\u010dja s najve\u0107im biljnim bogatstvom nalaze se u mediteranskoj regiji. Obrazovanje o va\u017enosti bioraznolikosti biljaka za o\u010duvanje prirodnih ekosustava i borbu protiv klimatskih promjena klju\u010dno je za postizanje ciljeva strategije bioraznolikosti EU-a. Trenutno se suo\u010davamo s <\/span><b>gubitkom bioraznolikosti na globalnoj razini,<\/b><span style=\"font-weight: 400;\">a to je slu\u010daj i sa partnerima uklju\u010denim u ovaj projekt, koji su svi bogati biljnom bioraznoliko\u0161\u0107u. Me\u0111unarodna unija za o\u010duvanje prirode, na temelju svoje Crvene list vrsta, izvje\u0161\u0107uje da je postotak ugro\u017eenih vrsta vaskularnih biljaka <\/span><b>12%<\/b><span style=\"font-weight: 400;\">u Gr\u010dkoj, <\/span><b>10%<\/b><span style=\"font-weight: 400;\"> u Italiji, <\/span><b>6%<\/b><span style=\"font-weight: 400;\"> u Francuskoj. <\/span> <\/p>\n<p><span style=\"font-weight: 400;\">U<\/span><i><span style=\"font-weight: 400;\">ITALIJI<\/span><\/i><span style=\"font-weight: 400;\">glavno pitanje koje ozbiljno dovodi u opasnost talijansku raznolikost flore i faune je uvo\u0111enje desetaka vrsta iz drugih zemalja. Sli\u010dno tome, <\/span><i><span style=\"font-weight: 400;\">bogata biljna bioraznolikost GR\u010cKE<\/span><\/i><span style=\"font-weight: 400;\">ugro\u017eena je invazivnim stranim vrstama koje su namjerno ili slu\u010dajno unesene, kao i one\u010di\u0161\u0107enjem.<\/span> <\/p>\n<p><span style=\"font-weight: 400;\">U<\/span><i><span style=\"font-weight: 400;\">FRANCUSKOJ<\/span><\/i><span style=\"font-weight: 400;\">su gubitak, fragmentacija i degradacija stani\u0161ta najzna\u010dajnije prijetnje vrstama \u010dak i na europskoj razini.<\/span> <\/p>\n<p><i><span style=\"font-weight: 400;\">RUMUNJSKA<\/span><\/i><span style=\"font-weight: 400;\"> se suo\u010dava s mnogim rizicima na sjeveroistoku zbog one\u010di\u0161\u0107enja, ribolova i lova. Postoji slaba svijest o gospodarenju otpadom, a ljudski otpad zavr\u0161ava na obalama rijeka i u \u0161umama, dovode\u0107i mnoge vrste u opasnost. <\/span><\/p>\n<p><span style=\"font-weight: 400;\">U<\/span><i><span style=\"font-weight: 400;\">SRBIJI<\/span><\/i><span style=\"font-weight: 400;\">se procjenjuje da je oko 60% endemi\u010dnih biljnih vrsta ugro\u017eeno iz razli\u010ditih razloga. Pad bioraznolikosti izravno se pripisuje znatnom gubitku prirodnog stani\u0161ta zbog \u0161irenja poljoprivrede (osobito u Panonskoj nizini) i isu\u0161ivanja bara i mo\u010dvara. <\/span><\/p>\n<p><span style=\"font-weight: 400;\">Gubitak bioraznolikosti u<\/span><i><span style=\"font-weight: 400;\">HRVATSKOJ<\/span><\/i><span style=\"font-weight: 400;\">uglavnom je uzrokovan gubitkom i fragmentacijom stani\u0161ta zbog ljudskih aktivnosti (kao \u0161to su poljoprivredne aktivnosti i razvoj infrastrukture) i prirodnih procesa sukcesije (osobito na napu\u0161tenom poljoprivrednom zemlji\u0161tu). <\/span> <\/p>\n<p><span style=\"font-weight: 400;\">Prikazana situacija nagla\u0161ava kako bi <\/span><b>dodatne usluge pra\u0107enja kao i resursi <\/b><span style=\"font-weight: 400;\"> bili korisni za pove\u0107anje skupa podataka o vrstama i baze znanja op\u0107enito. Pra\u0107enje ugro\u017eenih vrsta, osim doprinosa znanstvenom istra\u017eivanju, tako\u0111er ima utjecaj na ciljne skupine projekta u smislu razumijevanja ozbiljnosti i posljedica gubitka bioraznolikosti. <\/span><\/p>\n<p><span style=\"font-weight: 400;\">Iako se bioraznolikost prou\u010dava u \u0161kolskom kurikulumu kroz nastavu geografije i prirode, <\/span><b>obrazovanje o okoli\u0161u <\/b><span style=\"font-weight: 400;\"> se ne podu\u010dava kao predmet sam po sebi, ve\u0107 je ponekad izborni predmet koji prepu\u0161ta u\u010diteljima da odlu\u010de \u0161to \u0107e podu\u010davati. Stoga postoji potreba za povezivanjem znanstvenih koncepata sa \u0161irim temama kao \u0161to su <\/span><b>u\u010dinci klimatskih promjena<\/b><span style=\"font-weight: 400;\">, a<\/span><b>kontinuirano stru\u010dno usavr\u0161avanje nastavnika<\/b><span style=\"font-weight: 400;\"> klju\u010dno je za uvo\u0111enje obrazovanja o odr\u017eivosti u nastavne planove i programe.<\/span><\/p>\n<p>[\/et_pb_tab][et_pb_tab title=&#8221;CILJEVI PROJEKTA&#8221; _builder_version=&#8221;4.21.0&#8243; _module_preset=&#8221;default&#8221; global_colors_info=&#8221;{}&#8221;]<\/p>\n<p><span style=\"font-weight: 400;\">Projekt<\/span><b>ima za<\/b><span style=\"font-weight: 400;\">cilj: <\/span> <\/p>\n<p>&nbsp;<\/p>\n<ul>\n<li> <span style=\"font-weight: 400;\"> Razviti novu <\/span><b>metodologiju u\u010denja zalaganjem u zajednici <\/b><span style=\"font-weight: 400;\"> za srednje \u0161kole usmjerenu na pra\u0107enje i za\u0161titu lokalne biljne raznolikosti. <\/span> <\/li>\n<li><span style=\"font-weight: 400;\"> <\/span><b>Educirati u\u010ditelje, \u0161kolsko osoblje i voditelje <\/b><span style=\"font-weight: 400;\"> o metodologiji u\u010denja zalaganjem u zajednici koja se primjenjuje na pra\u0107enje biolo\u0161ke raznolikosti biljaka, pru\u017eaju\u0107i im na taj na\u010din <\/span><b>novu pedago\u0161ku priliku <\/b><span style=\"font-weight: 400;\"> za njihove u\u010denike, a koja \u0107e biti korisna za zajednicu u cjelini. <\/span> <\/li>\n<li> <span style=\"font-weight: 400;\"> Pove\u0107ati postotak <\/span><b>europskih biljnih okoli\u0161a koji se uistinu <\/b><span style=\"font-weight: 400;\"> redovito prate. <\/span> <\/li>\n<li> <span style=\"font-weight: 400;\"> Promicati novi model <\/span><b>gra\u0111ansko-znanstvene <\/b><span style=\"font-weight: 400;\"> inicijative na lokalnom nivou posve\u0107en bioraznolikosti biljaka koju provode \u0161kole.<\/span><\/li>\n<li> <span style=\"font-weight: 400;\"> Pobolj\u0161ati kvalitetu <\/span><b>STEM u\u010denja<\/b><span style=\"font-weight: 400;\">za u\u010denike srednjih \u0161kola kroz inovativne projektne metodologije. <\/span> <\/li>\n<li> <span style=\"font-weight: 400;\"> Povezati nastavni plan i program u\u010denika i ciljeve u\u010denja sa stvarnim potrebama zajednice, <\/span><b>nadilaze\u0107i tako staru pasivnu metodu u\u010denja <\/b><span style=\"font-weight: 400;\"> gdje u\u010denici samo dobivaju informacije od nastavnika, bez povratne informacije ili prakti\u010dne primjene. <\/span> <\/li>\n<li> <span style=\"font-weight: 400;\"> Pove\u0107ati <\/span><b>anga\u017eman i sudjelovanje u\u010denika,<\/b><span style=\"font-weight: 400;\"> \u010dime se aktivno bori protiv ranog napu\u0161tanja \u0161kole. <\/span> <\/li>\n<li><span style=\"font-weight: 400;\"> <\/span><b>Promicati <\/b><span style=\"font-weight: 400;\"> aktivno gra\u0111anstvo, za\u0161titu okoli\u0161a, dru\u0161tvenu uklju\u010denost i uspostavu dugoro\u010dne strukturirane suradnje izme\u0111u \u0161kola i lokalnih dionika. <\/span> <\/li>\n<\/ul>\n<p>&nbsp;<\/p>\n<p><i><span style=\"font-weight: 400;\">Ostvarenjem glavnih ciljeva projekta, LEAF \u0107e tako\u0111er:<\/span><\/i><\/p>\n<p>&nbsp;<\/p>\n<ol>\n<li><span style=\"font-weight: 400;\"> <\/span><b>Podr\u017eati<\/b><span style=\"font-weight: 400;\"> razvoj kompetencija za odr\u017eivost u skladu s Europskim okvirom kompetencija za odr\u017eivost (GreenComp). To \u0107e u\u010diniti kroz inovativan i multidisciplinarni pristup podu\u010davanju koji promi\u010de gra\u0111anski anga\u017eman i iskustveno u\u010denje.<\/span><\/li>\n<li><span style=\"font-weight: 400;\"> <\/span><b>Podi\u0107i svijest<\/b><span style=\"font-weight: 400;\"> o va\u017enosti bioraznolikosti i potrebe za\u0161tite prirode te promicati va\u017enost gra\u0111anske znanosti za pra\u0107enje bioraznolikosti biljaka. Kroz obrazovanje, projekt ima za cilj u\u010diniti nastavnike i u\u010denike nositeljima promjena. <\/span><\/li>\n<li><span style=\"font-weight: 400;\"> <\/span><b>Pru\u017eiti<\/b><span style=\"font-weight: 400;\"> u\u010diteljima jedinstvenu priliku za kontinuirani profesionalni razvoj kako bi pobolj\u0161ali svoje vje\u0161tine u kori\u0161tenju inovativnih i multidisciplinarnih pristupa podu\u010davanju.<\/span><\/li>\n<\/ol>\n<p>[\/et_pb_tab][et_pb_tab title=&#8221;CILJANE SKUPINE&#8221; _builder_version=&#8221;4.21.0&#8243; _module_preset=&#8221;default&#8221; global_colors_info=&#8221;{}&#8221;]<\/p>\n<p><span style=\"font-weight: 400;\">IZRAVNA<\/span><i><span style=\"font-weight: 400;\">CILJANA SKUPINA<\/span><\/i><span style=\"font-weight: 400;\">predvi\u0111ena za projekt LEAF su <\/span><b>srednjo\u0161kolski profesori i voditelji <\/b><span style=\"font-weight: 400;\"> koji se bave bioraznoliko\u0161\u0107u i studijama okoli\u0161a, a koji \u0107e imati koristi od nove i inovativne prilike za kontinuirani profesionalni razvoj (CPD). Uloga <\/span><b>nastavnika<\/b><span style=\"font-weight: 400;\"> se \u0161iri i postaje sve zahtjevnija jer se od njih o\u010dekuje da koriste razli\u010dite metode, alate i pristupe te da ih prilago\u0111avaju potrebama u\u010denika. Potrebno je tako\u0111er da posjeduju i kompetencije i vje\u0161tine potrebne za stvaranje pozitivnog u\u010dioni\u010dkog okru\u017eenja i sura\u0111ivati s drugim dionicima unutar i izvan \u0161kole kako bi pru\u017eili pravovremenu podr\u0161ku u\u010denicima. <\/span><\/p>\n<p><span style=\"font-weight: 400;\">Glavne<\/span><i><span style=\"font-weight: 400;\">NEIZRAVNE CILJANE SKUPINE <\/span><\/i><span style=\"font-weight: 400;\"> su<\/span><b>u\u010denici<\/b><span style=\"font-weight: 400;\">. Srednje obrazovanje smatra se vrlo <\/span><b>delikatnom<\/b><span style=\"font-weight: 400;\"> fazom u procesu njihova odrastanja, prelaze\u0107i iz tinejd\u017eerske u odraslu dob. Programi usluga <\/span><b>olak\u0161avaju<\/b><span style=\"font-weight: 400;\"> ovu tranziciju stvaraju\u0107i interpersonalne vje\u0161tine, sposobnosti rje\u0161avanja problema, inicijativu i aktivno gra\u0111anstvo, eti\u010dko razmi\u0161ljanje te dru\u0161tveno i politi\u010dko razumijevanje. Osim toga, poti\u010de stjecanje vje\u0161tina cjelo\u017eivotnog u\u010denja, odnosno motivaciju i samoregulaciju kod u\u010denja. <\/span><\/p>\n<p><i><span style=\"font-weight: 400;\">DIONICI <\/span><\/i><\/p>\n<p><span style=\"font-weight: 400;\">\u0160KOLSKO OSOBLJE<\/span><span style=\"font-weight: 400;\">: izlaganjem prakti\u010dnim projektima odr\u017eivosti u \u0161koli i njihovoj okolini, \u0161kolsko osoblje bit \u0107e obavije\u0161teno o \u0161kolskim inicijativama vezanih uz odr\u017eivost i pozvano na sudjelovanje, s obzirom na cjelokupni \u0161kolski pristup odr\u017eivosti koji je vidljiv svom uklju\u010denom \u0161kolskom osoblju. <\/span> <\/p>\n<p><span style=\"font-weight: 400;\">RODITELJI<\/span><span style=\"font-weight: 400;\">: obitelji u\u010denika njihovim \u0107e svakodnevnim pona\u0161anjem biti osvje\u0161tavani o va\u017enosti za\u0161tite okoli\u0161a. <\/span> <\/p>\n<p><span style=\"font-weight: 400;\">LOKALNA ZAJEDNICA<\/span><span style=\"font-weight: 400;\">: u\u010denje zalaganjem u zajednici podrazumijeva dopiranje do civilnog dru\u0161tva, javne uprave, industrijskog i neprofitnog sektora. Navedeno \u0107e pobolj\u0161ati i oja\u010dati odnos \u0161kola sa zajednicom, pridonose\u0107i tome da \u0161kole postanu \u201eorganizacije otvorenog u\u010denja\u201c. <\/span><\/p>\n<p>[\/et_pb_tab][et_pb_tab title=&#8221;RELEVANTNOST&#8221; _builder_version=&#8221;4.21.0&#8243; _module_preset=&#8221;default&#8221; global_colors_info=&#8221;{}&#8221;]<\/p>\n<p><span style=\"font-weight: 400;\">LEAF ima za cilj iskoristiti metodologije <\/span><b>&#8220;u\u010denja zalaganjem u zajednici&#8221;<\/b><span style=\"font-weight: 400;\"> (SL) i <\/span><b>&#8220;gra\u0111anske znanosti&#8221; <\/b><span style=\"font-weight: 400;\"> primijeniti ih u srednjim \u0161kolama, s ciljem <\/span><b>uklju\u010divanja u\u010denika <\/b><span style=\"font-weight: 400;\"> u pra\u0107enje bioraznolikosti lokalnih biljaka. SL (u\u010denje zalaganjem u zajednici, engl. service learning) zna\u010di stvoriti vezu izme\u0111u ciljeva u\u010denja u\u010denika i stvarnih potreba zajednice, stoga u\u010denje doslovno prelazi iz u\u010dionica u stvarni \u017eivot. <\/span><\/p>\n<p><span style=\"font-weight: 400;\">SL se razlikuje od dru\u0161tveno korisnog rada jer nije sporadi\u010dan niti se provodi na dobrovoljnoj osnovi, ve\u0107 je <\/span><b>sustavan i uklju\u010den je u \u0161kolski nastavni plan i program<\/b><span style=\"font-weight: 400;\">, razvijen u bliskom i dugoro\u010dnom odnosu s dionicima u zajednici. <\/span> <\/p>\n<p><span style=\"font-weight: 400;\">Za rje\u0161avanje slo\u017eenih problema odr\u017eivosti, uklju\u010duju\u0107i o\u010duvanje biolo\u0161ke raznolikosti, <\/span><b>odr\u017eivost <\/b><span style=\"font-weight: 400;\"> mora biti uklju\u010dena u obrazovanje unutar i izvan u\u010dionice kako bi se u\u010denici obrazovali da budu katalizatori promjena koji su voljni pokrenuti inicijative u korist dru\u0161tva i preuzeti odgovornost prema planetu. <\/span> <\/p>\n<p><span style=\"font-weight: 400;\">Da bi se to postiglo na najbolji mogu\u0107i na\u010din, obuka nastavnika je od iznimne va\u017enosti, stoga su srednjo\u0161kolski nastavnici odabrani kao glavna ciljana skupina projekta. <\/span><b>Kontakt s prirodom <\/b><span style=\"font-weight: 400;\"> stvara niz pozitivnih prednosti u pogledu u\u010denja i zdravlja. <\/span> <\/p>\n<p><b>Howard Gardner <\/b><span style=\"font-weight: 400;\"> identificirao je devet vi\u0161estrukih inteligencija, uklju\u010duju\u0107i <\/span><b>&#8216;prirodoslovnu inteligenciju&#8217;.<\/b><span style=\"font-weight: 400;\">. . Oni s ovom inteligencijom najbolje u\u010de kada ne\u0161to do\u017eive\/iskuse, sakupljaju ili analiziraju ne\u0161to u prirodi ili blisko povezano s prirodom, i stoga <\/span><b>u\u010de vi\u0161e dok su vani.<\/b><span style=\"font-weight: 400;\">. \u0160tovi\u0161e, kontakt s prirodom ima koristi za fizi\u010dko zdravlje, uklju\u010duju\u0107i smanjenje u\u010dinaka pretilosti u djetinjstvu i pobolj\u0161anje mentalnog zdravlja i emocionalnog blagostanja. <\/span><\/p>\n<p><span style=\"font-weight: 400;\">Stoga \u0107e projekt u\u010diteljima pru\u017eiti <\/span><b>inovativnu metodologiju <\/b><span style=\"font-weight: 400;\"> za bavljenje temom &#8211; bioraznoliko\u0161\u0107u, koja mo\u017ee stvoriti koristi za u\u010denike u smislu u\u010denja i op\u0107e dobrobiti. <\/span> <\/p>\n<p><span style=\"font-weight: 400;\">Nadalje, kao \u0161to pokazuju globalni pokreti <\/span><b>\u201cPetkom za budu\u0107nost\u201d (Fridays for Future) <\/b> <span style=\"font-weight: 400;\">i druge grupe mladih koje su poduzele akcije u protekle 3 godine, pitanja vezana uz za\u0161titu okoli\u0161a i borbu protiv klimatskih promjena od velike su va\u017enosti za mla\u0111e generacije koje \u017eele imati instrumente za poduzimanje konkretnih radnji. Utje\u010du\u0107i na <\/span><b>u\u010denike<\/b><span style=\"font-weight: 400;\">, projekt \u0107e doprijeti i do njihovih obitelji koje se mogu osvijestiti o va\u017enosti gra\u0111anske znanosti i potrebi za\u0161tite bioraznolikosti. <\/span> <\/p>\n<p>[\/et_pb_tab][\/et_pb_tabs][\/et_pb_column][\/et_pb_row][\/et_pb_section][et_pb_section fb_built=&#8221;1&#8243; admin_label=&#8221;Footer&#8221; _builder_version=&#8221;4.20.4&#8243; _module_preset=&#8221;default&#8221; background_color=&#8221;#E0C588&#8243; background_enable_image=&#8221;off&#8221; background_size=&#8221;contain&#8221; background_position=&#8221;top_center&#8221; min_height=&#8221;526.9px&#8221; custom_margin=&#8221;||-44px|||&#8221; custom_padding=&#8221;57px||0px|||&#8221; background_last_edited=&#8221;on|tablet&#8221; background_size_tablet=&#8221;contain&#8221; background_position_tablet=&#8221;top_center&#8221; saved_tabs=&#8221;all&#8221; collapsed=&#8221;on&#8221; global_colors_info=&#8221;{}&#8221; global_module=&#8221;2876&#8243; theme_builder_area=&#8221;post_content&#8221;][et_pb_row column_structure=&#8221;1_3,1_3,1_3&#8243; use_custom_gutter=&#8221;on&#8221; gutter_width=&#8221;2&#8243; _builder_version=&#8221;4.20.0&#8243; _module_preset=&#8221;default&#8221; global_colors_info=&#8221;{}&#8221; theme_builder_area=&#8221;post_content&#8221;][et_pb_column type=&#8221;1_3&#8243; _builder_version=&#8221;4.20.0&#8243; _module_preset=&#8221;default&#8221; custom_padding=&#8221;30px||30px||true|false&#8221; custom_padding_tablet=&#8221;0px||0px||true|false&#8221; custom_padding_phone=&#8221;0px||0px||true|false&#8221; custom_padding_last_edited=&#8221;on|phone&#8221; global_colors_info=&#8221;{}&#8221; theme_builder_area=&#8221;post_content&#8221;][et_pb_image src=&#8221;https:\/\/leafbiodiversity.eu\/wp-content\/uploads\/2024\/06\/HR_Co-fundedbytheEU_RGB_POS-300&#215;79.png&#8221; alt=&#8221;erasmus+logo&#8221; title_text=&#8221;HR_Co-fundedbytheEU_RGB_POS&#8221; _builder_version=&#8221;4.25.0&#8243; _module_preset=&#8221;default&#8221; global_colors_info=&#8221;{}&#8221; theme_builder_area=&#8221;post_content&#8221;][\/et_pb_image][et_pb_text _builder_version=&#8221;4.22.1&#8243; _module_preset=&#8221;default&#8221; text_font_size=&#8221;12px&#8221; text_line_height=&#8221;1.5em&#8221; global_colors_info=&#8221;{}&#8221; theme_builder_area=&#8221;post_content&#8221;]<\/p>\n<p>Ovaj projekt je sufinanciran uz potporu Europske komisije. Ova komunikacija odra\u017eava isklju\u010divo stajali\u0161ta autora, a Komisija se ne mo\u017ee smatrati odgovornom za bilo kakvu upotrebu informacija sadr\u017eanih u njoj.<\/p>\n<p><span style=\"font-weight: 400;\">Projekt br.:2022-1-RO01-KA220-SCH-000086884<\/span><\/p>\n<p>[\/et_pb_text][\/et_pb_column][et_pb_column type=&#8221;1_3&#8243; _builder_version=&#8221;4.20.0&#8243; _module_preset=&#8221;default&#8221; custom_padding=&#8221;30px||30px||true|false&#8221; custom_padding_tablet=&#8221;0px||0px||true|false&#8221; custom_padding_phone=&#8221;0px||0px||true|false&#8221; custom_padding_last_edited=&#8221;on|phone&#8221; global_colors_info=&#8221;{}&#8221; theme_builder_area=&#8221;post_content&#8221;][et_pb_text _builder_version=&#8221;4.22.1&#8243; _module_preset=&#8221;d66abf77-cee8-41a0-a950-711cacee6424&#8243; header_text_align_tablet=&#8221;&#8221; header_text_align_phone=&#8221;&#8221; header_text_align_last_edited=&#8221;on|phone&#8221; header_font_size_tablet=&#8221;&#8221; header_font_size_phone=&#8221;&#8221; header_font_size_last_edited=&#8221;on|phone&#8221; text_orientation_tablet=&#8221;&#8221; text_orientation_phone=&#8221;center&#8221; text_orientation_last_edited=&#8221;on|phone&#8221; locked=&#8221;off&#8221; global_colors_info=&#8221;{}&#8221; theme_builder_area=&#8221;post_content&#8221;]<\/p>\n<p><strong>PRATI NAS<\/strong><\/p>\n<p>[\/et_pb_text][et_pb_social_media_follow icon_color=&#8221;#95AD33&#8243; use_icon_font_size=&#8221;on&#8221; icon_font_size=&#8221;14px&#8221; _builder_version=&#8221;4.21.0&#8243; _module_preset=&#8221;default&#8221; text_orientation=&#8221;left&#8221; text_orientation_tablet=&#8221;center&#8221; text_orientation_phone=&#8221;&#8221; text_orientation_last_edited=&#8221;on|phone&#8221; border_radii=&#8221;on|100px|100px|100px|100px&#8221; global_colors_info=&#8221;{}&#8221; theme_builder_area=&#8221;post_content&#8221;][et_pb_social_media_follow_network social_network=&#8221;facebook&#8221; url=&#8221;https:\/\/www.facebook.com\/leafbiodiversity&#8221; _builder_version=&#8221;4.21.0&#8243; _module_preset=&#8221;default&#8221; background_color=&#8221;#EFE8D7&#8243; background_enable_color=&#8221;on&#8221; custom_padding=&#8221;4px|4px|4px|4px|true|true&#8221; global_colors_info=&#8221;{}&#8221; theme_builder_area=&#8221;post_content&#8221; follow_button=&#8221;off&#8221; url_new_window=&#8221;on&#8221;]facebook[\/et_pb_social_media_follow_network][et_pb_social_media_follow_network social_network=&#8221;instagram&#8221; url=&#8221;https:\/\/www.instagram.com\/leafbiodiversity&#8221; _builder_version=&#8221;4.21.0&#8243; _module_preset=&#8221;default&#8221; background_color=&#8221;#EFE8D7&#8243; background_enable_color=&#8221;on&#8221; custom_padding=&#8221;4px|4px|4px|4px|true|true&#8221; global_colors_info=&#8221;{%22gcid-cc1e7daa-e7a2-44d1-a6d4-86221a549f5c%22:%91%22background_color%22,%22background_color%22%93}&#8221; theme_builder_area=&#8221;post_content&#8221; follow_button=&#8221;off&#8221; url_new_window=&#8221;on&#8221;]instagram[\/et_pb_social_media_follow_network][\/et_pb_social_media_follow][\/et_pb_column][et_pb_column type=&#8221;1_3&#8243; _builder_version=&#8221;4.20.0&#8243; _module_preset=&#8221;default&#8221; custom_padding=&#8221;30px||30px||true|false&#8221; custom_padding_tablet=&#8221;&#8221; custom_padding_phone=&#8221;0px||0px||true|false&#8221; custom_padding_last_edited=&#8221;on|phone&#8221; global_colors_info=&#8221;{}&#8221; theme_builder_area=&#8221;post_content&#8221;][et_pb_text _builder_version=&#8221;4.22.1&#8243; _module_preset=&#8221;d66abf77-cee8-41a0-a950-711cacee6424&#8243; header_5_font_size_tablet=&#8221;&#8221; header_5_font_size_phone=&#8221;&#8221; header_5_font_size_last_edited=&#8221;on|phone&#8221; locked=&#8221;off&#8221; global_colors_info=&#8221;{}&#8221; theme_builder_area=&#8221;post_content&#8221;]<\/p>\n<h5>KONTAKT<\/h5>\n<p>[\/et_pb_text][et_pb_blurb title=&#8221;daniela.melisch@cneminescu.ro&#8221; url=&#8221;mailto:daniela.melisch@cneminescu.ro&#8221; use_icon=&#8221;on&#8221; font_icon=&#8221;&#xe010;||divi||400&#8243; icon_color=&#8221;#95AD33&#8243; image_icon_background_color=&#8221;#EFE8D7&#8243; icon_placement=&#8221;left&#8221; image_icon_width=&#8221;20px&#8221; _builder_version=&#8221;4.21.0&#8243; _module_preset=&#8221;default&#8221; header_line_height=&#8221;2em&#8221; image_icon_custom_padding=&#8221;8px|8px|8px|8px|true|true&#8221; link_option_url=&#8221;mailto:daniela.melisch@cneminescu.ro&#8221; border_radii_image=&#8221;on|33px|33px|33px|33px&#8221; global_colors_info=&#8221;{}&#8221; theme_builder_area=&#8221;post_content&#8221;][\/et_pb_blurb][\/et_pb_column][\/et_pb_row][et_pb_row column_structure=&#8221;1_5,3_5,1_5&#8243; _builder_version=&#8221;4.20.0&#8243; _module_preset=&#8221;default&#8221; min_height=&#8221;86.7px&#8221; border_color_all=&#8221;rgba(94,94,78,0.2)&#8221; border_width_top=&#8221;1px&#8221; global_colors_info=&#8221;{}&#8221; theme_builder_area=&#8221;post_content&#8221;][et_pb_column type=&#8221;1_5&#8243; _builder_version=&#8221;4.20.0&#8243; _module_preset=&#8221;default&#8221; global_colors_info=&#8221;{}&#8221; theme_builder_area=&#8221;post_content&#8221;][\/et_pb_column][et_pb_column type=&#8221;3_5&#8243; _builder_version=&#8221;4.20.0&#8243; _module_preset=&#8221;default&#8221; custom_padding=&#8221;16px||||false|false&#8221; custom_padding_tablet=&#8221;0px||||false|false&#8221; custom_padding_phone=&#8221;&#8221; custom_padding_last_edited=&#8221;on|tablet&#8221; global_colors_info=&#8221;{}&#8221; theme_builder_area=&#8221;post_content&#8221;][et_pb_text _builder_version=&#8221;4.20.4&#8243; _module_preset=&#8221;default&#8221; text_font=&#8221;|700|||||||&#8221; text_font_size=&#8221;13px&#8221; link_text_color=&#8221;#95AD33&#8243; text_orientation=&#8221;center&#8221; global_colors_info=&#8221;{}&#8221; theme_builder_area=&#8221;post_content&#8221;]<\/p>\n<p>Developed by <a href=\"https:\/\/ignis.hr\" target=\"_blank\" rel=\"noopener\">IGNIS<\/a><\/p>\n<p>[\/et_pb_text][\/et_pb_column][et_pb_column type=&#8221;1_5&#8243; _builder_version=&#8221;4.20.0&#8243; _module_preset=&#8221;default&#8221; custom_padding=&#8221;6px||||false|false&#8221; custom_padding_tablet=&#8221;0px||||false|false&#8221; custom_padding_phone=&#8221;&#8221; custom_padding_last_edited=&#8221;on|tablet&#8221; global_colors_info=&#8221;{}&#8221; theme_builder_area=&#8221;post_content&#8221;][\/et_pb_column][\/et_pb_row][\/et_pb_section]<\/p>\n","protected":false},"excerpt":{"rendered":"<p>PROJEKTPrema Informacijskom sustavu bioraznolikosti za Europu (Biodiversity Information System for Europe), europska flora obuhva\u0107a 20 &#8211; 25.000 vrsta a podru\u010dja s najve\u0107im biljnim bogatstvom nalaze se u mediteranskoj regiji. Obrazovanje o va\u017enosti bioraznolikosti biljaka za o\u010duvanje prirodnih ekosustava i borbu protiv klimatskih promjena klju\u010dno je za postizanje ciljeva strategije bioraznolikosti EU-a. Trenutno se suo\u010davamo s [&hellip;]<\/p>\n","protected":false},"author":1,"featured_media":0,"parent":0,"menu_order":0,"comment_status":"closed","ping_status":"closed","template":"","meta":{"_et_pb_use_builder":"on","_et_pb_old_content":"","_et_gb_content_width":"","footnotes":""},"class_list":["post-1316","page","type-page","status-publish","hentry"],"_links":{"self":[{"href":"https:\/\/leafbiodiversity.eu\/hr\/wp-json\/wp\/v2\/pages\/1316","targetHints":{"allow":["GET"]}}],"collection":[{"href":"https:\/\/leafbiodiversity.eu\/hr\/wp-json\/wp\/v2\/pages"}],"about":[{"href":"https:\/\/leafbiodiversity.eu\/hr\/wp-json\/wp\/v2\/types\/page"}],"author":[{"embeddable":true,"href":"https:\/\/leafbiodiversity.eu\/hr\/wp-json\/wp\/v2\/users\/1"}],"replies":[{"embeddable":true,"href":"https:\/\/leafbiodiversity.eu\/hr\/wp-json\/wp\/v2\/comments?post=1316"}],"version-history":[{"count":5,"href":"https:\/\/leafbiodiversity.eu\/hr\/wp-json\/wp\/v2\/pages\/1316\/revisions"}],"predecessor-version":[{"id":2879,"href":"https:\/\/leafbiodiversity.eu\/hr\/wp-json\/wp\/v2\/pages\/1316\/revisions\/2879"}],"wp:attachment":[{"href":"https:\/\/leafbiodiversity.eu\/hr\/wp-json\/wp\/v2\/media?parent=1316"}],"curies":[{"name":"wp","href":"https:\/\/api.w.org\/{rel}","templated":true}]}}