{"id":1304,"date":"2023-05-07T17:06:24","date_gmt":"2023-05-07T17:06:24","guid":{"rendered":"https:\/\/leafbiodiversity.eu\/transnacionalni-projektni-sastanci-tpm\/"},"modified":"2025-02-24T10:17:41","modified_gmt":"2025-02-24T10:17:41","slug":"transnacionalni-projektni-sastanci-tpm","status":"publish","type":"page","link":"https:\/\/leafbiodiversity.eu\/hr\/aktivnosti\/transnacionalni-projektni-sastanci-tpm\/","title":{"rendered":"TRANSNACIONALNI PROJEKTNI SASTANCI (TPMovi)"},"content":{"rendered":"<p>[et_pb_section fb_built=&#8221;1&#8243; _builder_version=&#8221;4.21.0&#8243; _module_preset=&#8221;default&#8221; background_image=&#8221;https:\/\/leafbiodiversity.eu\/wp-content\/uploads\/2023\/05\/TO-NAM-JE-COVER-NA-FACEU.jpg&#8221; global_colors_info=&#8221;{}&#8221;][et_pb_row _builder_version=&#8221;4.21.0&#8243; _module_preset=&#8221;default&#8221; global_colors_info=&#8221;{}&#8221;][et_pb_column type=&#8221;4_4&#8243; _builder_version=&#8221;4.21.0&#8243; _module_preset=&#8221;default&#8221; global_colors_info=&#8221;{}&#8221;][et_pb_text _builder_version=&#8221;4.21.0&#8243; _module_preset=&#8221;default&#8221; text_text_color=&#8221;#383838&#8243; background_color=&#8221;#E0C588&#8243; text_orientation=&#8221;center&#8221; custom_padding=&#8221;4%|10%|4%|10%|true|true&#8221; global_colors_info=&#8221;{}&#8221;]<\/p>\n<h1 style=\"text-align: center;\"><b>TRANSNACIONALNI PROJEKTNI SASTANCI (TPMovi)<\/b><\/h1>\n<p>&nbsp;<\/p>\n<p><span style=\"font-weight: 400;\">TRANSNACIONALNI PROJEKTNI SASTANCI (TPM) unaprje\u0111uju daljnju u\u010dinkovitu suradnju me\u0111u partnerima, dok su mjese\u010dni sastanci zakazani za lak\u0161e pra\u0107enje napretka projekta.<\/span><\/p>\n<p>[\/et_pb_text][\/et_pb_column][\/et_pb_row][\/et_pb_section][et_pb_section fb_built=&#8221;1&#8243; _builder_version=&#8221;4.20.4&#8243; _module_preset=&#8221;default&#8221; global_colors_info=&#8221;{}&#8221;][et_pb_row _builder_version=&#8221;4.20.4&#8243; _module_preset=&#8221;default&#8221; global_colors_info=&#8221;{}&#8221;][et_pb_column type=&#8221;4_4&#8243; _builder_version=&#8221;4.20.4&#8243; _module_preset=&#8221;default&#8221; global_colors_info=&#8221;{}&#8221;][et_pb_text _builder_version=&#8221;4.23.1&#8243; _module_preset=&#8221;default&#8221; text_line_height=&#8221;1.9em&#8221; header_2_font=&#8221;||||||||&#8221; header_2_text_align=&#8221;left&#8221; header_2_line_height=&#8221;1.3em&#8221; global_colors_info=&#8221;{}&#8221;]<\/p>\n<h2>1. Po\u010detni sastanak u Biotu (FR), u organizaciji P6 \u2013 ENERGIES2050 (u suradnji s P1 \u2013 MENC) u <span>studenom<\/span> 2022.<\/h2>\n<p><span style=\"font-weight: 400;\"><\/span><\/p>\n<p><img loading=\"lazy\" decoding=\"async\" src=\"https:\/\/leafbiodiversity.eu\/wp-content\/uploads\/2023\/05\/Tpm-1024x726.jpg\" width=\"1024\" height=\"726\" alt=\"\" class=\"wp-image-241 alignnone size-large\" srcset=\"https:\/\/leafbiodiversity.eu\/wp-content\/uploads\/2023\/05\/Tpm-1024x726.jpg 1024w, https:\/\/leafbiodiversity.eu\/wp-content\/uploads\/2023\/05\/Tpm-980x695.jpg 980w, https:\/\/leafbiodiversity.eu\/wp-content\/uploads\/2023\/05\/Tpm-480x340.jpg 480w\" sizes=\"(min-width: 0px) and (max-width: 480px) 480px, (min-width: 481px) and (max-width: 980px) 980px, (min-width: 981px) 1024px, 100vw\" \/><\/p>\n<p><span style=\"font-weight: 400;\">Bio je to prvi sastanak u\u017eivo i poslu\u017eio je kao po\u010detak projektnog ciklusa. Uz 10 sudionika prisutnih na sastanku, bilo je to vrlo produktivno i plodonosno iskustvo koje je tim postavilo na pravi put za budu\u0107i rad. Tijekom ovog sastanka, partneri su istra\u017eili strategiju projekta, razgovarali o aspektima upravljanja i kvalitete kao I o diseminacijskom planu, procedurama financijskog izvje\u0161\u0107ivanja, formalnim obvezama (Ugovor o bespovratnim sredstvima te partnerski sporazum) i drugim va\u017enim temama za po\u010detak projekta. Ono \u0161to je jo\u0161 va\u017enije je da su zadaci kao i odgovornosti delegirani me\u0111u partnerskim organizacijama kako bi se lak\u0161e pratilo napredak projekta i kako bi se osiguralo da se kvalitetni aspekt projekta uvijek ima na umu. <\/span><\/p>\n<p><span style=\"font-weight: 400;\">Na kraju, ali ne manje va\u017eno, bila je to prekrasna prilika da se partneri me\u0111usobno upoznaju, vide lica iza ekrana, e-mailova, poruka i da se stvori pozitivno radno okru\u017eenje za nastavak projekta. <\/span><\/p>\n<p>[\/et_pb_text][et_pb_divider _builder_version=&#8221;4.23.1&#8243; _module_preset=&#8221;default&#8221; global_colors_info=&#8221;{}&#8221;][\/et_pb_divider][\/et_pb_column][\/et_pb_row][et_pb_row _builder_version=&#8221;4.20.4&#8243; _module_preset=&#8221;default&#8221; locked=&#8221;off&#8221; global_colors_info=&#8221;{}&#8221;][et_pb_column type=&#8221;4_4&#8243; _builder_version=&#8221;4.20.4&#8243; _module_preset=&#8221;default&#8221; global_colors_info=&#8221;{}&#8221;][et_pb_text _builder_version=&#8221;4.23.1&#8243; _module_preset=&#8221;default&#8221; text_line_height=&#8221;1.9em&#8221; header_2_font=&#8221;||||||||&#8221; header_2_text_align=&#8221;left&#8221; header_2_line_height=&#8221;1.3em&#8221; custom_padding=&#8221;||20px|||&#8221; global_colors_info=&#8221;{}&#8221;]<\/p>\n<h2>2. TPM, online, organized by P1, MENC, in May 2023<\/h2>\n<p><span style=\"font-weight: 400;\"><img loading=\"lazy\" decoding=\"async\" src=\"https:\/\/leafbiodiversity.eu\/wp-content\/uploads\/2023\/11\/2nd-meeting.jpg\" width=\"1870\" height=\"918\" alt=\"\" class=\"wp-image-1676 alignnone size-full\" srcset=\"https:\/\/leafbiodiversity.eu\/wp-content\/uploads\/2023\/11\/2nd-meeting.jpg 1870w, https:\/\/leafbiodiversity.eu\/wp-content\/uploads\/2023\/11\/2nd-meeting-1280x628.jpg 1280w, https:\/\/leafbiodiversity.eu\/wp-content\/uploads\/2023\/11\/2nd-meeting-980x481.jpg 980w, https:\/\/leafbiodiversity.eu\/wp-content\/uploads\/2023\/11\/2nd-meeting-480x236.jpg 480w\" sizes=\"(min-width: 0px) and (max-width: 480px) 480px, (min-width: 481px) and (max-width: 980px) 980px, (min-width: 981px) and (max-width: 1280px) 1280px, (min-width: 1281px) 1870px, 100vw\" \/><\/span><\/p>\n<p>&nbsp;<\/p>\n<p>Konzorcij je pro\u0161ao kroz sve do sada provedene aktivnosti i one koje nam predstoje tijekom ljetnog razdoblja.<\/p>\n<p>Najve\u0107i naglasak na sastanku stavili smo na nastavni plan i program i priru\u010dnik gdje smo pro\u0161li kroz predlo\u0161ke i dogovorili sljede\u0107e korake u vezi s tim rezultatima \u2013 posebno fokusne grupe\/vr\u0161nja\u010dki pregled nastavnog plana i programa koji \u0107e se implementirati u svim partnerskim zemljama i osnovom je na kojoj gradimo.<\/p>\n<p>Tako\u0111er smo imali predstavljenu web stranicu kao gotov projektni rezultat na engleskom jeziku dok je ostalo jo\u0161 posla na prijevodima kako bismo osigurali inkluzivan pristup i lak\u0161e razumijevanje na nacionalnoj razini, u svakoj partnerskoj zemlji.<\/p>\n<p>[\/et_pb_text][et_pb_divider _builder_version=&#8221;4.23.1&#8243; _module_preset=&#8221;default&#8221; global_colors_info=&#8221;{}&#8221;][\/et_pb_divider][et_pb_text _builder_version=&#8221;4.23.1&#8243; _module_preset=&#8221;default&#8221; text_line_height=&#8221;1.9em&#8221; header_2_font=&#8221;||||||||&#8221; header_2_text_align=&#8221;left&#8221; header_2_line_height=&#8221;1.3em&#8221; custom_padding=&#8221;||14px|||&#8221; global_colors_info=&#8221;{}&#8221;]<\/p>\n<h2><span data-contrast=\"none\" xml:lang=\"EN-GB\" lang=\"EN-GB\" class=\"TextRun SCXW259791648 BCX0\"><span class=\"NormalTextRun SCXW259791648 BCX0\">3.<\/span><span class=\"NormalTextRun SCXW259791648 BCX0\">TPM<\/span> <span class=\"NormalTextRun SCXW259791648 BCX0\">u Suceavi (RO),<\/span> <span class=\"NormalTextRun SCXW259791648 BCX0\">u organizaciji P1, MENC, u<\/span> <span class=\"NormalTextRun SCXW259791648 BCX0\">studenom<\/span> <span class=\"NormalTextRun SCXW259791648 BCX0\">2023<\/span><\/span><span class=\"EOP SCXW259791648 BCX0\" data-ccp-props=\"{\"201341983\":0,\"335559739\":0,\"335559740\":240}\"> <\/span><\/h2>\n<p><span class=\"EOP SCXW259791648 BCX0\" data-ccp-props=\"{\"201341983\":0,\"335559739\":0,\"335559740\":240}\"><img loading=\"lazy\" decoding=\"async\" src=\"https:\/\/leafbiodiversity.eu\/wp-content\/uploads\/2023\/12\/PHOTO-website-3rd-TPM-300x225.jpg\" width=\"300\" height=\"225\" alt=\"\" class=\"wp-image-2024 alignnone size-medium\" style=\"display: block; margin-left: auto; margin-right: auto;\"><br \/><\/span><\/p>\n<p><span data-contrast=\"none\">Konzorcij je pro\u0161ao kroz sve aktivnosti koje su provedene tijekom prve godine i one koje predstoje za drugu godinu. <\/span><span data-ccp-props=\"{\"201341983\":0,\"335551550\":6,\"335551620\":6,\"335559739\":0,\"335559740\":240}\"> <\/span><\/p>\n<p><span data-contrast=\"none\">Svi su partneri pro\u0161li kroz nacrt Priru\u010dnika, sla\u017eu\u0107i se oko kona\u010dne forme. Priru\u010dnik \u0107e biti preveden na jezik partnera i tiskan prema rasporedu. Kompetencijski okvir, o kojem je tako\u0111er bilo rije\u010di, va\u017ean je instrument za rezultat na\u0161eg projekta.   <\/span><span data-ccp-props=\"{\"201341983\":0,\"335551550\":6,\"335551620\":6,\"335559739\":0,\"335559740\":240}\"> <\/span><\/p>\n<p><span data-contrast=\"none\">Konzorcij je raspravljao o planiranim aktivnostima i online Leaf Academy platformi koja \u0107e biti kreirana kao prostor za u\u010denje za u\u010denike. <\/span><span data-ccp-props=\"{\"201341983\":0,\"335551550\":6,\"335551620\":6,\"335559739\":0,\"335559740\":240}\"> <\/span><\/p>\n<p>[\/et_pb_text][et_pb_text _builder_version=&#8221;4.27.4&#8243; _module_preset=&#8221;default&#8221; text_line_height=&#8221;1.9em&#8221; header_2_font=&#8221;||||||||&#8221; header_2_text_align=&#8221;left&#8221; header_2_line_height=&#8221;1.3em&#8221; custom_padding=&#8221;||14px|||&#8221; hover_enabled=&#8221;0&#8243; global_colors_info=&#8221;{}&#8221; sticky_enabled=&#8221;0&#8243;]<\/p>\n<h2>4. me\u0111unarodni sastanak koordinatora Erasmus LEAF projekta u Beogradu<\/h2>\n<p><img loading=\"lazy\" decoding=\"async\" src=\"https:\/\/leafbiodiversity.eu\/wp-content\/uploads\/2025\/02\/461496943_524141203888783_1881215658522838077_n-1024x577.jpg\" width=\"1024\" height=\"577\" alt=\"\" class=\"wp-image-4887 aligncenter size-large\" srcset=\"https:\/\/leafbiodiversity.eu\/wp-content\/uploads\/2025\/02\/461496943_524141203888783_1881215658522838077_n-980x552.jpg 980w, https:\/\/leafbiodiversity.eu\/wp-content\/uploads\/2025\/02\/461496943_524141203888783_1881215658522838077_n-480x270.jpg 480w\" sizes=\"(min-width: 0px) and (max-width: 480px) 480px, (min-width: 481px) and (max-width: 980px) 980px, (min-width: 981px) 1024px, 100vw\" \/><\/p>\n<p>\u010cetvrti sastanak koordinatora Erasmus + LEAF projekta odr\u017ean je 26. i 27. rujna u Beogradu. Sastancima su nazo\u010dili projektni koordinatori iz svih \u0161est zemalja sudionica ovog projekta. Susret u Beogradu posljednji je susret u okviru ovog projekta koji zavr\u0161ava u prosincu ove godine.<\/p>\n<div>\n<p>Glavna tema dvodnevnih sastanaka bila je analiza trenutnog napretka radnih paketa i rasprava o budu\u0107im koracima u provedbi projekata. Koordinatori su detaljno razgovarali o dosada\u0161njim rezultatima i izazovima s kojima su se susreli u posljednje dvije godine rada na ovom projektu. Kao rezultat zajedni\u010dkog anga\u017emana svih \u0161est zemalja, nastao je priru\u010dnik i interaktivna platforma za nastavnike. Priru\u010dnik je namijenjen u\u010diteljima koji \u017eele unaprijediti svoju praksu jer nudi bogat sadr\u017eaj kao i vje\u017ebe koje je lako primijeniti u nastavi, dok interaktivna platforma slu\u017ei kao nastavni alat jer nudi korisne resurse koji se lako integriraju u nastavni planovi.<\/p>\n<p>Link za priru\u010dnik:<span>\u00a0<\/span><a href=\"https:\/\/leafbiodiversity.eu\/results\/teachers-handbook\/\" target=\"_blank\" data-saferedirecturl=\"https:\/\/www.google.com\/url?q=https:\/\/leafbiodiversity.eu\/results\/teachers-handbook\/&amp;source=gmail&amp;ust=1740219655637000&amp;usg=AOvVaw0voGWojShgolrKYzugKpw9\" rel=\"noopener\">https:\/\/leafbiodiversity.eu\/<wbr \/>results\/teachers-handbook\/<\/a><\/p>\n<p>Link edukativni platformu:<span>\u00a0<\/span><a href=\"https:\/\/leafelearning.com\/\" target=\"_blank\" data-saferedirecturl=\"https:\/\/www.google.com\/url?q=https:\/\/leafelearning.com\/&amp;source=gmail&amp;ust=1740219655637000&amp;usg=AOvVaw3WOaTbgQf9IVuOWmlc799U\" rel=\"noopener\">https:\/\/leafelearning.com\/<\/a><\/p>\n<p>Nakon detaljne evaluacije postignutih ciljeva, koordinatori su predstavili i planove za sljede\u0107e faze projekta. Poseban fokus bio je na dodatnom razvoju platforme, kao i na definiranju strategija koje \u0107e omogu\u0107iti naju\u010dinkovitiju provedbu ciljeva projekta.<\/p>\n<p>Nakon sastanaka sudionici su imali priliku razgledati Beograd uz stru\u010dnog vodi\u010da i uz opu\u0161tenu \u0161etnju centrom grada upoznati njegovu povijest i arhitekturu. U ve\u010dernjim satima su zajedno sa svojim doma\u0107inima obi\u0161li boemski dio grada Skadarliju i u\u017eivali u ugodnom vremenu i atmosferi boemske \u010detvrti.<\/p>\n<p>Zahvaljujemo svim sudionicima skupa na konstruktivnoj raspravi i doprinosu uspjehu ovog skupa. Veselimo se nastavku rada i uspje\u0161noj realizaciji sljede\u0107ih koraka.<\/p>\n<\/div>\n<p>[\/et_pb_text][et_pb_divider _builder_version=&#8221;4.23.1&#8243; _module_preset=&#8221;default&#8221; global_colors_info=&#8221;{}&#8221;][\/et_pb_divider][\/et_pb_column][\/et_pb_row][\/et_pb_section][et_pb_section fb_built=&#8221;1&#8243; admin_label=&#8221;Footer&#8221; _builder_version=&#8221;4.20.4&#8243; _module_preset=&#8221;default&#8221; background_color=&#8221;#E0C588&#8243; background_enable_image=&#8221;off&#8221; background_size=&#8221;contain&#8221; background_position=&#8221;top_center&#8221; custom_padding=&#8221;||2px|||&#8221; background_last_edited=&#8221;on|tablet&#8221; background_size_tablet=&#8221;contain&#8221; background_position_tablet=&#8221;top_center&#8221; saved_tabs=&#8221;all&#8221; collapsed=&#8221;on&#8221; global_colors_info=&#8221;{}&#8221;][et_pb_row column_structure=&#8221;1_3,1_3,1_3&#8243; use_custom_gutter=&#8221;on&#8221; gutter_width=&#8221;2&#8243; _builder_version=&#8221;4.20.0&#8243; _module_preset=&#8221;default&#8221; global_colors_info=&#8221;{}&#8221;][et_pb_column type=&#8221;1_3&#8243; _builder_version=&#8221;4.20.0&#8243; _module_preset=&#8221;default&#8221; custom_padding=&#8221;30px||30px||true|false&#8221; custom_padding_tablet=&#8221;0px||0px||true|false&#8221; custom_padding_phone=&#8221;0px||0px||true|false&#8221; custom_padding_last_edited=&#8221;on|phone&#8221; global_colors_info=&#8221;{}&#8221;][et_pb_image src=&#8221;https:\/\/leafbiodiversity.eu\/wp-content\/uploads\/2023\/04\/LogosBeneficairesErasmusRIGHT_EN-1000.jpg&#8221; title_text=&#8221;LogosBeneficairesErasmus+RIGHT_EN-1000&#8243; _builder_version=&#8221;4.20.4&#8243; _module_preset=&#8221;default&#8221; global_colors_info=&#8221;{}&#8221;][\/et_pb_image][et_pb_text _builder_version=&#8221;4.21.0&#8243; _module_preset=&#8221;default&#8221; text_font_size=&#8221;12px&#8221; text_line_height=&#8221;1.5em&#8221; global_colors_info=&#8221;{}&#8221;]<\/p>\n<p><span style=\"font-weight: 400;\">Ovaj projekt je sufinanciran uz potporu Europske komisije. Ova komunikacija odra\u017eava isklju\u010divo stajali\u0161ta autora, a Komisija se ne mo\u017ee smatrati odgovornom za bilo kakvu upotrebu informacija sadr\u017eanih u njoj. <\/span><\/p>\n<p><span style=\"font-weight: 400;\">Projekt br.:2022-1-RO01-KA220-SCH-000086884<\/span><\/p>\n<p>[\/et_pb_text][\/et_pb_column][et_pb_column type=&#8221;1_3&#8243; _builder_version=&#8221;4.20.0&#8243; _module_preset=&#8221;default&#8221; custom_padding=&#8221;30px||30px||true|false&#8221; custom_padding_tablet=&#8221;0px||0px||true|false&#8221; custom_padding_phone=&#8221;0px||0px||true|false&#8221; custom_padding_last_edited=&#8221;on|phone&#8221; global_colors_info=&#8221;{}&#8221;][et_pb_text _builder_version=&#8221;4.20.4&#8243; _module_preset=&#8221;d66abf77-cee8-41a0-a950-711cacee6424&#8243; header_text_align_tablet=&#8221;&#8221; header_text_align_phone=&#8221;&#8221; header_text_align_last_edited=&#8221;on|phone&#8221; header_font_size_tablet=&#8221;&#8221; header_font_size_phone=&#8221;&#8221; header_font_size_last_edited=&#8221;on|phone&#8221; text_orientation_tablet=&#8221;&#8221; text_orientation_phone=&#8221;center&#8221; text_orientation_last_edited=&#8221;on|phone&#8221; locked=&#8221;off&#8221; global_colors_info=&#8221;{}&#8221;]<\/p>\n<h5>Pratite nas:<\/h5>\n<p>[\/et_pb_text][et_pb_social_media_follow icon_color=&#8221;#95AD33&#8243; use_icon_font_size=&#8221;on&#8221; icon_font_size=&#8221;14px&#8221; _builder_version=&#8221;4.21.0&#8243; _module_preset=&#8221;default&#8221; text_orientation=&#8221;left&#8221; text_orientation_tablet=&#8221;center&#8221; text_orientation_phone=&#8221;&#8221; text_orientation_last_edited=&#8221;on|phone&#8221; border_radii=&#8221;on|100px|100px|100px|100px&#8221; global_colors_info=&#8221;{}&#8221;][et_pb_social_media_follow_network social_network=&#8221;facebook&#8221; url=&#8221;https:\/\/www.facebook.com\/leafbiodiversity&#8221; _builder_version=&#8221;4.21.0&#8243; _module_preset=&#8221;default&#8221; background_color=&#8221;#EFE8D7&#8243; background_enable_color=&#8221;on&#8221; custom_padding=&#8221;4px|4px|4px|4px|true|true&#8221; global_colors_info=&#8221;{}&#8221; follow_button=&#8221;off&#8221; url_new_window=&#8221;on&#8221;]facebook[\/et_pb_social_media_follow_network][et_pb_social_media_follow_network social_network=&#8221;instagram&#8221; url=&#8221;https:\/\/www.instagram.com\/leafbiodiversity&#8221; _builder_version=&#8221;4.21.0&#8243; _module_preset=&#8221;default&#8221; background_color=&#8221;#EFE8D7&#8243; background_enable_color=&#8221;on&#8221; custom_padding=&#8221;4px|4px|4px|4px|true|true&#8221; global_colors_info=&#8221;{%22gcid-cc1e7daa-e7a2-44d1-a6d4-86221a549f5c%22:%91%22background_color%22,%22background_color%22%93}&#8221; follow_button=&#8221;off&#8221; url_new_window=&#8221;on&#8221;]instagram[\/et_pb_social_media_follow_network][\/et_pb_social_media_follow][\/et_pb_column][et_pb_column type=&#8221;1_3&#8243; _builder_version=&#8221;4.20.0&#8243; _module_preset=&#8221;default&#8221; custom_padding=&#8221;30px||30px||true|false&#8221; custom_padding_tablet=&#8221;&#8221; custom_padding_phone=&#8221;0px||0px||true|false&#8221; custom_padding_last_edited=&#8221;on|phone&#8221; global_colors_info=&#8221;{}&#8221;][et_pb_text _builder_version=&#8221;4.20.4&#8243; _module_preset=&#8221;d66abf77-cee8-41a0-a950-711cacee6424&#8243; header_5_font_size_tablet=&#8221;&#8221; header_5_font_size_phone=&#8221;&#8221; header_5_font_size_last_edited=&#8221;on|phone&#8221; locked=&#8221;off&#8221; global_colors_info=&#8221;{}&#8221;]<\/p>\n<h5>Kontakt:<\/h5>\n<p>[\/et_pb_text][et_pb_blurb title=&#8221;daniela.melisch@cneminescu.ro&#8221; url=&#8221;mailto:daniela.melisch@cneminescu.ro&#8221; use_icon=&#8221;on&#8221; font_icon=&#8221;&#xe010;||divi||400&#8243; icon_color=&#8221;#95AD33&#8243; image_icon_background_color=&#8221;#EFE8D7&#8243; icon_placement=&#8221;left&#8221; image_icon_width=&#8221;20px&#8221; _builder_version=&#8221;4.21.0&#8243; _module_preset=&#8221;default&#8221; header_line_height=&#8221;2em&#8221; image_icon_custom_padding=&#8221;8px|8px|8px|8px|true|true&#8221; link_option_url=&#8221;mailto:daniela.melisch@cneminescu.ro&#8221; border_radii_image=&#8221;on|33px|33px|33px|33px&#8221; global_colors_info=&#8221;{}&#8221;][\/et_pb_blurb][\/et_pb_column][\/et_pb_row][et_pb_row column_structure=&#8221;1_5,3_5,1_5&#8243; _builder_version=&#8221;4.20.0&#8243; _module_preset=&#8221;default&#8221; border_color_all=&#8221;rgba(94,94,78,0.2)&#8221; border_width_top=&#8221;1px&#8221; global_colors_info=&#8221;{}&#8221;][et_pb_column type=&#8221;1_5&#8243; _builder_version=&#8221;4.20.0&#8243; _module_preset=&#8221;default&#8221; global_colors_info=&#8221;{}&#8221;][\/et_pb_column][et_pb_column type=&#8221;3_5&#8243; _builder_version=&#8221;4.20.0&#8243; _module_preset=&#8221;default&#8221; custom_padding=&#8221;16px||||false|false&#8221; custom_padding_tablet=&#8221;0px||||false|false&#8221; custom_padding_phone=&#8221;&#8221; custom_padding_last_edited=&#8221;on|tablet&#8221; global_colors_info=&#8221;{}&#8221;][et_pb_text _builder_version=&#8221;4.20.4&#8243; _module_preset=&#8221;default&#8221; text_font=&#8221;|700|||||||&#8221; text_font_size=&#8221;13px&#8221; link_text_color=&#8221;#95AD33&#8243; text_orientation=&#8221;center&#8221; global_colors_info=&#8221;{}&#8221;]<\/p>\n<p>Developed by <a href=\"https:\/\/ignis.hr\" target=\"_blank\" rel=\"noopener\">IGNIS<\/a><\/p>\n<p>[\/et_pb_text][\/et_pb_column][et_pb_column type=&#8221;1_5&#8243; _builder_version=&#8221;4.20.0&#8243; _module_preset=&#8221;default&#8221; custom_padding=&#8221;6px||||false|false&#8221; custom_padding_tablet=&#8221;0px||||false|false&#8221; custom_padding_phone=&#8221;&#8221; custom_padding_last_edited=&#8221;on|tablet&#8221; global_colors_info=&#8221;{}&#8221;][\/et_pb_column][\/et_pb_row][\/et_pb_section]<\/p>\n","protected":false},"excerpt":{"rendered":"<p>TRANSNACIONALNI PROJEKTNI SASTANCI (TPMovi) &nbsp; TRANSNACIONALNI PROJEKTNI SASTANCI (TPM) unaprje\u0111uju daljnju u\u010dinkovitu suradnju me\u0111u partnerima, dok su mjese\u010dni sastanci zakazani za lak\u0161e pra\u0107enje napretka projekta.1. Po\u010detni sastanak u Biotu (FR), u organizaciji P6 \u2013 ENERGIES2050 (u suradnji s P1 \u2013 MENC) u studenom 2022. Bio je to prvi sastanak u\u017eivo i poslu\u017eio je kao po\u010detak [&hellip;]<\/p>\n","protected":false},"author":1,"featured_media":0,"parent":1891,"menu_order":0,"comment_status":"closed","ping_status":"closed","template":"","meta":{"_et_pb_use_builder":"on","_et_pb_old_content":"","_et_gb_content_width":"","footnotes":""},"class_list":["post-1304","page","type-page","status-publish","hentry"],"_links":{"self":[{"href":"https:\/\/leafbiodiversity.eu\/hr\/wp-json\/wp\/v2\/pages\/1304","targetHints":{"allow":["GET"]}}],"collection":[{"href":"https:\/\/leafbiodiversity.eu\/hr\/wp-json\/wp\/v2\/pages"}],"about":[{"href":"https:\/\/leafbiodiversity.eu\/hr\/wp-json\/wp\/v2\/types\/page"}],"author":[{"embeddable":true,"href":"https:\/\/leafbiodiversity.eu\/hr\/wp-json\/wp\/v2\/users\/1"}],"replies":[{"embeddable":true,"href":"https:\/\/leafbiodiversity.eu\/hr\/wp-json\/wp\/v2\/comments?post=1304"}],"version-history":[{"count":12,"href":"https:\/\/leafbiodiversity.eu\/hr\/wp-json\/wp\/v2\/pages\/1304\/revisions"}],"predecessor-version":[{"id":5006,"href":"https:\/\/leafbiodiversity.eu\/hr\/wp-json\/wp\/v2\/pages\/1304\/revisions\/5006"}],"up":[{"embeddable":true,"href":"https:\/\/leafbiodiversity.eu\/hr\/wp-json\/wp\/v2\/pages\/1891"}],"wp:attachment":[{"href":"https:\/\/leafbiodiversity.eu\/hr\/wp-json\/wp\/v2\/media?parent=1304"}],"curies":[{"name":"wp","href":"https:\/\/api.w.org\/{rel}","templated":true}]}}