{"id":1301,"date":"2023-05-07T17:05:30","date_gmt":"2023-05-07T17:05:30","guid":{"rendered":"https:\/\/leafbiodiversity.eu\/trening-trenera\/"},"modified":"2024-02-07T13:06:11","modified_gmt":"2024-02-07T13:06:11","slug":"trening-trenera","status":"publish","type":"page","link":"https:\/\/leafbiodiversity.eu\/hr\/aktivnosti\/trening-trenera\/","title":{"rendered":"TRENING TRENERA"},"content":{"rendered":"<p>[et_pb_section fb_built=&#8221;1&#8243; _builder_version=&#8221;4.20.4&#8243; _module_preset=&#8221;default&#8221; global_colors_info=&#8221;{}&#8221;][et_pb_row _builder_version=&#8221;4.20.4&#8243; _module_preset=&#8221;default&#8221; global_colors_info=&#8221;{}&#8221;][et_pb_column type=&#8221;4_4&#8243; _builder_version=&#8221;4.20.4&#8243; _module_preset=&#8221;default&#8221; global_colors_info=&#8221;{}&#8221;][et_pb_text _builder_version=&#8221;4.20.4&#8243; _module_preset=&#8221;default&#8221; global_colors_info=&#8221;{}&#8221;]<\/p>\n<h1 style=\"text-align: center;\"><b>TRENING TRENERA<\/b><\/h1>\n<p>[\/et_pb_text][et_pb_gallery gallery_ids=&#8221;1994,2001,2008,2015&#8243; _builder_version=&#8221;4.23.1&#8243; _module_preset=&#8221;default&#8221; hover_enabled=&#8221;0&#8243; global_colors_info=&#8221;{}&#8221; show_title_and_caption=&#8221;off&#8221; sticky_enabled=&#8221;0&#8243;][\/et_pb_gallery][et_pb_text _builder_version=&#8221;4.23.1&#8243; _module_preset=&#8221;default&#8221; global_colors_info=&#8221;{}&#8221;]<\/p>\n<h2><span data-contrast=\"none\">Aktivnost obuke trenera koju je organizirao P1, MENC (RO), u studenom 2023<\/span><span data-ccp-props=\"{\" 201341983=\"\" :0=\"\" 335551550=\"\" :6=\"\" 335551620=\"\" 335559739=\"\" 335559740=\"\" :240=\"\"> <\/span><\/h2>\n<p><span data-contrast=\"auto\">Aktivnost je uklju\u010divala stru\u010dnjake predstavnike partnerskih organizacija, koji su obu\u010davali ostale sudionike tijekom radionica na idu\u0107e teme: Klimatske promjene i urbana bioraznolikost (Modul razvio ENERGIES2050), Za\u0161ti\u0107ena prirodna podru\u010dja (Modul razvio PLATON), Urbani parkovi i \u0161ume (Modul razvio ENERGIES2050). MENC), Vodena bioraznolikost (Modul razvio LINKGroup), <\/span><span data-contrast=\"none\">Ja\u010danje digitalnih vje\u0161tina nastavnika (Modul razvio Dlearn), Suradnja s lokalnom zajednicom (Modul razvio UR KPK).<\/span><span data-ccp-props=\"{\" 201341983=\"\" :0=\"\" 335551550=\"\" :6=\"\" 335551620=\"\" 335559739=\"\" 335559740=\"\" :240=\"\"> <\/span><\/p>\n<p><span data-contrast=\"auto\">U\u010ditelji igraju klju\u010dnu ulogu u podr\u017eavanju razvoja u\u010denika i klju\u010dni su pokreta\u010di promjena u razvoju \u0161kole. Na\u0161 projekt poti\u010de preobrazbu \u0161kola u \u201eorganizacije otvorenog u\u010denja\u201c, omogu\u0107uju\u0107i u\u010diteljima i ravnateljima da istovremeno pobolj\u0161aju svoje pedago\u0161ke i organizacijske prakse kroz lokalno suradni\u010dko istra\u017eivanje, umre\u017eavanje i kontinuirani profesionalni razvoj. Obukom nastavnika o u\u010denju kroz anga\u017eman u zajednici i gra\u0111anskoj znanosti, LEAF doprinosi razvoju \u0161kolskog vodstva i ja\u010danju odnosa \u0161kole sa zajednicom. <\/span><span data-ccp-props=\"{\" 201341983=\"\" :0=\"\" 335551550=\"\" :6=\"\" 335551620=\"\" 335559739=\"\" 335559740=\"\" :240=\"\"> <\/span><\/p>\n<p><span data-contrast=\"auto\">Bioraznolikost se dobro uklapa ne samo u nastavne planove i programe prirode, biologije i geografije, ve\u0107 i u nekoliko drugih predmeta, posebno kada se u\u010denje odvija izvan u\u010dionice. Na primjer, pra\u0107enje bioraznolikosti pru\u017ea mno\u0161tvo podataka koji se mogu koristiti u u\u010dionici kao podr\u0161ka nastavi matematike. Priroda je stolje\u0107ima davala inspiraciju za poeziju, umjetnost i knji\u017eevnost. Bioraznolikost tako\u0111er daje kontekst za rasprave o gra\u0111anstvu. Nadalje, na srednjo\u0161kolskoj razini poma\u017ee u razvoju ekolo\u0161kog razmi\u0161ljanja i sistemskog razmi\u0161ljanja prou\u010davanjem lanaca unutar ekosustava i utjecaja prirodnih procesa na ljudsko blagostanje. <\/span><span data-ccp-props=\"{\" 201341983=\"\" :0=\"\" 335551550=\"\" :6=\"\" 335551620=\"\" 335559739=\"\" 335559740=\"\" :240=\"\"> <\/span><\/p>\n<p><span data-contrast=\"auto\">Ova aktivnost imala je za cilj:<\/span><span data-ccp-props=\"{\" 201341983=\"\" :0=\"\" 335551550=\"\" :6=\"\" 335551620=\"\" 335559739=\"\" 335559740=\"\" :240=\"\"> <\/span><\/p>\n<ul>\n<li><span data-contrast=\"auto\"> Razviti novu metodologiju u\u010denja zalaganjem u zajednici za srednje \u0161kole usmjerenu na pra\u0107enje i za\u0161titu lokalne biljne raznolikosti.<\/span><span data-ccp-props=\"{\" 201341983=\"\" :0=\"\" 335551550=\"\" :6=\"\" 335551620=\"\" 335559739=\"\" 335559740=\"\" :240=\"\"><\/span><\/li>\n<li><span data-contrast=\"auto\"> Pove\u0107ati postotak europskih biljnih okoli\u0161a koji se uistinu redovito prate.<\/span><span data-ccp-props=\"{\" 201341983=\"\" :0=\"\" 335551550=\"\" :6=\"\" 335551620=\"\" 335559739=\"\" 335559740=\"\" :240=\"\"><\/span><\/li>\n<li><span data-contrast=\"auto\"> Promicati novi model gra\u0111anske znanstvene inicijative posve\u0107ene biljnoj biolo\u0161koj raznolikosti koju provode \u0161kole.<\/span><span data-ccp-props=\"{\" 201341983=\"\" :0=\"\" 335551550=\"\" :6=\"\" 335551620=\"\" 335559739=\"\" 335559740=\"\" :240=\"\"><\/span><\/li>\n<li><span data-contrast=\"auto\"> Pobolj\u0161ati kvalitetu STEM u\u010denjaza u\u010denike srednjih \u0161kola kroz inovativne projektne metodologije.<\/span><span data-ccp-props=\"{\" 201341983=\"\" :0=\"\" 335551550=\"\" :6=\"\" 335551620=\"\" 335559739=\"\" 335559740=\"\" :240=\"\"><\/span><\/li>\n<li><span data-contrast=\"auto\"> Povezati nastavni plan i program u\u010denika i ciljeve u\u010denja sa stvarnim potrebama zajednice, nadilaze\u0107i tako staru pasivnu metodu u\u010denja gdje u\u010denici samo dobivaju informacije od nastavnika, bez povratne informacije ili prakti\u010dne primjene.<\/span><span data-ccp-props=\"{\" 201341983=\"\" :0=\"\" 335551550=\"\" :6=\"\" 335551620=\"\" 335559739=\"\" 335559740=\"\" :240=\"\"><\/span><\/li>\n<li><span data-contrast=\"auto\"> Pove\u0107ati anga\u017eman i sudjelovanje u\u010denika, \u010dime se aktivno bori protiv ranog napu\u0161tanja \u0161kole.<\/span><span data-ccp-props=\"{\" 201341983=\"\" :0=\"\" 335551550=\"\" :6=\"\" 335551620=\"\" 335559739=\"\" 335559740=\"\" :240=\"\"><\/span><\/li>\n<li><span data-contrast=\"auto\"> Promicati aktivno gra\u0111anstvo, za\u0161titu okoli\u0161a, dru\u0161tvenu uklju\u010denost i uspostavu dugoro\u010dne strukturirane suradnje izme\u0111u \u0161kola i lokalnih dionika.<\/span><\/li>\n<\/ul>\n<p><span data-contrast=\"none\">Tako je na\u0161a aktivnost obuke uspjela:<\/span><span data-ccp-props=\"{\" 201341983=\"\" :0=\"\" 335551550=\"\" :6=\"\" 335551620=\"\" 335559739=\"\" 335559740=\"\" :240=\"\"> <\/span><\/p>\n<ol>\n<li><span data-contrast=\"none\"> Podr\u017eati razvoj kompetencija za odr\u017eivost u skladu s Europskim okvirom kompetencija za odr\u017eivost (GreenComp). To je ostvareno kroz inovativan i multidisciplinarni pristup podu\u010davanju koji promi\u010de gra\u0111anski anga\u017eman i iskustveno u\u010denje. It can do so through an innovative and multidisciplinary teaching approach that promotes civic engagement and experiential learning. <\/span><span data-ccp-props=\"{\" 201341983=\"\" :0=\"\" 335551550=\"\" :6=\"\" 335551620=\"\" 335559739=\"\" 335559740=\"\" :240=\"\"><\/span><\/li>\n<li><span data-contrast=\"none\"> Podi\u0107i svijest o va\u017enosti bioraznolikosti i potrebi za\u0161tite prirode te promicati va\u017enost gra\u0111anske znanosti za pra\u0107enje bioraznolikosti biljaka. Kroz edukaciju, projekt ima za cilj u\u010diniti nastavnike i u\u010denike nositeljima promjena. <\/span><span data-ccp-props=\"{\" 201341983=\"\" :0=\"\" 335551550=\"\" :6=\"\" 335551620=\"\" 335559739=\"\" 335559740=\"\" :240=\"\"><\/span><\/li>\n<li><span data-contrast=\"none\"> Pru\u017eiti u\u010diteljima jedinstvenu priliku za kontinuirani profesionalni razvoj kako bi pobolj\u0161ali svoje vje\u0161tine u kori\u0161tenju inovativnog i multidisciplinarnog pristupa podu\u010davanju.<\/span><span data-ccp-props=\"{\" 201341983=\"\" :0=\"\" 335551550=\"\" :6=\"\" 335551620=\"\" 335559739=\"\" 335559740=\"\" :240=\"\"><\/span><\/li>\n<\/ol>\n<p>[\/et_pb_text][\/et_pb_column][\/et_pb_row][\/et_pb_section][et_pb_section fb_built=&#8221;1&#8243; admin_label=&#8221;Footer&#8221; _builder_version=&#8221;4.20.4&#8243; _module_preset=&#8221;default&#8221; background_color=&#8221;#E0C588&#8243; background_enable_image=&#8221;off&#8221; background_size=&#8221;contain&#8221; background_position=&#8221;top_center&#8221; custom_padding=&#8221;||2px|||&#8221; background_last_edited=&#8221;on|tablet&#8221; background_size_tablet=&#8221;contain&#8221; background_position_tablet=&#8221;top_center&#8221; saved_tabs=&#8221;all&#8221; collapsed=&#8221;on&#8221; global_colors_info=&#8221;{}&#8221;][et_pb_row column_structure=&#8221;1_3,1_3,1_3&#8243; use_custom_gutter=&#8221;on&#8221; gutter_width=&#8221;2&#8243; _builder_version=&#8221;4.20.0&#8243; _module_preset=&#8221;default&#8221; global_colors_info=&#8221;{}&#8221;][et_pb_column type=&#8221;1_3&#8243; _builder_version=&#8221;4.20.0&#8243; _module_preset=&#8221;default&#8221; custom_padding=&#8221;30px||30px||true|false&#8221; custom_padding_tablet=&#8221;0px||0px||true|false&#8221; custom_padding_phone=&#8221;0px||0px||true|false&#8221; custom_padding_last_edited=&#8221;on|phone&#8221; global_colors_info=&#8221;{}&#8221;][et_pb_image src=&#8221;https:\/\/leafbiodiversity.eu\/wp-content\/uploads\/2023\/04\/LogosBeneficairesErasmusRIGHT_EN-1000.jpg&#8221; title_text=&#8221;LogosBeneficairesErasmus+RIGHT_EN-1000&#8243; _builder_version=&#8221;4.20.4&#8243; _module_preset=&#8221;default&#8221; global_colors_info=&#8221;{}&#8221;][\/et_pb_image][et_pb_text _builder_version=&#8221;4.21.0&#8243; _module_preset=&#8221;default&#8221; text_font_size=&#8221;12px&#8221; text_line_height=&#8221;1.5em&#8221; global_colors_info=&#8221;{}&#8221;]<\/p>\n<p><span style=\"font-weight: 400;\">Ovaj projekt je sufinanciran uz potporu Europske komisije. Ova komunikacija odra\u017eava isklju\u010divo stajali\u0161ta autora, a Komisija se ne mo\u017ee smatrati odgovornom za bilo kakvu upotrebu informacija sadr\u017eanih u njoj. <\/span><\/p>\n<p><span style=\"font-weight: 400;\">Projekt br.:2022-1-RO01-KA220-SCH-000086884<\/span><\/p>\n<p>[\/et_pb_text][\/et_pb_column][et_pb_column type=&#8221;1_3&#8243; _builder_version=&#8221;4.20.0&#8243; _module_preset=&#8221;default&#8221; custom_padding=&#8221;30px||30px||true|false&#8221; custom_padding_tablet=&#8221;0px||0px||true|false&#8221; custom_padding_phone=&#8221;0px||0px||true|false&#8221; custom_padding_last_edited=&#8221;on|phone&#8221; global_colors_info=&#8221;{}&#8221;][et_pb_text _builder_version=&#8221;4.20.4&#8243; _module_preset=&#8221;d66abf77-cee8-41a0-a950-711cacee6424&#8243; header_text_align_tablet=&#8221;&#8221; header_text_align_phone=&#8221;&#8221; header_text_align_last_edited=&#8221;on|phone&#8221; header_font_size_tablet=&#8221;&#8221; header_font_size_phone=&#8221;&#8221; header_font_size_last_edited=&#8221;on|phone&#8221; text_orientation_tablet=&#8221;&#8221; text_orientation_phone=&#8221;center&#8221; text_orientation_last_edited=&#8221;on|phone&#8221; locked=&#8221;off&#8221; global_colors_info=&#8221;{}&#8221;]<\/p>\n<h5>Pratite nas:<\/h5>\n<p>[\/et_pb_text][et_pb_social_media_follow icon_color=&#8221;#95AD33&#8243; use_icon_font_size=&#8221;on&#8221; icon_font_size=&#8221;14px&#8221; _builder_version=&#8221;4.21.0&#8243; _module_preset=&#8221;default&#8221; text_orientation=&#8221;left&#8221; text_orientation_tablet=&#8221;center&#8221; text_orientation_phone=&#8221;&#8221; text_orientation_last_edited=&#8221;on|phone&#8221; border_radii=&#8221;on|100px|100px|100px|100px&#8221; global_colors_info=&#8221;{}&#8221;][et_pb_social_media_follow_network social_network=&#8221;facebook&#8221; url=&#8221;https:\/\/www.facebook.com\/leafbiodiversity&#8221; _builder_version=&#8221;4.21.0&#8243; _module_preset=&#8221;default&#8221; background_color=&#8221;#EFE8D7&#8243; background_enable_color=&#8221;on&#8221; custom_padding=&#8221;4px|4px|4px|4px|true|true&#8221; global_colors_info=&#8221;{}&#8221; follow_button=&#8221;off&#8221; url_new_window=&#8221;on&#8221;]facebook[\/et_pb_social_media_follow_network][et_pb_social_media_follow_network social_network=&#8221;instagram&#8221; url=&#8221;https:\/\/www.instagram.com\/leafbiodiversity&#8221; _builder_version=&#8221;4.21.0&#8243; _module_preset=&#8221;default&#8221; background_color=&#8221;#EFE8D7&#8243; background_enable_color=&#8221;on&#8221; custom_padding=&#8221;4px|4px|4px|4px|true|true&#8221; global_colors_info=&#8221;{%22gcid-cc1e7daa-e7a2-44d1-a6d4-86221a549f5c%22:%91%22background_color%22,%22background_color%22%93}&#8221; follow_button=&#8221;off&#8221; url_new_window=&#8221;on&#8221;]instagram[\/et_pb_social_media_follow_network][\/et_pb_social_media_follow][\/et_pb_column][et_pb_column type=&#8221;1_3&#8243; _builder_version=&#8221;4.20.0&#8243; _module_preset=&#8221;default&#8221; custom_padding=&#8221;30px||30px||true|false&#8221; custom_padding_tablet=&#8221;&#8221; custom_padding_phone=&#8221;0px||0px||true|false&#8221; custom_padding_last_edited=&#8221;on|phone&#8221; global_colors_info=&#8221;{}&#8221;][et_pb_text _builder_version=&#8221;4.20.4&#8243; _module_preset=&#8221;d66abf77-cee8-41a0-a950-711cacee6424&#8243; header_5_font_size_tablet=&#8221;&#8221; header_5_font_size_phone=&#8221;&#8221; header_5_font_size_last_edited=&#8221;on|phone&#8221; locked=&#8221;off&#8221; global_colors_info=&#8221;{}&#8221;]<\/p>\n<h5>Kontakt:<\/h5>\n<p>[\/et_pb_text][et_pb_blurb title=&#8221;daniela.melisch@cneminescu.ro&#8221; url=&#8221;mailto:daniela.melisch@cneminescu.ro&#8221; use_icon=&#8221;on&#8221; font_icon=&#8221;&#xe010;||divi||400&#8243; icon_color=&#8221;#95AD33&#8243; image_icon_background_color=&#8221;#EFE8D7&#8243; icon_placement=&#8221;left&#8221; image_icon_width=&#8221;20px&#8221; _builder_version=&#8221;4.21.0&#8243; _module_preset=&#8221;default&#8221; header_line_height=&#8221;2em&#8221; image_icon_custom_padding=&#8221;8px|8px|8px|8px|true|true&#8221; link_option_url=&#8221;mailto:daniela.melisch@cneminescu.ro&#8221; border_radii_image=&#8221;on|33px|33px|33px|33px&#8221; global_colors_info=&#8221;{}&#8221;][\/et_pb_blurb][\/et_pb_column][\/et_pb_row][et_pb_row column_structure=&#8221;1_5,3_5,1_5&#8243; _builder_version=&#8221;4.20.0&#8243; _module_preset=&#8221;default&#8221; border_color_all=&#8221;rgba(94,94,78,0.2)&#8221; border_width_top=&#8221;1px&#8221; global_colors_info=&#8221;{}&#8221;][et_pb_column type=&#8221;1_5&#8243; _builder_version=&#8221;4.20.0&#8243; _module_preset=&#8221;default&#8221; global_colors_info=&#8221;{}&#8221;][\/et_pb_column][et_pb_column type=&#8221;3_5&#8243; _builder_version=&#8221;4.20.0&#8243; _module_preset=&#8221;default&#8221; custom_padding=&#8221;16px||||false|false&#8221; custom_padding_tablet=&#8221;0px||||false|false&#8221; custom_padding_phone=&#8221;&#8221; custom_padding_last_edited=&#8221;on|tablet&#8221; global_colors_info=&#8221;{}&#8221;][et_pb_text _builder_version=&#8221;4.20.4&#8243; _module_preset=&#8221;default&#8221; text_font=&#8221;|700|||||||&#8221; text_font_size=&#8221;13px&#8221; link_text_color=&#8221;#95AD33&#8243; text_orientation=&#8221;center&#8221; global_colors_info=&#8221;{}&#8221;]<\/p>\n<p>Developed by <a href=\"https:\/\/ignis.hr\" target=\"_blank\" rel=\"noopener\">IGNIS<\/a><\/p>\n<p>[\/et_pb_text][\/et_pb_column][et_pb_column type=&#8221;1_5&#8243; _builder_version=&#8221;4.20.0&#8243; _module_preset=&#8221;default&#8221; custom_padding=&#8221;6px||||false|false&#8221; custom_padding_tablet=&#8221;0px||||false|false&#8221; custom_padding_phone=&#8221;&#8221; custom_padding_last_edited=&#8221;on|tablet&#8221; global_colors_info=&#8221;{}&#8221;][\/et_pb_column][\/et_pb_row][\/et_pb_section]<\/p>\n","protected":false},"excerpt":{"rendered":"<p>TRENING TRENERAAktivnost obuke trenera koju je organizirao P1, MENC (RO), u studenom 2023 Aktivnost je uklju\u010divala stru\u010dnjake predstavnike partnerskih organizacija, koji su obu\u010davali ostale sudionike tijekom radionica na idu\u0107e teme: Klimatske promjene i urbana bioraznolikost (Modul razvio ENERGIES2050), Za\u0161ti\u0107ena prirodna podru\u010dja (Modul razvio PLATON), Urbani parkovi i \u0161ume (Modul razvio ENERGIES2050). MENC), Vodena bioraznolikost (Modul [&hellip;]<\/p>\n","protected":false},"author":1,"featured_media":0,"parent":1891,"menu_order":0,"comment_status":"closed","ping_status":"closed","template":"","meta":{"_et_pb_use_builder":"on","_et_pb_old_content":"","_et_gb_content_width":"","footnotes":""},"class_list":["post-1301","page","type-page","status-publish","hentry"],"_links":{"self":[{"href":"https:\/\/leafbiodiversity.eu\/hr\/wp-json\/wp\/v2\/pages\/1301","targetHints":{"allow":["GET"]}}],"collection":[{"href":"https:\/\/leafbiodiversity.eu\/hr\/wp-json\/wp\/v2\/pages"}],"about":[{"href":"https:\/\/leafbiodiversity.eu\/hr\/wp-json\/wp\/v2\/types\/page"}],"author":[{"embeddable":true,"href":"https:\/\/leafbiodiversity.eu\/hr\/wp-json\/wp\/v2\/users\/1"}],"replies":[{"embeddable":true,"href":"https:\/\/leafbiodiversity.eu\/hr\/wp-json\/wp\/v2\/comments?post=1301"}],"version-history":[{"count":9,"href":"https:\/\/leafbiodiversity.eu\/hr\/wp-json\/wp\/v2\/pages\/1301\/revisions"}],"predecessor-version":[{"id":2271,"href":"https:\/\/leafbiodiversity.eu\/hr\/wp-json\/wp\/v2\/pages\/1301\/revisions\/2271"}],"up":[{"embeddable":true,"href":"https:\/\/leafbiodiversity.eu\/hr\/wp-json\/wp\/v2\/pages\/1891"}],"wp:attachment":[{"href":"https:\/\/leafbiodiversity.eu\/hr\/wp-json\/wp\/v2\/media?parent=1301"}],"curies":[{"name":"wp","href":"https:\/\/api.w.org\/{rel}","templated":true}]}}