{"id":1614,"date":"2023-05-07T17:05:30","date_gmt":"2023-05-07T17:05:30","guid":{"rendered":"https:\/\/leafbiodiversity.eu\/activites\/formation-des-formateurs\/"},"modified":"2024-07-25T08:00:44","modified_gmt":"2024-07-25T08:00:44","slug":"formation-des-formateurs","status":"publish","type":"page","link":"https:\/\/leafbiodiversity.eu\/fr\/activites\/formation-des-formateurs\/","title":{"rendered":"FORMATION DES FORMATEURS"},"content":{"rendered":"<p>[et_pb_section fb_built=\u00a0\u00bb1&Prime; _builder_version=\u00a0\u00bb4.20.4&Prime; _module_preset=\u00a0\u00bbdefault\u00a0\u00bb global_colors_info=\u00a0\u00bb{}\u00a0\u00bb][et_pb_row _builder_version=\u00a0\u00bb4.20.4&Prime; _module_preset=\u00a0\u00bbdefault\u00a0\u00bb global_colors_info=\u00a0\u00bb{}\u00a0\u00bb][et_pb_column type=\u00a0\u00bb4_4&Prime; _builder_version=\u00a0\u00bb4.20.4&Prime; _module_preset=\u00a0\u00bbdefault\u00a0\u00bb global_colors_info=\u00a0\u00bb{}\u00a0\u00bb][et_pb_text _builder_version=\u00a0\u00bb4.20.4&Prime; _module_preset=\u00a0\u00bbdefault\u00a0\u00bb global_colors_info=\u00a0\u00bb{}\u00a0\u00bb]<\/p>\n<h1 style=\"text-align: center;\"><b>FORMATION DES FORMATEURS<\/b><\/h1>\n<p>[\/et_pb_text][et_pb_gallery gallery_ids=\u00a0\u00bb1994,2001,2008,2015&Prime; show_title_and_caption=\u00a0\u00bboff\u00a0\u00bb _builder_version=\u00a0\u00bb4.23.1&Prime; _module_preset=\u00a0\u00bbdefault\u00a0\u00bb global_colors_info=\u00a0\u00bb{}\u00a0\u00bb][\/et_pb_gallery][et_pb_text _builder_version=\u00a0\u00bb4.23.1&Prime; _module_preset=\u00a0\u00bbdefault\u00a0\u00bb global_colors_info=\u00a0\u00bb{}\u00a0\u00bb]<\/p>\n<h2><span data-contrast=\"none\">Activit\u00e9 de formation des formateurs organis\u00e9e par P1, MENC (RO), en novembre 2023<\/span><span data-ccp-props=\"{\"201341983\":0,\"335551550\":6,\"335551620\":6,\"335559739\":0,\"335559740\":240}\"> <\/span><\/h2>\n<p><span data-contrast=\"auto\">L&rsquo;activit\u00e9 a impliqu\u00e9 un expert de chaque partenaire qui a form\u00e9 les autres participants lors d&rsquo;ateliers qui avaient les th\u00e8mes suivants: Changement climatique et biodiversit\u00e9 urbaine (Module d\u00e9velopp\u00e9 par ENERGIES 2050), Espaces naturels prot\u00e9g\u00e9s (Module d\u00e9velopp\u00e9 par PLATON), Parcs urbains et for\u00eats (Module d\u00e9velopp\u00e9 par MENC), Biodiversit\u00e9 de l&rsquo;eau (Module d\u00e9velopp\u00e9 par LINKGroup), <\/span><span data-contrast=\"none\">Renforcement des comp\u00e9tences num\u00e9riques des enseignants (Module d\u00e9velopp\u00e9 par Dlearn), Coop\u00e9ration avec la communaut\u00e9 locale (Module d\u00e9velopp\u00e9 par PASBS).<\/span><span data-ccp-props=\"{\"201341983\":0,\"335551550\":6,\"335551620\":6,\"335559739\":0,\"335559740\":240}\"> <\/span><\/p>\n<p><span data-contrast=\"auto\">Les enseignants jouent un r\u00f4le crucial en soutenant le d\u00e9veloppement des apprenants et sont des agents cl\u00e9s du changement dans le d\u00e9veloppement de l\u2019\u00e9cole. Notre projet encourage la transformation des \u00e9coles en \u00ab organisations d\u2019apprentissage ouvertes \u00bb, permettant aux enseignants et aux chefs d\u2019\u00e9tablissement d\u2019am\u00e9liorer simultan\u00e9ment leurs pratiques p\u00e9dagogiques et organisationnelles gr\u00e2ce \u00e0 la recherche collaborative locale, au r\u00e9seautage et au d\u00e9veloppement professionnel continu. En formant les enseignants \u00e0 l\u2019apprentissage par le service et \u00e0 la science citoyenne, LEAF contribue \u00e0 d\u00e9velopper le leadership scolaire et \u00e0 renforcer la relation de l\u2019\u00e9cole avec la communaut\u00e9. <\/span><span data-ccp-props=\"{\"201341983\":0,\"335551550\":6,\"335551620\":6,\"335559739\":0,\"335559740\":240}\"> <\/span><\/p>\n<p><span data-contrast=\"auto\">La biodiversit\u00e9 s\u2019int\u00e8gre bien non seulement dans les programmes de sciences et de g\u00e9ographie, mais aussi dans plusieurs autres mati\u00e8res, notamment lorsque l\u2019apprentissage se d\u00e9roule en dehors de la salle de classe. Par exemple, la surveillance de la biodiversit\u00e9 fournit une multitude de donn\u00e9es qui peuvent \u00eatre utilis\u00e9es en classe pour soutenir les cours de calcul. La nature a \u00e9galement inspir\u00e9 pendant des si\u00e8cles la po\u00e9sie, l\u2019art et la litt\u00e9rature. La biodiversit\u00e9 est \u00e9galement un cadre pour initier des d\u00e9bats sur la citoyennet\u00e9. De plus, au niveau secondaire, la biodiversit\u00e9 contribue \u00e0 d\u00e9velopper une approche de pens\u00e9e \u00e9cologique et de pens\u00e9e syst\u00e9mique en \u00e9tudiant les cha\u00eenes au sein des \u00e9cosyst\u00e8mes et l&rsquo;impact des processus naturels sur le bien-\u00eatre humain.    <\/span><span data-ccp-props=\"{\"201341983\":0,\"335551550\":6,\"335551620\":6,\"335559739\":0,\"335559740\":240}\"> <\/span><\/p>\n<p><span data-contrast=\"auto\">Cette activit\u00e9 visait \u00e0 :<\/span><span data-ccp-props=\"{\"201341983\":0,\"335551550\":6,\"335551620\":6,\"335559739\":0,\"335559740\":240}\"> <\/span><\/p>\n<ul>\n<li><span data-contrast=\"auto\"> Cr\u00e9er unenouvelle m\u00e9thodologie d&rsquo;apprentissagepar le service pour les \u00e9coles secondaires cibl\u00e9e sur le suivi et la protection de la biodiversit\u00e9 v\u00e9g\u00e9tale locale.<\/span><span data-ccp-props=\"{\"201341983\":0,\"335551550\":6,\"335551620\":6,\"335559739\":0,\"335559740\":240}\"><\/span><\/li>\n<li><span data-contrast=\"auto\"> Augmenter le pourcentage desplantes europ\u00e9ennes actuellement surveill\u00e9es de mani\u00e8re r\u00e9guli\u00e8re.<\/span><span data-ccp-props=\"{\"201341983\":0,\"335551550\":6,\"335551620\":6,\"335559739\":0,\"335559740\":240}\"><\/span><\/li>\n<li><span data-contrast=\"auto\"> Promouvoir un nouveau mod\u00e8le d&rsquo;initiative scientifique citoyenne d\u00e9di\u00e9e \u00e0 la biodiversit\u00e9 v\u00e9g\u00e9tale men\u00e9e par les \u00e9coles.<\/span><span data-ccp-props=\"{\"201341983\":0,\"335551550\":6,\"335551620\":6,\"335559739\":0,\"335559740\":240}\"><\/span><\/li>\n<li><span data-contrast=\"auto\"> Am\u00e9liorer la qualit\u00e9 del&rsquo;apprentissage STIMpour les \u00e9l\u00e8ves des \u00e9coles secondaires gr\u00e2ce \u00e0 des projets bas\u00e9s sur des m\u00e9thodologies innovantes (STIM est une approche d&rsquo;apprentissage et de d\u00e9veloppement qui int\u00e8gre les domaines de la science, de la technologie, de l&rsquo;ing\u00e9nierie et des math\u00e9matiques).<\/span><span data-ccp-props=\"{\"201341983\":0,\"335551550\":6,\"335551620\":6,\"335559739\":0,\"335559740\":240}\"><\/span><\/li>\n<li><span data-contrast=\"auto\"> Relier le programme et les objectifs d&rsquo;apprentissage des \u00e9tudiants aux besoins r\u00e9els de la communaut\u00e9,allant ainsi au-del\u00e0 de l&rsquo;ancienne m\u00e9thode d&rsquo;apprentissage passifo\u00f9 les \u00e9tudiants re\u00e7oivent simplement des informations des enseignants, sans retour ni application pratique.<\/span><span data-ccp-props=\"{\"201341983\":0,\"335551550\":6,\"335551620\":6,\"335559739\":0,\"335559740\":240}\"><\/span><\/li>\n<li><span data-contrast=\"auto\"> Augmenterl\u2019engagement et la participation des \u00e9l\u00e8ves,luttant ainsi contre le d\u00e9crochage scolaire pr\u00e9coce.<\/span><span data-ccp-props=\"{\"201341983\":0,\"335551550\":6,\"335551620\":6,\"335559739\":0,\"335559740\":240}\"><\/span><\/li>\n<li><span data-contrast=\"auto\"> Promouvoirla citoyennet\u00e9 active, la protection de l&rsquo;environnement, l&rsquo;inclusion sociale et l&rsquo;\u00e9tablissement d&rsquo;une coop\u00e9ration structur\u00e9e \u00e0 long terme entre les \u00e9coles et les acteurs locaux.<\/span><\/li>\n<\/ul>\n<p><span data-contrast=\"none\">Ainsi, notre activit\u00e9 de formation a r\u00e9ussi \u00e0 :<\/span><span data-ccp-props=\"{\"201341983\":0,\"335551550\":6,\"335551620\":6,\"335559739\":0,\"335559740\":240}\"> <\/span><\/p>\n<ol>\n<li><span data-contrast=\"none\"> Soutenir le d\u00e9veloppement de comp\u00e9tences en mati\u00e8re de d\u00e9veloppement durable conform\u00e9ment au cadre europ\u00e9en de comp\u00e9tences en mati\u00e8re de d\u00e9veloppement durable (GreenComp). Cela peut se faire gr\u00e2ce \u00e0 une approche p\u00e9dagogique innovante et multidisciplinaire qui favorise l\u2019engagement civique et l\u2019apprentissage exp\u00e9rientiel.<\/span><span data-ccp-props=\"{\"201341983\":0,\"335551550\":6,\"335551620\":6,\"335559739\":0,\"335559740\":240}\"><\/span><\/li>\n<li><span data-contrast=\"none\"> Sensibiliser \u00e0 l\u2019importance de la biodiversit\u00e9 et \u00e0 la n\u00e9cessit\u00e9 de prot\u00e9ger la nature et promouvoir l\u2019importance de la science citoyenne pour surveiller la biodiversit\u00e9 v\u00e9g\u00e9tale. A travers l\u2019\u00e9ducation, le projet vise \u00e0 faire des enseignants et des \u00e9tudiants des acteurs du changement. <\/span><span data-ccp-props=\"{\"201341983\":0,\"335551550\":6,\"335551620\":6,\"335559739\":0,\"335559740\":240}\"><\/span><\/li>\n<li><span data-contrast=\"none\"> Offrir aux enseignants une opportunit\u00e9 unique de d\u00e9veloppement professionnel continu pour am\u00e9liorer leurs comp\u00e9tences en utilisant une approche p\u00e9dagogique innovante et multidisciplinaire.<\/span><span data-ccp-props=\"{\"201341983\":0,\"335551550\":6,\"335551620\":6,\"335559739\":0,\"335559740\":240}\"><\/span><\/li>\n<\/ol>\n<p>[\/et_pb_text][\/et_pb_column][\/et_pb_row][\/et_pb_section][et_pb_section fb_built=\u00a0\u00bb1&Prime; admin_label=\u00a0\u00bbFooter\u00a0\u00bb _builder_version=\u00a0\u00bb4.20.4&Prime; _module_preset=\u00a0\u00bbdefault\u00a0\u00bb background_color=\u00a0\u00bb#E0C588&Prime; background_enable_image=\u00a0\u00bboff\u00a0\u00bb background_size=\u00a0\u00bbcontain\u00a0\u00bb background_position=\u00a0\u00bbtop_center\u00a0\u00bb custom_padding=\u00a0\u00bb||2px|||\u00a0\u00bb background_last_edited=\u00a0\u00bbon|tablet\u00a0\u00bb background_size_tablet=\u00a0\u00bbcontain\u00a0\u00bb background_position_tablet=\u00a0\u00bbtop_center\u00a0\u00bb saved_tabs=\u00a0\u00bball\u00a0\u00bb collapsed=\u00a0\u00bbon\u00a0\u00bb global_colors_info=\u00a0\u00bb{}\u00a0\u00bb][et_pb_row column_structure=\u00a0\u00bb1_3,1_3,1_3&Prime; use_custom_gutter=\u00a0\u00bbon\u00a0\u00bb gutter_width=\u00a0\u00bb2&Prime; _builder_version=\u00a0\u00bb4.20.0&Prime; _module_preset=\u00a0\u00bbdefault\u00a0\u00bb global_colors_info=\u00a0\u00bb{}\u00a0\u00bb][et_pb_column type=\u00a0\u00bb1_3&Prime; _builder_version=\u00a0\u00bb4.20.0&Prime; _module_preset=\u00a0\u00bbdefault\u00a0\u00bb custom_padding=\u00a0\u00bb30px||30px||true|false\u00a0\u00bb custom_padding_tablet=\u00a0\u00bb0px||0px||true|false\u00a0\u00bb custom_padding_phone=\u00a0\u00bb0px||0px||true|false\u00a0\u00bb custom_padding_last_edited=\u00a0\u00bbon|phone\u00a0\u00bb global_colors_info=\u00a0\u00bb{}\u00a0\u00bb][et_pb_image src=\u00a0\u00bbhttps:\/\/leafbiodiversity.eu\/wp-content\/uploads\/2024\/07\/FR_Co-fundedbytheEU_RGB_POS-300&#215;67.png\u00a0\u00bb title_text=\u00a0\u00bbFR_Co-fundedbytheEU_RGB_POS\u00a0\u00bb _builder_version=\u00a0\u00bb4.26.1&Prime; _module_preset=\u00a0\u00bbdefault\u00a0\u00bb hover_enabled=\u00a0\u00bb0&Prime; global_colors_info=\u00a0\u00bb{}\u00a0\u00bb sticky_enabled=\u00a0\u00bb0&Prime;][\/et_pb_image][et_pb_text _builder_version=\u00a0\u00bb4.21.0&Prime; _module_preset=\u00a0\u00bbdefault\u00a0\u00bb text_font_size=\u00a0\u00bb12px\u00a0\u00bb text_line_height=\u00a0\u00bb1.5em\u00a0\u00bb global_colors_info=\u00a0\u00bb{}\u00a0\u00bb]<\/p>\n<p><span style=\"font-weight: 400;\">Ce projet a \u00e9t\u00e9 cofinanc\u00e9 avec le soutien de la Commission europ\u00e9enne. Ce projet a \u00e9t\u00e9 cofinanc\u00e9 avec le soutien de la Commission europ\u00e9enne. Cette communication refl\u00e8te uniquement le point de vue de son auteur et la Commission ne peut \u00eatre tenue responsable de toute utilisation qui pourrait \u00eatre faite des informations qui y sont contenues.<\/span><\/p>\n<p><span style=\"font-weight: 400;\">Projet N\u00b0:2022-1-RO01-KA220-SCH-000086884<\/span><\/p>\n<p>[\/et_pb_text][\/et_pb_column][et_pb_column type=\u00a0\u00bb1_3&Prime; _builder_version=\u00a0\u00bb4.20.0&Prime; _module_preset=\u00a0\u00bbdefault\u00a0\u00bb custom_padding=\u00a0\u00bb30px||30px||true|false\u00a0\u00bb custom_padding_tablet=\u00a0\u00bb0px||0px||true|false\u00a0\u00bb custom_padding_phone=\u00a0\u00bb0px||0px||true|false\u00a0\u00bb custom_padding_last_edited=\u00a0\u00bbon|phone\u00a0\u00bb global_colors_info=\u00a0\u00bb{}\u00a0\u00bb][et_pb_text _builder_version=\u00a0\u00bb4.20.4&Prime; _module_preset=\u00a0\u00bbd66abf77-cee8-41a0-a950-711cacee6424&Prime; header_text_align_tablet=\u00a0\u00bb\u00a0\u00bb header_text_align_phone=\u00a0\u00bb\u00a0\u00bb header_text_align_last_edited=\u00a0\u00bbon|phone\u00a0\u00bb header_font_size_tablet=\u00a0\u00bb\u00a0\u00bb header_font_size_phone=\u00a0\u00bb\u00a0\u00bb header_font_size_last_edited=\u00a0\u00bbon|phone\u00a0\u00bb text_orientation_tablet=\u00a0\u00bb\u00a0\u00bb text_orientation_phone=\u00a0\u00bbcenter\u00a0\u00bb text_orientation_last_edited=\u00a0\u00bbon|phone\u00a0\u00bb locked=\u00a0\u00bboff\u00a0\u00bb global_colors_info=\u00a0\u00bb{}\u00a0\u00bb]<\/p>\n<h5>Suivez-nous<\/h5>\n<p>[\/et_pb_text][et_pb_social_media_follow icon_color=\u00a0\u00bb#95AD33&Prime; use_icon_font_size=\u00a0\u00bbon\u00a0\u00bb icon_font_size=\u00a0\u00bb14px\u00a0\u00bb _builder_version=\u00a0\u00bb4.21.0&Prime; _module_preset=\u00a0\u00bbdefault\u00a0\u00bb text_orientation=\u00a0\u00bbleft\u00a0\u00bb text_orientation_tablet=\u00a0\u00bbcenter\u00a0\u00bb text_orientation_phone=\u00a0\u00bb\u00a0\u00bb text_orientation_last_edited=\u00a0\u00bbon|phone\u00a0\u00bb border_radii=\u00a0\u00bbon|100px|100px|100px|100px\u00a0\u00bb global_colors_info=\u00a0\u00bb{}\u00a0\u00bb][et_pb_social_media_follow_network social_network=\u00a0\u00bbfacebook\u00a0\u00bb url=\u00a0\u00bbhttps:\/\/www.facebook.com\/leafbiodiversity\u00a0\u00bb _builder_version=\u00a0\u00bb4.21.0&Prime; _module_preset=\u00a0\u00bbdefault\u00a0\u00bb background_color=\u00a0\u00bb#EFE8D7&Prime; background_enable_color=\u00a0\u00bbon\u00a0\u00bb custom_padding=\u00a0\u00bb4px|4px|4px|4px|true|true\u00a0\u00bb global_colors_info=\u00a0\u00bb{}\u00a0\u00bb follow_button=\u00a0\u00bboff\u00a0\u00bb url_new_window=\u00a0\u00bbon\u00a0\u00bb]facebook[\/et_pb_social_media_follow_network][et_pb_social_media_follow_network social_network=\u00a0\u00bbinstagram\u00a0\u00bb url=\u00a0\u00bbhttps:\/\/www.instagram.com\/leafbiodiversity\u00a0\u00bb _builder_version=\u00a0\u00bb4.21.0&Prime; _module_preset=\u00a0\u00bbdefault\u00a0\u00bb background_color=\u00a0\u00bb#EFE8D7&Prime; background_enable_color=\u00a0\u00bbon\u00a0\u00bb custom_padding=\u00a0\u00bb4px|4px|4px|4px|true|true\u00a0\u00bb global_colors_info=\u00a0\u00bb{%22gcid-cc1e7daa-e7a2-44d1-a6d4-86221a549f5c%22:%91%22background_color%22,%22background_color%22%93}\u00a0\u00bb follow_button=\u00a0\u00bboff\u00a0\u00bb url_new_window=\u00a0\u00bbon\u00a0\u00bb]instagram[\/et_pb_social_media_follow_network][\/et_pb_social_media_follow][\/et_pb_column][et_pb_column type=\u00a0\u00bb1_3&Prime; _builder_version=\u00a0\u00bb4.20.0&Prime; _module_preset=\u00a0\u00bbdefault\u00a0\u00bb custom_padding=\u00a0\u00bb30px||30px||true|false\u00a0\u00bb custom_padding_tablet=\u00a0\u00bb\u00a0\u00bb custom_padding_phone=\u00a0\u00bb0px||0px||true|false\u00a0\u00bb custom_padding_last_edited=\u00a0\u00bbon|phone\u00a0\u00bb global_colors_info=\u00a0\u00bb{}\u00a0\u00bb][et_pb_text _builder_version=\u00a0\u00bb4.20.4&Prime; _module_preset=\u00a0\u00bbd66abf77-cee8-41a0-a950-711cacee6424&Prime; header_5_font_size_tablet=\u00a0\u00bb\u00a0\u00bb header_5_font_size_phone=\u00a0\u00bb\u00a0\u00bb header_5_font_size_last_edited=\u00a0\u00bbon|phone\u00a0\u00bb locked=\u00a0\u00bboff\u00a0\u00bb global_colors_info=\u00a0\u00bb{}\u00a0\u00bb]<\/p>\n<h5>Contact<\/h5>\n<p>[\/et_pb_text][et_pb_blurb title=\u00a0\u00bbdaniela.melisch@cneminescu.ro\u00a0\u00bb url=\u00a0\u00bbmailto:daniela.melisch@cneminescu.ro\u00a0\u00bb use_icon=\u00a0\u00bbon\u00a0\u00bb font_icon=\u00a0\u00bb&#xe010;||divi||400&Prime; icon_color=\u00a0\u00bb#95AD33&Prime; image_icon_background_color=\u00a0\u00bb#EFE8D7&Prime; icon_placement=\u00a0\u00bbleft\u00a0\u00bb image_icon_width=\u00a0\u00bb20px\u00a0\u00bb _builder_version=\u00a0\u00bb4.21.0&Prime; _module_preset=\u00a0\u00bbdefault\u00a0\u00bb header_line_height=\u00a0\u00bb2em\u00a0\u00bb image_icon_custom_padding=\u00a0\u00bb8px|8px|8px|8px|true|true\u00a0\u00bb link_option_url=\u00a0\u00bbmailto:daniela.melisch@cneminescu.ro\u00a0\u00bb border_radii_image=\u00a0\u00bbon|33px|33px|33px|33px\u00a0\u00bb global_colors_info=\u00a0\u00bb{}\u00a0\u00bb][\/et_pb_blurb][\/et_pb_column][\/et_pb_row][et_pb_row column_structure=\u00a0\u00bb1_5,3_5,1_5&Prime; _builder_version=\u00a0\u00bb4.20.0&Prime; _module_preset=\u00a0\u00bbdefault\u00a0\u00bb border_color_all=\u00a0\u00bbrgba(94,94,78,0.2)\u00a0\u00bb border_width_top=\u00a0\u00bb1px\u00a0\u00bb global_colors_info=\u00a0\u00bb{}\u00a0\u00bb][et_pb_column type=\u00a0\u00bb1_5&Prime; _builder_version=\u00a0\u00bb4.20.0&Prime; _module_preset=\u00a0\u00bbdefault\u00a0\u00bb global_colors_info=\u00a0\u00bb{}\u00a0\u00bb][\/et_pb_column][et_pb_column type=\u00a0\u00bb3_5&Prime; _builder_version=\u00a0\u00bb4.20.0&Prime; _module_preset=\u00a0\u00bbdefault\u00a0\u00bb custom_padding=\u00a0\u00bb16px||||false|false\u00a0\u00bb custom_padding_tablet=\u00a0\u00bb0px||||false|false\u00a0\u00bb custom_padding_phone=\u00a0\u00bb\u00a0\u00bb custom_padding_last_edited=\u00a0\u00bbon|tablet\u00a0\u00bb global_colors_info=\u00a0\u00bb{}\u00a0\u00bb][et_pb_text _builder_version=\u00a0\u00bb4.20.4&Prime; _module_preset=\u00a0\u00bbdefault\u00a0\u00bb text_font=\u00a0\u00bb|700|||||||\u00a0\u00bb text_font_size=\u00a0\u00bb13px\u00a0\u00bb link_text_color=\u00a0\u00bb#95AD33&Prime; text_orientation=\u00a0\u00bbcenter\u00a0\u00bb global_colors_info=\u00a0\u00bb{}\u00a0\u00bb]<\/p>\n<p>Developed by <a href=\"https:\/\/ignis.hr\" target=\"_blank\" rel=\"noopener\">IGNIS<\/a><\/p>\n<p>[\/et_pb_text][\/et_pb_column][et_pb_column type=\u00a0\u00bb1_5&Prime; _builder_version=\u00a0\u00bb4.20.0&Prime; _module_preset=\u00a0\u00bbdefault\u00a0\u00bb custom_padding=\u00a0\u00bb6px||||false|false\u00a0\u00bb custom_padding_tablet=\u00a0\u00bb0px||||false|false\u00a0\u00bb custom_padding_phone=\u00a0\u00bb\u00a0\u00bb custom_padding_last_edited=\u00a0\u00bbon|tablet\u00a0\u00bb global_colors_info=\u00a0\u00bb{}\u00a0\u00bb][\/et_pb_column][\/et_pb_row][\/et_pb_section]<\/p>\n","protected":false},"excerpt":{"rendered":"<p>FORMATION DES FORMATEURSActivit\u00e9 de formation des formateurs organis\u00e9e par P1, MENC (RO), en novembre 2023 L&rsquo;activit\u00e9 a impliqu\u00e9 un expert de chaque partenaire qui a form\u00e9 les autres participants lors d&rsquo;ateliers qui avaient les th\u00e8mes suivants: Changement climatique et biodiversit\u00e9 urbaine (Module d\u00e9velopp\u00e9 par ENERGIES 2050), Espaces naturels prot\u00e9g\u00e9s (Module d\u00e9velopp\u00e9 par PLATON), Parcs urbains [&hellip;]<\/p>\n","protected":false},"author":1,"featured_media":0,"parent":1608,"menu_order":0,"comment_status":"closed","ping_status":"closed","template":"","meta":{"_et_pb_use_builder":"on","_et_pb_old_content":"","_et_gb_content_width":"","footnotes":""},"class_list":["post-1614","page","type-page","status-publish","hentry"],"_links":{"self":[{"href":"https:\/\/leafbiodiversity.eu\/fr\/wp-json\/wp\/v2\/pages\/1614","targetHints":{"allow":["GET"]}}],"collection":[{"href":"https:\/\/leafbiodiversity.eu\/fr\/wp-json\/wp\/v2\/pages"}],"about":[{"href":"https:\/\/leafbiodiversity.eu\/fr\/wp-json\/wp\/v2\/types\/page"}],"author":[{"embeddable":true,"href":"https:\/\/leafbiodiversity.eu\/fr\/wp-json\/wp\/v2\/users\/1"}],"replies":[{"embeddable":true,"href":"https:\/\/leafbiodiversity.eu\/fr\/wp-json\/wp\/v2\/comments?post=1614"}],"version-history":[{"count":11,"href":"https:\/\/leafbiodiversity.eu\/fr\/wp-json\/wp\/v2\/pages\/1614\/revisions"}],"predecessor-version":[{"id":3160,"href":"https:\/\/leafbiodiversity.eu\/fr\/wp-json\/wp\/v2\/pages\/1614\/revisions\/3160"}],"up":[{"embeddable":true,"href":"https:\/\/leafbiodiversity.eu\/fr\/wp-json\/wp\/v2\/pages\/1608"}],"wp:attachment":[{"href":"https:\/\/leafbiodiversity.eu\/fr\/wp-json\/wp\/v2\/media?parent=1614"}],"curies":[{"name":"wp","href":"https:\/\/api.w.org\/{rel}","templated":true}]}}