{"id":1611,"date":"2023-05-07T17:06:24","date_gmt":"2023-05-07T17:06:24","guid":{"rendered":"https:\/\/leafbiodiversity.eu\/activites\/reunions-de-projets-transnationaux-tpm\/"},"modified":"2025-02-19T07:14:13","modified_gmt":"2025-02-19T07:14:13","slug":"reunions-de-projets-transnationaux-tpm","status":"publish","type":"page","link":"https:\/\/leafbiodiversity.eu\/fr\/activites\/reunions-de-projets-transnationaux-tpm\/","title":{"rendered":"R\u00c9UNIONS DE PROJETS TRANSNATIONAUX (TPM)"},"content":{"rendered":"<p>[et_pb_section fb_built=\u00a0\u00bb1&Prime; _builder_version=\u00a0\u00bb4.21.0&Prime; _module_preset=\u00a0\u00bbdefault\u00a0\u00bb background_image=\u00a0\u00bbhttps:\/\/leafbiodiversity.eu\/wp-content\/uploads\/2023\/05\/TO-NAM-JE-COVER-NA-FACEU.jpg\u00a0\u00bb global_colors_info=\u00a0\u00bb{}\u00a0\u00bb][et_pb_row _builder_version=\u00a0\u00bb4.21.0&Prime; _module_preset=\u00a0\u00bbdefault\u00a0\u00bb global_colors_info=\u00a0\u00bb{}\u00a0\u00bb][et_pb_column type=\u00a0\u00bb4_4&Prime; _builder_version=\u00a0\u00bb4.21.0&Prime; _module_preset=\u00a0\u00bbdefault\u00a0\u00bb global_colors_info=\u00a0\u00bb{}\u00a0\u00bb][et_pb_text _builder_version=\u00a0\u00bb4.21.0&Prime; _module_preset=\u00a0\u00bbdefault\u00a0\u00bb text_text_color=\u00a0\u00bb#383838&Prime; background_color=\u00a0\u00bb#E0C588&Prime; text_orientation=\u00a0\u00bbcenter\u00a0\u00bb custom_padding=\u00a0\u00bb4%|10%|4%|10%|true|true\u00a0\u00bb global_colors_info=\u00a0\u00bb{}\u00a0\u00bb]<\/p>\n<h1 style=\"text-align: center;\"><b>R\u00c9UNIONS DE PROJETS TRANSNATIONAUX (TPM)<\/b><\/h1>\n<p>&nbsp;<\/p>\n<p><span style=\"font-weight: 400;\">LES R\u00c9UNIONS TRANSNATIONALES DE PROJET (TPM) renforcent l&rsquo;efficacit\u00e9 de la coop\u00e9ration entre les partenaires, tandis que des r\u00e9unions de mise \u00e0 jour mensuelles en ligne sont pr\u00e9vues pour suivre l&rsquo;avancement du projet.<\/span><\/p>\n<p>[\/et_pb_text][\/et_pb_column][\/et_pb_row][\/et_pb_section][et_pb_section fb_built=\u00a0\u00bb1&Prime; _builder_version=\u00a0\u00bb4.20.4&Prime; _module_preset=\u00a0\u00bbdefault\u00a0\u00bb global_colors_info=\u00a0\u00bb{}\u00a0\u00bb][et_pb_row _builder_version=\u00a0\u00bb4.20.4&Prime; _module_preset=\u00a0\u00bbdefault\u00a0\u00bb global_colors_info=\u00a0\u00bb{}\u00a0\u00bb][et_pb_column type=\u00a0\u00bb4_4&Prime; _builder_version=\u00a0\u00bb4.20.4&Prime; _module_preset=\u00a0\u00bbdefault\u00a0\u00bb global_colors_info=\u00a0\u00bb{}\u00a0\u00bb][et_pb_text _builder_version=\u00a0\u00bb4.23.1&Prime; _module_preset=\u00a0\u00bbdefault\u00a0\u00bb text_line_height=\u00a0\u00bb1.9em\u00a0\u00bb header_2_font=\u00a0\u00bb||||||||\u00a0\u00bb header_2_text_align=\u00a0\u00bbleft\u00a0\u00bb header_2_line_height=\u00a0\u00bb1.3em\u00a0\u00bb global_colors_info=\u00a0\u00bb{}\u00a0\u00bb]<\/p>\n<h2>1. R\u00e9union de lancement \u00e0 Biot (FR), organis\u00e9e par P6 \u2013 ENERGIES 2050 (in collaboration with P1 \u2013 MENC) en <span>novembre<\/span> 2022.<\/h2>\n<p><span style=\"font-weight: 400;\"><\/span><\/p>\n<p><img loading=\"lazy\" decoding=\"async\" src=\"https:\/\/leafbiodiversity.eu\/wp-content\/uploads\/2023\/05\/Tpm-1024x726.jpg\" width=\"1024\" height=\"726\" alt=\"\" class=\"wp-image-241 alignnone size-large\" srcset=\"https:\/\/leafbiodiversity.eu\/wp-content\/uploads\/2023\/05\/Tpm-1024x726.jpg 1024w, https:\/\/leafbiodiversity.eu\/wp-content\/uploads\/2023\/05\/Tpm-980x695.jpg 980w, https:\/\/leafbiodiversity.eu\/wp-content\/uploads\/2023\/05\/Tpm-480x340.jpg 480w\" sizes=\"(min-width: 0px) and (max-width: 480px) 480px, (min-width: 481px) and (max-width: 980px) 980px, (min-width: 981px) 1024px, 100vw\" \/><\/p>\n<p><span style=\"font-weight: 400;\">Cette r\u00e9union a \u00e9t\u00e9 la premi\u00e8re r\u00e9union en pr\u00e9sentiel du projet et elle a servi \u00e0 lancer les diff\u00e9rentes activit\u00e9s. Avec 10 personnes pr\u00e9sentes \u00e0 la r\u00e9union, ce fut une exp\u00e9rience tr\u00e8s productive et fructueuse qui a mis l&rsquo;\u00e9quipe sur la bonne voie pour les travaux \u00e0 venir. Au cours de cette r\u00e9union, les partenaires ont explor\u00e9 la strat\u00e9gie du projet, discut\u00e9 des aspects de gestion et de qualit\u00e9 ainsi que du plan de diffusion, des proc\u00e9dures de reporting financier, des obligations formelles (accord de subvention et de partenariat) et d&rsquo;autres sujets importants pour le d\u00e9marrage du projet. Ce qui est encore plus important, c\u2019est que les t\u00e2ches ainsi que les responsabilit\u00e9s ont \u00e9t\u00e9 d\u00e9l\u00e9gu\u00e9es au sein du consortium afin de faciliter le suivi de l\u2019avancement du projet et de s\u2019assurer que l\u2019aspect qualit\u00e9 du projet soit gard\u00e9 \u00e0 l\u2019esprit pendant toute sa mise en \u0153uvre. <\/span><\/p>\n<p><span style=\"font-weight: 400;\">Enfin et surtout, ce fut une merveilleuse opportunit\u00e9 pour les partenaires de se rencontrer en personne, de voir des visages derri\u00e8re les \u00e9crans, les courriels, les messages, et de cr\u00e9er un environnement de travail positif pour le projet. <\/span><\/p>\n<p>[\/et_pb_text][et_pb_divider _builder_version=\u00a0\u00bb4.23.1&Prime; _module_preset=\u00a0\u00bbdefault\u00a0\u00bb global_colors_info=\u00a0\u00bb{}\u00a0\u00bb][\/et_pb_divider][\/et_pb_column][\/et_pb_row][et_pb_row _builder_version=\u00a0\u00bb4.20.4&Prime; _module_preset=\u00a0\u00bbdefault\u00a0\u00bb locked=\u00a0\u00bboff\u00a0\u00bb global_colors_info=\u00a0\u00bb{}\u00a0\u00bb][et_pb_column type=\u00a0\u00bb4_4&Prime; _builder_version=\u00a0\u00bb4.20.4&Prime; _module_preset=\u00a0\u00bbdefault\u00a0\u00bb global_colors_info=\u00a0\u00bb{}\u00a0\u00bb][et_pb_text _builder_version=\u00a0\u00bb4.23.1&Prime; _module_preset=\u00a0\u00bbdefault\u00a0\u00bb text_line_height=\u00a0\u00bb1.9em\u00a0\u00bb header_2_font=\u00a0\u00bb||||||||\u00a0\u00bb header_2_text_align=\u00a0\u00bbleft\u00a0\u00bb header_2_line_height=\u00a0\u00bb1.3em\u00a0\u00bb custom_padding=\u00a0\u00bb||20px|||\u00a0\u00bb global_colors_info=\u00a0\u00bb{}\u00a0\u00bb]<\/p>\n<h2>2. TPM, en ligne, organis\u00e9 par P1, MENC, en mai 2023<\/h2>\n<p><span style=\"font-weight: 400;\"><img loading=\"lazy\" decoding=\"async\" src=\"https:\/\/leafbiodiversity.eu\/wp-content\/uploads\/2023\/11\/2nd-meeting.jpg\" width=\"1870\" height=\"918\" alt=\"\" class=\"wp-image-1676 alignnone size-full\" srcset=\"https:\/\/leafbiodiversity.eu\/wp-content\/uploads\/2023\/11\/2nd-meeting.jpg 1870w, https:\/\/leafbiodiversity.eu\/wp-content\/uploads\/2023\/11\/2nd-meeting-1280x628.jpg 1280w, https:\/\/leafbiodiversity.eu\/wp-content\/uploads\/2023\/11\/2nd-meeting-980x481.jpg 980w, https:\/\/leafbiodiversity.eu\/wp-content\/uploads\/2023\/11\/2nd-meeting-480x236.jpg 480w\" sizes=\"(min-width: 0px) and (max-width: 480px) 480px, (min-width: 481px) and (max-width: 980px) 980px, (min-width: 981px) and (max-width: 1280px) 1280px, (min-width: 1281px) 1870px, 100vw\" \/><\/span><\/p>\n<p>&nbsp;<\/p>\n<p>Le Consortium a pass\u00e9 en revue toutes les activit\u00e9s mises en \u0153uvre jusqu&rsquo;\u00e0 pr\u00e9sent et celles pr\u00e9vues pendant la p\u00e9riode estivale.<\/p>\n<p>Les points forts de la r\u00e9union ont \u00e9t\u00e9 le Syllabus et le Manuel, sur lesquels nous avons parcouru les mod\u00e8les et convenu des prochaines \u00e9tapes en fonction de ces r\u00e9sultats \u2013 en particulier les \u00e9changes avec les groupes de discussion et l\u2019examen par les pairs du Syllabus qui doit \u00eatre mis en \u0153uvre dans tous les pays partenaires. Il s\u2019agit d\u2019une \u00e9tape importante pour b\u00e2tir les prochaines \u00e9tapes sur une base commune.<\/p>\n<p>Nous avons \u00e9galement pu d\u00e9couvrir le site Web du projet en anglais qui est un r\u00e9sultat du projet. Il reste d\u00e9sormais \u00e0 r\u00e9aliser les traductions dans les diff\u00e9rentes langues du projet pour garantir une approche inclusive et une compr\u00e9hension plus facile au niveau national, dans chaque pays partenaire du projet.<\/p>\n<p>[\/et_pb_text][et_pb_divider _builder_version=\u00a0\u00bb4.23.1&Prime; _module_preset=\u00a0\u00bbdefault\u00a0\u00bb global_colors_info=\u00a0\u00bb{}\u00a0\u00bb][\/et_pb_divider][et_pb_text _builder_version=\u00a0\u00bb4.23.1&Prime; _module_preset=\u00a0\u00bbdefault\u00a0\u00bb text_line_height=\u00a0\u00bb1.9em\u00a0\u00bb header_2_font=\u00a0\u00bb||||||||\u00a0\u00bb header_2_text_align=\u00a0\u00bbleft\u00a0\u00bb header_2_line_height=\u00a0\u00bb1.3em\u00a0\u00bb custom_padding=\u00a0\u00bb||14px|||\u00a0\u00bb global_colors_info=\u00a0\u00bb{}\u00a0\u00bb]<\/p>\n<h2><span data-contrast=\"none\" xml:lang=\"EN-GB\" lang=\"EN-GB\" class=\"TextRun SCXW259791648 BCX0\"><span class=\"NormalTextRun SCXW259791648 BCX0\">3<\/span><span class=\"NormalTextRun SCXW259791648 BCX0\">. TPM<\/span><span class=\"NormalTextRun SCXW259791648 BCX0\"> Suceava (RO), <\/span><span class=\"NormalTextRun SCXW259791648 BCX0\">organis\u00e9 par P1, MENC, en <\/span><span class=\"NormalTextRun SCXW259791648 BCX0\">novembre <\/span><span class=\"NormalTextRun SCXW259791648 BCX0\">2023<\/span><\/span><span class=\"EOP SCXW259791648 BCX0\" data-ccp-props=\"{\"201341983\":0,\"335559739\":0,\"335559740\":240}\"> <\/span><\/h2>\n<p><span class=\"EOP SCXW259791648 BCX0\" data-ccp-props=\"{\"201341983\":0,\"335559739\":0,\"335559740\":240}\"><img loading=\"lazy\" decoding=\"async\" src=\"https:\/\/leafbiodiversity.eu\/wp-content\/uploads\/2023\/12\/PHOTO-website-3rd-TPM-300x225.jpg\" width=\"300\" height=\"225\" alt=\"\" class=\"wp-image-2024 alignnone size-medium\" style=\"display: block; margin-left: auto; margin-right: auto;\"><br \/><\/span><\/p>\n<p><span data-contrast=\"none\">Le Consortium a pass\u00e9 en revue toutes les activit\u00e9s mises en \u0153uvre au cours de la premi\u00e8re ann\u00e9e et celles \u00e0 venir pour la deuxi\u00e8me ann\u00e9e. <\/span><span data-ccp-props=\"{\"201341983\":0,\"335551550\":6,\"335551620\":6,\"335559739\":0,\"335559740\":240}\"> <\/span><\/p>\n<p><span data-contrast=\"none\">Le Consortium a pass\u00e9 en revue toutes les activit\u00e9s mises en \u0153uvre au cours de la premi\u00e8re ann\u00e9e et celles \u00e0 venir pour la deuxi\u00e8me ann\u00e9e. Tous les partenaires ont parcouru la version pr\u00e9liminaire du manuel et se sont mis d&rsquo;accord sur la forme finale. Il sera traduit dans la langue des partenaires et imprim\u00e9 comme pr\u00e9vu. Le cadre de comp\u00e9tences qui a \u00e9galement \u00e9t\u00e9 discut\u00e9 est un instrument important pour le r\u00e9sultat de notre projet.   <\/span><span data-ccp-props=\"{\"201341983\":0,\"335551550\":6,\"335551620\":6,\"335559739\":0,\"335559740\":240}\"> <\/span><\/p>\n<p><span data-contrast=\"none\">Le Consortium a d\u00e9battu des activit\u00e9s pr\u00e9vues et de l\u2019Acad\u00e9mie LEAF (LEAF Academy) en ligne, une plateforme qui sera cr\u00e9\u00e9e comme espace d&rsquo;apprentissage pour les \u00e9tudiants. <\/span><span data-ccp-props=\"{\"201341983\":0,\"335551550\":6,\"335551620\":6,\"335559739\":0,\"335559740\":240}\"> <\/span><\/p>\n<p>[\/et_pb_text][et_pb_divider _builder_version=\u00a0\u00bb4.23.1&Prime; _module_preset=\u00a0\u00bbdefault\u00a0\u00bb global_colors_info=\u00a0\u00bb{}\u00a0\u00bb][\/et_pb_divider][et_pb_text _builder_version=\u00a0\u00bb4.27.4&Prime; _module_preset=\u00a0\u00bbdefault\u00a0\u00bb text_line_height=\u00a0\u00bb1.9em\u00a0\u00bb header_2_font=\u00a0\u00bb||||||||\u00a0\u00bb header_2_text_align=\u00a0\u00bbleft\u00a0\u00bb header_2_line_height=\u00a0\u00bb1.3em\u00a0\u00bb custom_padding=\u00a0\u00bb||14px|||\u00a0\u00bb hover_enabled=\u00a0\u00bb0&Prime; global_colors_info=\u00a0\u00bb{}\u00a0\u00bb sticky_enabled=\u00a0\u00bb0&Prime;]<\/p>\n<h2>4\u00e8me r\u00e9union internationale des coordinateurs du projet Erasmus LEAF \u00e0 Belgrade<\/h2>\n<p>[\/et_pb_text][et_pb_text _builder_version=\u00a0\u00bb4.27.4&Prime; _module_preset=\u00a0\u00bbdefault\u00a0\u00bb hover_enabled=\u00a0\u00bb0&Prime; sticky_enabled=\u00a0\u00bb0&Prime;]<\/p>\n<p><img loading=\"lazy\" decoding=\"async\" src=\"https:\/\/leafbiodiversity.eu\/wp-content\/uploads\/2025\/02\/461496943_524141203888783_1881215658522838077_n-1024x577.jpg\" width=\"1024\" height=\"577\" alt=\"\" class=\"wp-image-4886 aligncenter size-large\" srcset=\"https:\/\/leafbiodiversity.eu\/wp-content\/uploads\/2025\/02\/461496943_524141203888783_1881215658522838077_n-980x552.jpg 980w, https:\/\/leafbiodiversity.eu\/wp-content\/uploads\/2025\/02\/461496943_524141203888783_1881215658522838077_n-480x270.jpg 480w\" sizes=\"(min-width: 0px) and (max-width: 480px) 480px, (min-width: 481px) and (max-width: 980px) 980px, (min-width: 981px) 1024px, 100vw\" \/><\/p>\n<p>La quatri\u00e8me r\u00e9union des coordinateurs du projet Erasmus + LEAF a eu lieu le 26 et 27 septembre \u00e0 Belgrade. Les coordinateurs des six pays participant au projet ont assist\u00e9 \u00e0 la r\u00e9union. La r\u00e9union de Belgrade est la derni\u00e8re r\u00e9union dans le cadre de ce projet, qui se termine en d\u00e9cembre de cette ann\u00e9e.  <\/p>\n<p>Le th\u00e8me principal de ces deux jours de r\u00e9union \u00e9tait l&rsquo;analyse de l&rsquo;\u00e9tat d&rsquo;avancement des work packages et la r\u00e9flexion sur les \u00e9tapes futures de la mise en \u0153uvre des projets. Les coordinateurs ont discut\u00e9 en d\u00e9tail des r\u00e9sultats obtenus jusqu&rsquo;\u00e0 pr\u00e9sent et des d\u00e9fis auxquels ils ont \u00e9t\u00e9 confront\u00e9s au cours des deux derni\u00e8res ann\u00e9es de travail sur ce projet. L&rsquo;engagement commun des six pays a permis la cr\u00e9ation d&rsquo;un manuel et d&rsquo;une plateforme interactive pour les enseignants. Le manuel est destin\u00e9 aux enseignants qui souhaitent am\u00e9liorer leur enseignement car il fournit un contenu riche ainsi que des exercices qui peuvent \u00eatre facilement appliqu\u00e9s en classe. La plateforme interactive sert d&rsquo;outil d&rsquo;enseignement car elle offre des ressources utiles qui peuvent \u00eatre facilement int\u00e9gr\u00e9es dans les programmes scolaires.   <\/p>\n<p>Lien vers le manuel: https:\/\/leafbiodiversity.eu\/results\/teachers-handbook\/<\/p>\n<p>Lien vers la plateforme p\u00e9dagogique: https:\/\/leafelearning.com\/<\/p>\n<p>Apr\u00e8s une \u00e9valuation d\u00e9taill\u00e9e des objectifs atteints, les coordinateurs ont \u00e9galement pr\u00e9sent\u00e9 des plans pour les prochaines phases du projet. L&rsquo;accent a \u00e9t\u00e9 mis sur le d\u00e9veloppement de la plateforme, ainsi que sur la d\u00e9finition de strat\u00e9gies qui permettront la mise en \u0153uvre la plus efficace possible des objectifs du projet. <\/p>\n<p>Apr\u00e8s les r\u00e9unions, les participants ont eu l&rsquo;occasion de visiter Belgrade en compagnie d&rsquo;un guide professionnel et, au cours d&rsquo;une promenade d\u00e9tendue dans le centre-ville, d&rsquo;en d\u00e9couvrir l&rsquo;histoire et l&rsquo;architecture. Le soir, avec leurs h\u00f4tes, ils ont visit\u00e9 la partie boh\u00e9mienne de la ville, Skadarlija, et ont profit\u00e9 du temps agr\u00e9able et de l&rsquo;atmosph\u00e8re du quartier boh\u00e9mien. <\/p>\n<p>Nous tenons \u00e0 remercier tous les participants de la r\u00e9union pour la discussion constructive et leur contribution au succ\u00e8s de cette r\u00e9union. Nous attendons avec impatience la poursuite des travaux et la mise en \u0153uvre r\u00e9ussie des prochaines \u00e9tapes. <\/p>\n<p>[\/et_pb_text][\/et_pb_column][\/et_pb_row][\/et_pb_section][et_pb_section fb_built=\u00a0\u00bb1&Prime; admin_label=\u00a0\u00bbFooter\u00a0\u00bb _builder_version=\u00a0\u00bb4.20.4&Prime; _module_preset=\u00a0\u00bbdefault\u00a0\u00bb background_color=\u00a0\u00bb#E0C588&Prime; background_enable_image=\u00a0\u00bboff\u00a0\u00bb background_size=\u00a0\u00bbcontain\u00a0\u00bb background_position=\u00a0\u00bbtop_center\u00a0\u00bb custom_padding=\u00a0\u00bb||2px|||\u00a0\u00bb background_last_edited=\u00a0\u00bbon|tablet\u00a0\u00bb background_size_tablet=\u00a0\u00bbcontain\u00a0\u00bb background_position_tablet=\u00a0\u00bbtop_center\u00a0\u00bb global_module=\u00a0\u00bb54&Prime; saved_tabs=\u00a0\u00bball\u00a0\u00bb collapsed=\u00a0\u00bbon\u00a0\u00bb global_colors_info=\u00a0\u00bb{}\u00a0\u00bb][et_pb_row column_structure=\u00a0\u00bb1_3,1_3,1_3&Prime; use_custom_gutter=\u00a0\u00bbon\u00a0\u00bb gutter_width=\u00a0\u00bb2&Prime; _builder_version=\u00a0\u00bb4.20.0&Prime; _module_preset=\u00a0\u00bbdefault\u00a0\u00bb global_colors_info=\u00a0\u00bb{}\u00a0\u00bb][et_pb_column type=\u00a0\u00bb1_3&Prime; _builder_version=\u00a0\u00bb4.20.0&Prime; _module_preset=\u00a0\u00bbdefault\u00a0\u00bb custom_padding=\u00a0\u00bb30px||30px||true|false\u00a0\u00bb custom_padding_tablet=\u00a0\u00bb0px||0px||true|false\u00a0\u00bb custom_padding_phone=\u00a0\u00bb0px||0px||true|false\u00a0\u00bb custom_padding_last_edited=\u00a0\u00bbon|phone\u00a0\u00bb global_colors_info=\u00a0\u00bb{}\u00a0\u00bb][et_pb_image src=\u00a0\u00bbhttps:\/\/leafbiodiversity.eu\/wp-content\/uploads\/2024\/06\/eu_co_funded_en-300&#215;63.jpg\u00a0\u00bb title_text=\u00a0\u00bbDrapeau_2couleurs.eps\u00a0\u00bb _builder_version=\u00a0\u00bb4.25.0&Prime; _module_preset=\u00a0\u00bbdefault\u00a0\u00bb global_colors_info=\u00a0\u00bb{}\u00a0\u00bb][\/et_pb_image][et_pb_text _builder_version=\u00a0\u00bb4.21.0&Prime; _module_preset=\u00a0\u00bbdefault\u00a0\u00bb text_font_size=\u00a0\u00bb12px\u00a0\u00bb text_line_height=\u00a0\u00bb1.5em\u00a0\u00bb global_colors_info=\u00a0\u00bb{}\u00a0\u00bb]<\/p>\n<p>&nbsp;<\/p>\n<p><span style=\"font-weight: 400;\"><span>Ce projet a \u00e9t\u00e9 cofinanc\u00e9 avec le soutien de la Commission europ\u00e9enne. Cette communication refl\u00e8te uniquement le point de vue de son auteur et la Commission ne peut \u00eatre tenue responsable de toute utilisation qui pourrait \u00eatre faite des informations qui y sont contenues.<\/span><\/span><\/p>\n<p><span style=\"font-weight: 400;\">Projet N\u00b0:2022-1-RO01-KA220-SCH-000086884<\/span><\/p>\n<p>[\/et_pb_text][\/et_pb_column][et_pb_column type=\u00a0\u00bb1_3&Prime; _builder_version=\u00a0\u00bb4.20.0&Prime; _module_preset=\u00a0\u00bbdefault\u00a0\u00bb custom_padding=\u00a0\u00bb30px||30px||true|false\u00a0\u00bb custom_padding_tablet=\u00a0\u00bb0px||0px||true|false\u00a0\u00bb custom_padding_phone=\u00a0\u00bb0px||0px||true|false\u00a0\u00bb custom_padding_last_edited=\u00a0\u00bbon|phone\u00a0\u00bb global_colors_info=\u00a0\u00bb{}\u00a0\u00bb][et_pb_text _builder_version=\u00a0\u00bb4.20.4&Prime; _module_preset=\u00a0\u00bbd66abf77-cee8-41a0-a950-711cacee6424&Prime; header_text_align_tablet=\u00a0\u00bb\u00a0\u00bb header_text_align_phone=\u00a0\u00bb\u00a0\u00bb header_text_align_last_edited=\u00a0\u00bbon|phone\u00a0\u00bb header_font_size_tablet=\u00a0\u00bb\u00a0\u00bb header_font_size_phone=\u00a0\u00bb\u00a0\u00bb header_font_size_last_edited=\u00a0\u00bbon|phone\u00a0\u00bb text_orientation_tablet=\u00a0\u00bb\u00a0\u00bb text_orientation_phone=\u00a0\u00bbcenter\u00a0\u00bb text_orientation_last_edited=\u00a0\u00bbon|phone\u00a0\u00bb locked=\u00a0\u00bboff\u00a0\u00bb global_colors_info=\u00a0\u00bb{}\u00a0\u00bb]<\/p>\n<h5>Suivez-nous<\/h5>\n<p>[\/et_pb_text][et_pb_social_media_follow icon_color=\u00a0\u00bb#95AD33&Prime; use_icon_font_size=\u00a0\u00bbon\u00a0\u00bb icon_font_size=\u00a0\u00bb14px\u00a0\u00bb _builder_version=\u00a0\u00bb4.26.1&Prime; _module_preset=\u00a0\u00bbdefault\u00a0\u00bb text_orientation=\u00a0\u00bbleft\u00a0\u00bb text_orientation_tablet=\u00a0\u00bbcenter\u00a0\u00bb text_orientation_phone=\u00a0\u00bb\u00a0\u00bb text_orientation_last_edited=\u00a0\u00bbon|phone\u00a0\u00bb border_radii=\u00a0\u00bbon|100px|100px|100px|100px\u00a0\u00bb global_colors_info=\u00a0\u00bb{}\u00a0\u00bb][et_pb_social_media_follow_network social_network=\u00a0\u00bbfacebook\u00a0\u00bb url=\u00a0\u00bbhttps:\/\/www.facebook.com\/leafbiodiversity\u00a0\u00bb _builder_version=\u00a0\u00bb4.26.1&Prime; _module_preset=\u00a0\u00bbdefault\u00a0\u00bb background_color=\u00a0\u00bb#EFE8D7&Prime; background_enable_color=\u00a0\u00bbon\u00a0\u00bb custom_padding=\u00a0\u00bb4px|4px|4px|4px|true|true\u00a0\u00bb global_colors_info=\u00a0\u00bb{}\u00a0\u00bb follow_button=\u00a0\u00bboff\u00a0\u00bb url_new_window=\u00a0\u00bbon\u00a0\u00bb]facebook[\/et_pb_social_media_follow_network][et_pb_social_media_follow_network social_network=\u00a0\u00bbinstagram\u00a0\u00bb url=\u00a0\u00bbhttps:\/\/www.instagram.com\/leafbiodiversity\u00a0\u00bb _builder_version=\u00a0\u00bb4.26.1&Prime; _module_preset=\u00a0\u00bbdefault\u00a0\u00bb background_color=\u00a0\u00bb#EFE8D7&Prime; background_enable_color=\u00a0\u00bbon\u00a0\u00bb custom_padding=\u00a0\u00bb4px|4px|4px|4px|true|true\u00a0\u00bb global_colors_info=\u00a0\u00bb{%22gcid-cc1e7daa-e7a2-44d1-a6d4-86221a549f5c%22:%91%22background_color%22,%22background_color%22%93}\u00a0\u00bb follow_button=\u00a0\u00bboff\u00a0\u00bb url_new_window=\u00a0\u00bbon\u00a0\u00bb]instagram[\/et_pb_social_media_follow_network][\/et_pb_social_media_follow][\/et_pb_column][et_pb_column type=\u00a0\u00bb1_3&Prime; _builder_version=\u00a0\u00bb4.20.0&Prime; _module_preset=\u00a0\u00bbdefault\u00a0\u00bb custom_padding=\u00a0\u00bb30px||30px||true|false\u00a0\u00bb custom_padding_tablet=\u00a0\u00bb\u00a0\u00bb custom_padding_phone=\u00a0\u00bb0px||0px||true|false\u00a0\u00bb custom_padding_last_edited=\u00a0\u00bbon|phone\u00a0\u00bb global_colors_info=\u00a0\u00bb{}\u00a0\u00bb][et_pb_text _builder_version=\u00a0\u00bb4.20.4&Prime; _module_preset=\u00a0\u00bbd66abf77-cee8-41a0-a950-711cacee6424&Prime; header_5_font_size_tablet=\u00a0\u00bb\u00a0\u00bb header_5_font_size_phone=\u00a0\u00bb\u00a0\u00bb header_5_font_size_last_edited=\u00a0\u00bbon|phone\u00a0\u00bb locked=\u00a0\u00bboff\u00a0\u00bb global_colors_info=\u00a0\u00bb{}\u00a0\u00bb]<\/p>\n<h5>Contact<\/h5>\n<p>[\/et_pb_text][et_pb_blurb title=\u00a0\u00bbdaniela.melisch@cneminescu.ro\u00a0\u00bb url=\u00a0\u00bbmailto:daniela.melisch@cneminescu.ro\u00a0\u00bb use_icon=\u00a0\u00bbon\u00a0\u00bb font_icon=\u00a0\u00bb&#xe010;||divi||400&Prime; icon_color=\u00a0\u00bb#95AD33&Prime; image_icon_background_color=\u00a0\u00bb#EFE8D7&Prime; icon_placement=\u00a0\u00bbleft\u00a0\u00bb image_icon_width=\u00a0\u00bb20px\u00a0\u00bb _builder_version=\u00a0\u00bb4.26.1&Prime; _module_preset=\u00a0\u00bbdefault\u00a0\u00bb header_line_height=\u00a0\u00bb2em\u00a0\u00bb image_icon_custom_padding=\u00a0\u00bb8px|8px|8px|8px|true|true\u00a0\u00bb link_option_url=\u00a0\u00bbmailto:daniela.melisch@cneminescu.ro\u00a0\u00bb border_radii_image=\u00a0\u00bbon|33px|33px|33px|33px\u00a0\u00bb global_colors_info=\u00a0\u00bb{}\u00a0\u00bb][\/et_pb_blurb][\/et_pb_column][\/et_pb_row][et_pb_row column_structure=\u00a0\u00bb1_5,3_5,1_5&Prime; _builder_version=\u00a0\u00bb4.20.0&Prime; _module_preset=\u00a0\u00bbdefault\u00a0\u00bb border_color_all=\u00a0\u00bbrgba(94,94,78,0.2)\u00a0\u00bb border_width_top=\u00a0\u00bb1px\u00a0\u00bb global_colors_info=\u00a0\u00bb{}\u00a0\u00bb][et_pb_column type=\u00a0\u00bb1_5&Prime; _builder_version=\u00a0\u00bb4.20.0&Prime; _module_preset=\u00a0\u00bbdefault\u00a0\u00bb global_colors_info=\u00a0\u00bb{}\u00a0\u00bb][\/et_pb_column][et_pb_column type=\u00a0\u00bb3_5&Prime; _builder_version=\u00a0\u00bb4.20.0&Prime; _module_preset=\u00a0\u00bbdefault\u00a0\u00bb custom_padding=\u00a0\u00bb16px||||false|false\u00a0\u00bb custom_padding_tablet=\u00a0\u00bb0px||||false|false\u00a0\u00bb custom_padding_phone=\u00a0\u00bb\u00a0\u00bb custom_padding_last_edited=\u00a0\u00bbon|tablet\u00a0\u00bb global_colors_info=\u00a0\u00bb{}\u00a0\u00bb][et_pb_text _builder_version=\u00a0\u00bb4.20.4&Prime; _module_preset=\u00a0\u00bbdefault\u00a0\u00bb text_font=\u00a0\u00bb|700|||||||\u00a0\u00bb text_font_size=\u00a0\u00bb13px\u00a0\u00bb link_text_color=\u00a0\u00bb#95AD33&Prime; text_orientation=\u00a0\u00bbcenter\u00a0\u00bb global_colors_info=\u00a0\u00bb{}\u00a0\u00bb]<\/p>\n<p>Developed by <a href=\"https:\/\/ignis.hr\" target=\"_blank\" rel=\"noopener\">IGNIS<\/a><\/p>\n<p>[\/et_pb_text][\/et_pb_column][et_pb_column type=\u00a0\u00bb1_5&Prime; _builder_version=\u00a0\u00bb4.20.0&Prime; _module_preset=\u00a0\u00bbdefault\u00a0\u00bb custom_padding=\u00a0\u00bb6px||||false|false\u00a0\u00bb custom_padding_tablet=\u00a0\u00bb0px||||false|false\u00a0\u00bb custom_padding_phone=\u00a0\u00bb\u00a0\u00bb custom_padding_last_edited=\u00a0\u00bbon|tablet\u00a0\u00bb global_colors_info=\u00a0\u00bb{}\u00a0\u00bb][\/et_pb_column][\/et_pb_row][\/et_pb_section]<\/p>\n","protected":false},"excerpt":{"rendered":"<p>R\u00c9UNIONS DE PROJETS TRANSNATIONAUX (TPM) &nbsp; LES R\u00c9UNIONS TRANSNATIONALES DE PROJET (TPM) renforcent l&rsquo;efficacit\u00e9 de la coop\u00e9ration entre les partenaires, tandis que des r\u00e9unions de mise \u00e0 jour mensuelles en ligne sont pr\u00e9vues pour suivre l&rsquo;avancement du projet.1. R\u00e9union de lancement \u00e0 Biot (FR), organis\u00e9e par P6 \u2013 ENERGIES 2050 (in collaboration with P1 \u2013 [&hellip;]<\/p>\n","protected":false},"author":1,"featured_media":0,"parent":1608,"menu_order":0,"comment_status":"closed","ping_status":"closed","template":"","meta":{"_et_pb_use_builder":"on","_et_pb_old_content":"","_et_gb_content_width":"","footnotes":""},"class_list":["post-1611","page","type-page","status-publish","hentry"],"_links":{"self":[{"href":"https:\/\/leafbiodiversity.eu\/fr\/wp-json\/wp\/v2\/pages\/1611","targetHints":{"allow":["GET"]}}],"collection":[{"href":"https:\/\/leafbiodiversity.eu\/fr\/wp-json\/wp\/v2\/pages"}],"about":[{"href":"https:\/\/leafbiodiversity.eu\/fr\/wp-json\/wp\/v2\/types\/page"}],"author":[{"embeddable":true,"href":"https:\/\/leafbiodiversity.eu\/fr\/wp-json\/wp\/v2\/users\/1"}],"replies":[{"embeddable":true,"href":"https:\/\/leafbiodiversity.eu\/fr\/wp-json\/wp\/v2\/comments?post=1611"}],"version-history":[{"count":15,"href":"https:\/\/leafbiodiversity.eu\/fr\/wp-json\/wp\/v2\/pages\/1611\/revisions"}],"predecessor-version":[{"id":4982,"href":"https:\/\/leafbiodiversity.eu\/fr\/wp-json\/wp\/v2\/pages\/1611\/revisions\/4982"}],"up":[{"embeddable":true,"href":"https:\/\/leafbiodiversity.eu\/fr\/wp-json\/wp\/v2\/pages\/1608"}],"wp:attachment":[{"href":"https:\/\/leafbiodiversity.eu\/fr\/wp-json\/wp\/v2\/media?parent=1611"}],"curies":[{"name":"wp","href":"https:\/\/api.w.org\/{rel}","templated":true}]}}